{"id":31258,"date":"2025-02-27T16:15:07","date_gmt":"2025-02-27T16:15:07","guid":{"rendered":"https:\/\/animex.info\/?page_id=31258"},"modified":"2025-02-27T16:16:00","modified_gmt":"2025-02-27T16:16:00","slug":"limportance-de-la-sterilisation-chez-les-chiens-et-les-chats","status":"publish","type":"page","link":"https:\/\/animex.info\/en\/limportance-de-la-sterilisation-chez-les-chiens-et-les-chats\/","title":{"rendered":"The importance of sterilization in dogs and cats"},"content":{"rendered":"<div data-elementor-type=\"wp-page\" data-elementor-id=\"31258\" class=\"elementor elementor-31258\">\n\t\t\t\t\t\t<section class=\"elementor-section elementor-top-section elementor-element elementor-element-95c9c1f elementor-section-boxed elementor-section-height-default elementor-section-height-default\" data-id=\"95c9c1f\" data-element_type=\"section\">\n\t\t\t\t\t\t<div class=\"elementor-container elementor-column-gap-default\">\n\t\t\t\t\t<div class=\"elementor-column elementor-col-100 elementor-top-column elementor-element elementor-element-63582ae\" data-id=\"63582ae\" data-element_type=\"column\">\n\t\t\t<div class=\"elementor-widget-wrap elementor-element-populated\">\n\t\t\t\t\t\t<div class=\"elementor-element elementor-element-3695003 elementor-widget elementor-widget-text-editor\" data-id=\"3695003\" data-element_type=\"widget\" data-widget_type=\"text-editor.default\">\n\t\t\t\t<div class=\"elementor-widget-container\">\n\t\t\t\t\t\t\t\t\t<p><span style=\"font-weight: 400;\">The sterilization of dogs and cats is a crucial topic that impacts both animal well-being and the management of animal populations in our cities. At Animex, in Montreal, we firmly believe that sterilization is a responsible act that offers many benefits, both for animals and their owners.<\/span><\/p><p><span style=\"font-weight: 400;\">In fact, several municipalities, including the Island of Montreal, have made sterilization mandatory for all domestic dogs and cats, with some specific exemptions. In this article, we will discuss why this measure is essential and how it contributes to better coexistence between humans and animals.<\/span><\/p><h2><b>A solution to animal overpopulation<\/b><\/h2><p><span style=\"font-weight: 400;\">Every year, thousands of dogs and cats end up abandoned in shelters or wandering the streets. This situation is largely due to the uncontrolled reproduction of domestic animals. A pair of unsterilized cats can, in just a few years, produce hundreds of offspring, thus contributing to the feline overpopulation.<\/span><\/p><p><span style=\"font-weight: 400;\">Animal shelters are often overcrowded, and unfortunately, many animals must be euthanized due to insufficient resources to accommodate them. Sterilization is therefore a concrete solution to reduce the number of abandonments and euthanasias.<\/span><\/p><h2><b>Health benefits for animals<\/b><\/h2><p><span style=\"font-weight: 400;\">Beyond its impact on the animal population, sterilization offers major health benefits for dogs and cats:<\/span><\/p><ul><li style=\"font-weight: 400;\" aria-level=\"1\" class=\"translation-block\"><b>Prevention of diseases<\/b><span style=\"font-weight: 400\">: Sterilization significantly reduces the risk of certain cancers, including mammary tumors in females and testicular cancer in males.<\/span><\/li><li style=\"font-weight: 400;\" aria-level=\"1\" class=\"translation-block\"><b>More stable behavior<\/b><span style=\"font-weight: 400\">: Unsterilized animals often exhibit aggressive or territorial behavior, especially during heat cycles. They may also be more prone to running away in search of a mate.<\/span><\/li><li style=\"font-weight: 400;\" aria-level=\"1\"><b>Comportement plus stable<\/b><span style=\"font-weight: 400;\">: Les animaux non st\u00e9rilis\u00e9s ont souvent des comportements agressifs ou territoriaux, notamment pendant les p\u00e9riodes de chaleurs. Ils peuvent aussi \u00eatre plus enclins \u00e0 fuguer \u00e0 la recherche d&rsquo;un partenaire.<\/span><\/li><\/ul><h2><b>Une obligation l\u00e9gale dans plusieurs municipalit\u00e9s, dont Montr\u00e9al<\/b><\/h2><p class=\"translation-block\"><span style=\"font-weight: 400\">In response to these issues, several cities have adopted regulations requiring the sterilization of domestic animals. This is the case in <\/span><b>Montreal<\/b><span style=\"font-weight: 400\">, where the regulation mandates the sterilization of dogs and cats unless an exemption is granted (for example, for health reasons or for registered breeders).<\/span><\/p><p><span style=\"font-weight: 400;\">These laws aim to limit animal overpopulation and hold pet owners accountable. Failing to comply with this obligation can result in fines, in addition to the risks faced by the animal itself.<\/span><\/p><h2><b>Reduce undesirable behaviors<\/b><\/h2><p><span style=\"font-weight: 400;\">Unsterilized animals often exhibit behaviors that can cause problems for their owners and those around them:<\/span><\/p><ul><li style=\"font-weight: 400;\" aria-level=\"1\" class=\"translation-block\"><b>Aggression and running away<\/b><span style=\"font-weight: 400\">: Unsterilized animals may become more aggressive towards others and seek to run away to mate, which exposes them to dangers such as traffic or fights with other animals.<\/span><\/li><li style=\"font-weight: 400;\" aria-level=\"1\"><b>Agressivit\u00e9 et fugues<\/b><span style=\"font-weight: 400;\">: Les animaux non st\u00e9rilis\u00e9s peuvent devenir plus agressifs envers les autres et chercher \u00e0 s&rsquo;enfuir pour s\u2019accoupler, ce qui les expose \u00e0 des dangers comme la circulation routi\u00e8re ou les bagarres avec d&rsquo;autres animaux.<\/span><\/li><li style=\"font-weight: 400;\" aria-level=\"1\" class=\"translation-block\"><b>Excessive meowing and barking<\/b><span style=\"font-weight: 400\">: During heat cycles, females can become very noisy, which can cause disturbances for owners and their neighbors.<\/span><\/li><\/ul><h2><b>A reasonable cost compared to the benefits<\/b><\/h2><p><span style=\"font-weight: 400;\">Many people hesitate to have their pet sterilized due to the cost of the procedure. However, sterilization is a long-term investment that helps avoid higher veterinary expenses related to illnesses or complications (unplanned pregnancies, infections, cancers, injuries from running away, etc.).<\/span><\/p><h2><b>How does sterilization work?<\/b><\/h2><p><span style=\"font-weight: 400;\">Sterilization is a common surgical procedure performed under general anesthesia by a veterinarian.<\/span><\/p><ul><li style=\"font-weight: 400;\" aria-level=\"1\"><b>In males<\/b><span style=\"font-weight: 400;\">In females, sterilization involves removing the ovaries and usually the uterus, preventing reproduction and reducing hormonal behaviors.<\/span><\/li><li style=\"font-weight: 400;\" aria-level=\"1\"><b>In females<\/b><span style=\"font-weight: 400;\">, l&rsquo;op\u00e9ration consiste \u00e0 retirer les ovaires (ovariectomie) ou les ovaires et l&rsquo;ut\u00e9rus (ovariohyst\u00e9rectomie), \u00e9liminant ainsi les cycles de chaleurs et les risques de port\u00e9es non souhait\u00e9es.<\/span><\/li><\/ul><p><span style=\"font-weight: 400;\">Recovery is generally quick, and post-operative care is minimal. Most animals resume normal life after a few days of rest.<\/span><\/p><h2><b>A responsible and necessary act<\/b><\/h2><p class=\"translation-block\"><span style=\"font-weight: 400\">As a dog or cat owner, having your pet sterilized is a responsible choice that benefits both your companion and society as a whole. <\/span><b>At Animex, we strongly encourage this practice to ensure the well-being of animals and preserve the balance of our urban environment.<\/b><\/p><p><span style=\"font-weight: 400;\">If you would like more information, feel free to contact us. Let's work together to provide a better future for our four-legged companions!<\/span><\/p>\t\t\t\t\t\t\t\t<\/div>\n\t\t\t\t<\/div>\n\t\t\t\t\t<\/div>\n\t\t<\/div>\n\t\t\t\t\t<\/div>\n\t\t<\/section>\n\t\t\t\t<\/div>","protected":false},"excerpt":{"rendered":"<p>La st\u00e9rilisation des chiens et des chats est un sujet crucial qui touche autant le bien-\u00eatre animal que la gestion des populations animales dans nos villes. Chez Animex, \u00e0 Montr\u00e9al, nous croyons fermement que la st\u00e9rilisation est un acte responsable qui pr\u00e9sente de nombreux avantages, tant pour les animaux que pour leurs propri\u00e9taires. D&rsquo;ailleurs, plusieurs [&hellip;]<\/p>","protected":false},"author":1,"featured_media":0,"parent":0,"menu_order":0,"comment_status":"closed","ping_status":"closed","template":"","meta":{"footnotes":""},"class_list":["post-31258","page","type-page","status-publish","hentry"],"yoast_head":"<!-- This site is optimized with the Yoast SEO plugin v24.3 - https:\/\/yoast.com\/wordpress\/plugins\/seo\/ -->\n<title>L&#039;importance de la st\u00e9rilisation chez les chiens et les chats - Animex<\/title>\n<meta name=\"robots\" content=\"index, follow, max-snippet:-1, max-image-preview:large, max-video-preview:-1\" \/>\n<link rel=\"canonical\" href=\"https:\/\/animex.info\/en\/limportance-de-la-sterilisation-chez-les-chiens-et-les-chats\/\" \/>\n<meta property=\"og:locale\" content=\"en_US\" \/>\n<meta property=\"og:type\" content=\"article\" \/>\n<meta property=\"og:title\" content=\"L&#039;importance de la st\u00e9rilisation chez les chiens et les chats - Animex\" \/>\n<meta property=\"og:description\" content=\"La st\u00e9rilisation des chiens et des chats est un sujet crucial qui touche autant le bien-\u00eatre animal que la gestion des populations animales dans nos villes. Chez Animex, \u00e0 Montr\u00e9al, nous croyons fermement que la st\u00e9rilisation est un acte responsable qui pr\u00e9sente de nombreux avantages, tant pour les animaux que pour leurs propri\u00e9taires. D&rsquo;ailleurs, plusieurs [&hellip;]\" \/>\n<meta property=\"og:url\" content=\"https:\/\/animex.info\/en\/limportance-de-la-sterilisation-chez-les-chiens-et-les-chats\/\" \/>\n<meta property=\"og:site_name\" content=\"Animex\" \/>\n<meta property=\"article:modified_time\" content=\"2025-02-27T16:16:00+00:00\" \/>\n<meta name=\"twitter:card\" content=\"summary_large_image\" \/>\n<meta name=\"twitter:label1\" content=\"Est. reading time\" \/>\n\t<meta name=\"twitter:data1\" content=\"4 minutes\" \/>\n<script type=\"application\/ld+json\" class=\"yoast-schema-graph\">{\"@context\":\"https:\/\/schema.org\",\"@graph\":[{\"@type\":\"WebPage\",\"@id\":\"https:\/\/animex.info\/limportance-de-la-sterilisation-chez-les-chiens-et-les-chats\/\",\"url\":\"https:\/\/animex.info\/limportance-de-la-sterilisation-chez-les-chiens-et-les-chats\/\",\"name\":\"L'importance de la st\u00e9rilisation chez les chiens et les chats - Animex\",\"isPartOf\":{\"@id\":\"https:\/\/animex.info\/#website\"},\"datePublished\":\"2025-02-27T16:15:07+00:00\",\"dateModified\":\"2025-02-27T16:16:00+00:00\",\"breadcrumb\":{\"@id\":\"https:\/\/animex.info\/limportance-de-la-sterilisation-chez-les-chiens-et-les-chats\/#breadcrumb\"},\"inLanguage\":\"en-CA\",\"potentialAction\":[{\"@type\":\"ReadAction\",\"target\":[\"https:\/\/animex.info\/limportance-de-la-sterilisation-chez-les-chiens-et-les-chats\/\"]}]},{\"@type\":\"BreadcrumbList\",\"@id\":\"https:\/\/animex.info\/limportance-de-la-sterilisation-chez-les-chiens-et-les-chats\/#breadcrumb\",\"itemListElement\":[{\"@type\":\"ListItem\",\"position\":1,\"name\":\"Home\",\"item\":\"https:\/\/animex.info\/\"},{\"@type\":\"ListItem\",\"position\":2,\"name\":\"L&#8217;importance de la st\u00e9rilisation chez les chiens et les chats\"}]},{\"@type\":\"WebSite\",\"@id\":\"https:\/\/animex.info\/#website\",\"url\":\"https:\/\/animex.info\/\",\"name\":\"Animex\",\"description\":\"\",\"publisher\":{\"@id\":\"https:\/\/animex.info\/#organization\"},\"potentialAction\":[{\"@type\":\"SearchAction\",\"target\":{\"@type\":\"EntryPoint\",\"urlTemplate\":\"https:\/\/animex.info\/?s={search_term_string}\"},\"query-input\":{\"@type\":\"PropertyValueSpecification\",\"valueRequired\":true,\"valueName\":\"search_term_string\"}}],\"inLanguage\":\"en-CA\"},{\"@type\":\"Organization\",\"@id\":\"https:\/\/animex.info\/#organization\",\"name\":\"Animex\",\"url\":\"https:\/\/animex.info\/\",\"logo\":{\"@type\":\"ImageObject\",\"inLanguage\":\"en-CA\",\"@id\":\"https:\/\/animex.info\/#\/schema\/logo\/image\/\",\"url\":\"https:\/\/animex.info\/wp-content\/uploads\/2025\/01\/animex-logo-2025.png\",\"contentUrl\":\"https:\/\/animex.info\/wp-content\/uploads\/2025\/01\/animex-logo-2025.png\",\"width\":11607,\"height\":2512,\"caption\":\"Animex\"},\"image\":{\"@id\":\"https:\/\/animex.info\/#\/schema\/logo\/image\/\"}}]}<\/script>\n<!-- \/ Yoast SEO plugin. -->","yoast_head_json":{"title":"L'importance de la st\u00e9rilisation chez les chiens et les chats - Animex","robots":{"index":"index","follow":"follow","max-snippet":"max-snippet:-1","max-image-preview":"max-image-preview:large","max-video-preview":"max-video-preview:-1"},"canonical":"https:\/\/animex.info\/en\/limportance-de-la-sterilisation-chez-les-chiens-et-les-chats\/","og_locale":"en_US","og_type":"article","og_title":"L'importance de la st\u00e9rilisation chez les chiens et les chats - Animex","og_description":"La st\u00e9rilisation des chiens et des chats est un sujet crucial qui touche autant le bien-\u00eatre animal que la gestion des populations animales dans nos villes. Chez Animex, \u00e0 Montr\u00e9al, nous croyons fermement que la st\u00e9rilisation est un acte responsable qui pr\u00e9sente de nombreux avantages, tant pour les animaux que pour leurs propri\u00e9taires. D&rsquo;ailleurs, plusieurs [&hellip;]","og_url":"https:\/\/animex.info\/en\/limportance-de-la-sterilisation-chez-les-chiens-et-les-chats\/","og_site_name":"Animex","article_modified_time":"2025-02-27T16:16:00+00:00","twitter_card":"summary_large_image","twitter_misc":{"Est. reading time":"4 minutes"},"schema":{"@context":"https:\/\/schema.org","@graph":[{"@type":"WebPage","@id":"https:\/\/animex.info\/limportance-de-la-sterilisation-chez-les-chiens-et-les-chats\/","url":"https:\/\/animex.info\/limportance-de-la-sterilisation-chez-les-chiens-et-les-chats\/","name":"L'importance de la st\u00e9rilisation chez les chiens et les chats - Animex","isPartOf":{"@id":"https:\/\/animex.info\/#website"},"datePublished":"2025-02-27T16:15:07+00:00","dateModified":"2025-02-27T16:16:00+00:00","breadcrumb":{"@id":"https:\/\/animex.info\/limportance-de-la-sterilisation-chez-les-chiens-et-les-chats\/#breadcrumb"},"inLanguage":"en-CA","potentialAction":[{"@type":"ReadAction","target":["https:\/\/animex.info\/limportance-de-la-sterilisation-chez-les-chiens-et-les-chats\/"]}]},{"@type":"BreadcrumbList","@id":"https:\/\/animex.info\/limportance-de-la-sterilisation-chez-les-chiens-et-les-chats\/#breadcrumb","itemListElement":[{"@type":"ListItem","position":1,"name":"Home","item":"https:\/\/animex.info\/"},{"@type":"ListItem","position":2,"name":"L&#8217;importance de la st\u00e9rilisation chez les chiens et les chats"}]},{"@type":"WebSite","@id":"https:\/\/animex.info\/#website","url":"https:\/\/animex.info\/","name":"Animex","description":"","publisher":{"@id":"https:\/\/animex.info\/#organization"},"potentialAction":[{"@type":"SearchAction","target":{"@type":"EntryPoint","urlTemplate":"https:\/\/animex.info\/?s={search_term_string}"},"query-input":{"@type":"PropertyValueSpecification","valueRequired":true,"valueName":"search_term_string"}}],"inLanguage":"en-CA"},{"@type":"Organization","@id":"https:\/\/animex.info\/#organization","name":"Animex","url":"https:\/\/animex.info\/","logo":{"@type":"ImageObject","inLanguage":"en-CA","@id":"https:\/\/animex.info\/#\/schema\/logo\/image\/","url":"https:\/\/animex.info\/wp-content\/uploads\/2025\/01\/animex-logo-2025.png","contentUrl":"https:\/\/animex.info\/wp-content\/uploads\/2025\/01\/animex-logo-2025.png","width":11607,"height":2512,"caption":"Animex"},"image":{"@id":"https:\/\/animex.info\/#\/schema\/logo\/image\/"}}]}},"_links":{"self":[{"href":"https:\/\/animex.info\/en\/wp-json\/wp\/v2\/pages\/31258","targetHints":{"allow":["GET"]}}],"collection":[{"href":"https:\/\/animex.info\/en\/wp-json\/wp\/v2\/pages"}],"about":[{"href":"https:\/\/animex.info\/en\/wp-json\/wp\/v2\/types\/page"}],"author":[{"embeddable":true,"href":"https:\/\/animex.info\/en\/wp-json\/wp\/v2\/users\/1"}],"replies":[{"embeddable":true,"href":"https:\/\/animex.info\/en\/wp-json\/wp\/v2\/comments?post=31258"}],"version-history":[{"count":7,"href":"https:\/\/animex.info\/en\/wp-json\/wp\/v2\/pages\/31258\/revisions"}],"predecessor-version":[{"id":31265,"href":"https:\/\/animex.info\/en\/wp-json\/wp\/v2\/pages\/31258\/revisions\/31265"}],"wp:attachment":[{"href":"https:\/\/animex.info\/en\/wp-json\/wp\/v2\/media?parent=31258"}],"curies":[{"name":"wp","href":"https:\/\/api.w.org\/{rel}","templated":true}]}}