{"id":31240,"date":"2025-02-25T05:13:53","date_gmt":"2025-02-25T05:13:53","guid":{"rendered":"https:\/\/animex.info\/?page_id=31240"},"modified":"2025-02-25T05:16:24","modified_gmt":"2025-02-25T05:16:24","slug":"evenements","status":"publish","type":"page","link":"https:\/\/animex.info\/en\/evenements\/","title":{"rendered":"Events"},"content":{"rendered":"<div data-elementor-type=\"wp-page\" data-elementor-id=\"31240\" class=\"elementor elementor-31240\">\n\t\t\t\t\t\t<section class=\"elementor-section elementor-top-section elementor-element elementor-element-16913e9 elementor-section-content-bottom elementor-section-boxed elementor-section-height-default elementor-section-height-default\" data-id=\"16913e9\" data-element_type=\"section\" data-settings=\"{&quot;background_background&quot;:&quot;classic&quot;}\">\n\t\t\t\t\t\t\t<div class=\"elementor-background-overlay\"><\/div>\n\t\t\t\t\t\t\t<div class=\"elementor-container elementor-column-gap-custom\">\n\t\t\t\t\t<div class=\"elementor-column elementor-col-100 elementor-top-column elementor-element elementor-element-4dce781 elementor-invisible\" data-id=\"4dce781\" data-element_type=\"column\" data-settings=\"{&quot;animation&quot;:&quot;fadeIn&quot;}\">\n\t\t\t<div class=\"elementor-widget-wrap elementor-element-populated\">\n\t\t\t\t\t\t<div class=\"elementor-element elementor-element-cc77d15 elementor-widget elementor-widget-text-editor\" data-id=\"cc77d15\" data-element_type=\"widget\" data-widget_type=\"text-editor.default\">\n\t\t\t\t<div class=\"elementor-widget-container\">\n\t\t\t\t\t\t\t\t\t<p><b>Partner of major events\u00a0<\/b><\/p>\t\t\t\t\t\t\t\t<\/div>\n\t\t\t\t<\/div>\n\t\t\t\t<div class=\"elementor-element elementor-element-eaa282a elementor-widget elementor-widget-text-editor\" data-id=\"eaa282a\" data-element_type=\"widget\" data-widget_type=\"text-editor.default\">\n\t\t\t\t<div class=\"elementor-widget-container\">\n\t\t\t\t\t\t\t\t\t<p><span style=\"font-weight: 400;\">At Animex, we are proud to actively contribute to major events that highlight the animal world, health, and well-being, while strengthening our connections with the community. Throughout the year, we participate in key events such as the <\/span><b>Women's Expo<\/b><span style=\"font-weight: 400;\">The <\/span><b>National Pet Expo<\/b><span style=\"font-weight: 400;\">, and the conferences of the<\/span><b>AMVQ <\/b><span style=\"font-weight: 400;\">(Quebec Veterinary Medical Association), among others. <\/span><\/p>\t\t\t\t\t\t\t\t<\/div>\n\t\t\t\t<\/div>\n\t\t\t\t\t<\/div>\n\t\t<\/div>\n\t\t\t\t\t<\/div>\n\t\t<\/section>\n\t\t\t\t<section class=\"elementor-section elementor-top-section elementor-element elementor-element-8983bf2 elementor-section-boxed elementor-section-height-default elementor-section-height-default\" data-id=\"8983bf2\" data-element_type=\"section\" data-settings=\"{&quot;background_background&quot;:&quot;classic&quot;}\">\n\t\t\t\t\t\t\t<div class=\"elementor-background-overlay\"><\/div>\n\t\t\t\t\t\t\t<div class=\"elementor-container elementor-column-gap-default\">\n\t\t\t\t\t<div class=\"elementor-column elementor-col-100 elementor-top-column elementor-element elementor-element-207d481\" data-id=\"207d481\" data-element_type=\"column\" data-settings=\"{&quot;background_background&quot;:&quot;classic&quot;}\">\n\t\t\t<div class=\"elementor-widget-wrap elementor-element-populated\">\n\t\t\t\t\t\t<section class=\"elementor-section elementor-inner-section elementor-element elementor-element-bba63a2 elementor-section-full_width elementor-section-height-default elementor-section-height-default\" data-id=\"bba63a2\" data-element_type=\"section\">\n\t\t\t\t\t\t<div class=\"elementor-container elementor-column-gap-default\">\n\t\t\t\t\t<div class=\"elementor-column elementor-col-50 elementor-inner-column elementor-element elementor-element-42583bb elementor-invisible\" data-id=\"42583bb\" data-element_type=\"column\" data-settings=\"{&quot;animation&quot;:&quot;fadeIn&quot;}\">\n\t\t\t<div class=\"elementor-widget-wrap elementor-element-populated\">\n\t\t\t\t\t\t<div class=\"elementor-element elementor-element-9291f13 elementor-widget__width-initial elementor-widget elementor-widget-text-editor\" data-id=\"9291f13\" data-element_type=\"widget\" data-widget_type=\"text-editor.default\">\n\t\t\t\t<div class=\"elementor-widget-container\">\n\t\t\t\t\t\t\t\t\t<div class=\"elementor-element elementor-element-7bc020f elementor-widget elementor-widget-text-editor\" data-id=\"7bc020f\" data-element_type=\"widget\" data-widget_type=\"text-editor.default\"><p><span style=\"font-weight: 400;\">At Animex, we are proud to actively contribute to major events that highlight the animal world, health, and well-being, while strengthening our connections with the community. Throughout the year, we participate in key events such as the\u00a0<\/span><\/p><\/div>\t\t\t\t\t\t\t\t<\/div>\n\t\t\t\t<\/div>\n\t\t\t\t<div class=\"elementor-element elementor-element-9fb9a86 elementor-widget elementor-widget-image\" data-id=\"9fb9a86\" data-element_type=\"widget\" data-widget_type=\"image.default\">\n\t\t\t\t<div class=\"elementor-widget-container\">\n\t\t\t\t\t\t\t\t\t\t\t\t\t\t\t<img fetchpriority=\"high\" decoding=\"async\" width=\"1199\" height=\"1199\" src=\"https:\/\/animex.info\/wp-content\/uploads\/2025\/02\/Evenements2-2000x2000.jpg\" class=\"attachment-large size-large wp-image-31243\" alt=\"\" srcset=\"https:\/\/animex.info\/wp-content\/uploads\/2025\/02\/Evenements2-2000x2000.jpg 2000w, https:\/\/animex.info\/wp-content\/uploads\/2025\/02\/Evenements2-300x300.jpg 300w, https:\/\/animex.info\/wp-content\/uploads\/2025\/02\/Evenements2-150x150.jpg 150w, https:\/\/animex.info\/wp-content\/uploads\/2025\/02\/Evenements2-768x768.jpg 768w, https:\/\/animex.info\/wp-content\/uploads\/2025\/02\/Evenements2-1536x1536.jpg 1536w, https:\/\/animex.info\/wp-content\/uploads\/2025\/02\/Evenements2-2048x2048.jpg 2048w\" sizes=\"(max-width: 1199px) 100vw, 1199px\" \/>\t\t\t\t\t\t\t\t\t\t\t\t\t\t\t<\/div>\n\t\t\t\t<\/div>\n\t\t\t\t\t<\/div>\n\t\t<\/div>\n\t\t\t\t<div class=\"elementor-column elementor-col-50 elementor-inner-column elementor-element elementor-element-915a026 elementor-invisible\" data-id=\"915a026\" data-element_type=\"column\" data-settings=\"{&quot;background_background&quot;:&quot;classic&quot;,&quot;animation&quot;:&quot;fadeIn&quot;,&quot;animation_delay&quot;:200}\">\n\t\t\t<div class=\"elementor-widget-wrap elementor-element-populated\">\n\t\t\t\t\t\t<div class=\"elementor-element elementor-element-35094c7 elementor-widget elementor-widget-image\" data-id=\"35094c7\" data-element_type=\"widget\" data-widget_type=\"image.default\">\n\t\t\t\t<div class=\"elementor-widget-container\">\n\t\t\t\t\t\t\t\t\t\t\t\t\t\t\t<img decoding=\"async\" width=\"1199\" height=\"1384\" src=\"https:\/\/animex.info\/wp-content\/uploads\/2025\/02\/Evenements1.jpg\" class=\"attachment-large size-large wp-image-31242\" alt=\"\" srcset=\"https:\/\/animex.info\/wp-content\/uploads\/2025\/02\/Evenements1.jpg 1289w, https:\/\/animex.info\/wp-content\/uploads\/2025\/02\/Evenements1-260x300.jpg 260w, https:\/\/animex.info\/wp-content\/uploads\/2025\/02\/Evenements1-768x887.jpg 768w\" sizes=\"(max-width: 1199px) 100vw, 1199px\" \/>\t\t\t\t\t\t\t\t\t\t\t\t\t\t\t<\/div>\n\t\t\t\t<\/div>\n\t\t\t\t<div class=\"elementor-element elementor-element-2f000cb elementor-widget elementor-widget-text-editor\" data-id=\"2f000cb\" data-element_type=\"widget\" data-widget_type=\"text-editor.default\">\n\t\t\t\t<div class=\"elementor-widget-container\">\n\t\t\t\t\t\t\t\t\t<p><span style=\"font-weight: 400;\">We firmly believe in the importance of these gatherings to promote animal health and well-being while strengthening collaboration among industry stakeholders. It is always a pleasure to meet you there and have discussions with you.\u00a0<\/span><\/p><p><span style=\"font-weight: 400;\">Stay tuned for our announcements to find out where to meet us at the next event!<\/span><\/p>\t\t\t\t\t\t\t\t<\/div>\n\t\t\t\t<\/div>\n\t\t\t\t<div class=\"elementor-element elementor-element-1079912 elementor-widget__width-initial elementor-absolute elementor-widget elementor-widget-image\" data-id=\"1079912\" data-element_type=\"widget\" data-settings=\"{&quot;_position&quot;:&quot;absolute&quot;}\" data-widget_type=\"image.default\">\n\t\t\t\t<div class=\"elementor-widget-container\">\n\t\t\t\t\t\t\t\t\t\t\t\t\t\t\t<img decoding=\"async\" width=\"271\" height=\"271\" src=\"https:\/\/animex.info\/wp-content\/uploads\/2024\/03\/53gb.png\" class=\"attachment-large size-large wp-image-29917\" alt=\"\" srcset=\"https:\/\/animex.info\/wp-content\/uploads\/2024\/03\/53gb.png 271w, https:\/\/animex.info\/wp-content\/uploads\/2024\/03\/53gb-150x150.png 150w\" sizes=\"(max-width: 271px) 100vw, 271px\" \/>\t\t\t\t\t\t\t\t\t\t\t\t\t\t\t<\/div>\n\t\t\t\t<\/div>\n\t\t\t\t\t<\/div>\n\t\t<\/div>\n\t\t\t\t\t<\/div>\n\t\t<\/section>\n\t\t\t\t\t<\/div>\n\t\t<\/div>\n\t\t\t\t\t<\/div>\n\t\t<\/section>\n\t\t\t\t<section class=\"elementor-section elementor-top-section elementor-element elementor-element-678263f elementor-section-boxed elementor-section-height-default elementor-section-height-default\" data-id=\"678263f\" data-element_type=\"section\" data-settings=\"{&quot;background_background&quot;:&quot;classic&quot;}\">\n\t\t\t\t\t\t<div class=\"elementor-container elementor-column-gap-default\">\n\t\t\t\t\t<div class=\"elementor-column elementor-col-100 elementor-top-column elementor-element elementor-element-b699acd\" data-id=\"b699acd\" data-element_type=\"column\">\n\t\t\t<div class=\"elementor-widget-wrap elementor-element-populated\">\n\t\t\t\t\t\t<div class=\"elementor-element elementor-element-da1e0ec elementor-widget elementor-widget-image\" data-id=\"da1e0ec\" data-element_type=\"widget\" data-widget_type=\"image.default\">\n\t\t\t\t<div class=\"elementor-widget-container\">\n\t\t\t\t\t\t\t\t\t\t\t\t\t\t\t<img loading=\"lazy\" decoding=\"async\" width=\"1199\" height=\"899\" src=\"https:\/\/animex.info\/wp-content\/uploads\/2025\/02\/Evenements3-1.jpg\" class=\"attachment-large size-large wp-image-31245\" alt=\"\" srcset=\"https:\/\/animex.info\/wp-content\/uploads\/2025\/02\/Evenements3-1.jpg 2000w, https:\/\/animex.info\/wp-content\/uploads\/2025\/02\/Evenements3-1-300x225.jpg 300w, https:\/\/animex.info\/wp-content\/uploads\/2025\/02\/Evenements3-1-768x576.jpg 768w, https:\/\/animex.info\/wp-content\/uploads\/2025\/02\/Evenements3-1-1536x1152.jpg 1536w\" sizes=\"(max-width: 1199px) 100vw, 1199px\" \/>\t\t\t\t\t\t\t\t\t\t\t\t\t\t\t<\/div>\n\t\t\t\t<\/div>\n\t\t\t\t\t<\/div>\n\t\t<\/div>\n\t\t\t\t\t<\/div>\n\t\t<\/section>\n\t\t\t\t<\/div>","protected":false},"excerpt":{"rendered":"<p>Partenaire des grands \u00e9v\u00e9nements\u00a0 Chez Animex, nous sommes fiers de contribuer activement \u00e0 des \u00e9v\u00e9nements majeurs qui\u00a0 mettent en valeur le monde animalier, la sant\u00e9, et le bien-\u00eatre, tout en renfor\u00e7ant nos liens avec\u00a0 la communaut\u00e9. Tout au long de l&rsquo;ann\u00e9e, nous participons \u00e0 des rendez-vous incontournables\u00a0 tels que le Salon de la femme, le [&hellip;]<\/p>","protected":false},"author":1,"featured_media":0,"parent":0,"menu_order":0,"comment_status":"closed","ping_status":"closed","template":"page-templates\/template-full-width-page-without-header-title.php","meta":{"footnotes":""},"class_list":["post-31240","page","type-page","status-publish","hentry"],"yoast_head":"<!-- This site is optimized with the Yoast SEO plugin v24.3 - https:\/\/yoast.com\/wordpress\/plugins\/seo\/ -->\n<title>Pension \u00e0 domicile pour animaux | Garde s\u00e9curis\u00e9e - Animex<\/title>\n<meta name=\"description\" content=\"Confiez vos animaux \u00e0 Animex pour une pension \u00e0 domicile. Soins sp\u00e9cialis\u00e9s, confort et s\u00e9r\u00e9nit\u00e9 assur\u00e9s par des techniciennes qualifi\u00e9es.\" \/>\n<meta name=\"robots\" content=\"index, follow, max-snippet:-1, max-image-preview:large, max-video-preview:-1\" \/>\n<link rel=\"canonical\" href=\"https:\/\/animex.info\/en\/evenements\/\" \/>\n<meta property=\"og:locale\" content=\"en_US\" \/>\n<meta property=\"og:type\" content=\"article\" \/>\n<meta property=\"og:title\" content=\"Pension \u00e0 domicile pour animaux | Garde s\u00e9curis\u00e9e - Animex\" \/>\n<meta property=\"og:description\" content=\"Confiez vos animaux \u00e0 Animex pour une pension \u00e0 domicile. Soins sp\u00e9cialis\u00e9s, confort et s\u00e9r\u00e9nit\u00e9 assur\u00e9s par des techniciennes qualifi\u00e9es.\" \/>\n<meta property=\"og:url\" content=\"https:\/\/animex.info\/en\/evenements\/\" \/>\n<meta property=\"og:site_name\" content=\"Animex\" \/>\n<meta property=\"article:modified_time\" content=\"2025-02-25T05:16:24+00:00\" \/>\n<meta property=\"og:image\" content=\"https:\/\/animex.info\/wp-content\/uploads\/2025\/02\/Evenements2-scaled.jpg\" \/>\n\t<meta property=\"og:image:width\" content=\"2560\" \/>\n\t<meta property=\"og:image:height\" content=\"2560\" \/>\n\t<meta property=\"og:image:type\" content=\"image\/jpeg\" \/>\n<meta name=\"twitter:card\" content=\"summary_large_image\" \/>\n<meta name=\"twitter:label1\" content=\"Est. reading time\" \/>\n\t<meta name=\"twitter:data1\" content=\"4 minutes\" \/>\n<script type=\"application\/ld+json\" class=\"yoast-schema-graph\">{\"@context\":\"https:\/\/schema.org\",\"@graph\":[{\"@type\":\"WebPage\",\"@id\":\"https:\/\/animex.info\/evenements\/\",\"url\":\"https:\/\/animex.info\/evenements\/\",\"name\":\"Pension \u00e0 domicile pour animaux | Garde s\u00e9curis\u00e9e - Animex\",\"isPartOf\":{\"@id\":\"https:\/\/animex.info\/#website\"},\"primaryImageOfPage\":{\"@id\":\"https:\/\/animex.info\/evenements\/#primaryimage\"},\"image\":{\"@id\":\"https:\/\/animex.info\/evenements\/#primaryimage\"},\"thumbnailUrl\":\"https:\/\/animex.info\/wp-content\/uploads\/2025\/02\/Evenements2-2000x2000.jpg\",\"datePublished\":\"2025-02-25T05:13:53+00:00\",\"dateModified\":\"2025-02-25T05:16:24+00:00\",\"description\":\"Confiez vos animaux \u00e0 Animex pour une pension \u00e0 domicile. Soins sp\u00e9cialis\u00e9s, confort et s\u00e9r\u00e9nit\u00e9 assur\u00e9s par des techniciennes qualifi\u00e9es.\",\"breadcrumb\":{\"@id\":\"https:\/\/animex.info\/evenements\/#breadcrumb\"},\"inLanguage\":\"en-CA\",\"potentialAction\":[{\"@type\":\"ReadAction\",\"target\":[\"https:\/\/animex.info\/evenements\/\"]}]},{\"@type\":\"ImageObject\",\"inLanguage\":\"en-CA\",\"@id\":\"https:\/\/animex.info\/evenements\/#primaryimage\",\"url\":\"https:\/\/animex.info\/wp-content\/uploads\/2025\/02\/Evenements2-2000x2000.jpg\",\"contentUrl\":\"https:\/\/animex.info\/wp-content\/uploads\/2025\/02\/Evenements2-2000x2000.jpg\"},{\"@type\":\"BreadcrumbList\",\"@id\":\"https:\/\/animex.info\/evenements\/#breadcrumb\",\"itemListElement\":[{\"@type\":\"ListItem\",\"position\":1,\"name\":\"Home\",\"item\":\"https:\/\/animex.info\/\"},{\"@type\":\"ListItem\",\"position\":2,\"name\":\"\u00c9v\u00e9nements\"}]},{\"@type\":\"WebSite\",\"@id\":\"https:\/\/animex.info\/#website\",\"url\":\"https:\/\/animex.info\/\",\"name\":\"Animex\",\"description\":\"\",\"publisher\":{\"@id\":\"https:\/\/animex.info\/#organization\"},\"potentialAction\":[{\"@type\":\"SearchAction\",\"target\":{\"@type\":\"EntryPoint\",\"urlTemplate\":\"https:\/\/animex.info\/?s={search_term_string}\"},\"query-input\":{\"@type\":\"PropertyValueSpecification\",\"valueRequired\":true,\"valueName\":\"search_term_string\"}}],\"inLanguage\":\"en-CA\"},{\"@type\":\"Organization\",\"@id\":\"https:\/\/animex.info\/#organization\",\"name\":\"Animex\",\"url\":\"https:\/\/animex.info\/\",\"logo\":{\"@type\":\"ImageObject\",\"inLanguage\":\"en-CA\",\"@id\":\"https:\/\/animex.info\/#\/schema\/logo\/image\/\",\"url\":\"https:\/\/animex.info\/wp-content\/uploads\/2025\/01\/animex-logo-2025.png\",\"contentUrl\":\"https:\/\/animex.info\/wp-content\/uploads\/2025\/01\/animex-logo-2025.png\",\"width\":11607,\"height\":2512,\"caption\":\"Animex\"},\"image\":{\"@id\":\"https:\/\/animex.info\/#\/schema\/logo\/image\/\"}}]}<\/script>\n<!-- \/ Yoast SEO plugin. -->","yoast_head_json":{"title":"Pension \u00e0 domicile pour animaux | Garde s\u00e9curis\u00e9e - Animex","description":"Confiez vos animaux \u00e0 Animex pour une pension \u00e0 domicile. Soins sp\u00e9cialis\u00e9s, confort et s\u00e9r\u00e9nit\u00e9 assur\u00e9s par des techniciennes qualifi\u00e9es.","robots":{"index":"index","follow":"follow","max-snippet":"max-snippet:-1","max-image-preview":"max-image-preview:large","max-video-preview":"max-video-preview:-1"},"canonical":"https:\/\/animex.info\/en\/evenements\/","og_locale":"en_US","og_type":"article","og_title":"Pension \u00e0 domicile pour animaux | Garde s\u00e9curis\u00e9e - Animex","og_description":"Confiez vos animaux \u00e0 Animex pour une pension \u00e0 domicile. Soins sp\u00e9cialis\u00e9s, confort et s\u00e9r\u00e9nit\u00e9 assur\u00e9s par des techniciennes qualifi\u00e9es.","og_url":"https:\/\/animex.info\/en\/evenements\/","og_site_name":"Animex","article_modified_time":"2025-02-25T05:16:24+00:00","og_image":[{"width":2560,"height":2560,"url":"https:\/\/animex.info\/wp-content\/uploads\/2025\/02\/Evenements2-scaled.jpg","type":"image\/jpeg"}],"twitter_card":"summary_large_image","twitter_misc":{"Est. reading time":"4 minutes"},"schema":{"@context":"https:\/\/schema.org","@graph":[{"@type":"WebPage","@id":"https:\/\/animex.info\/evenements\/","url":"https:\/\/animex.info\/evenements\/","name":"Pension \u00e0 domicile pour animaux | Garde s\u00e9curis\u00e9e - Animex","isPartOf":{"@id":"https:\/\/animex.info\/#website"},"primaryImageOfPage":{"@id":"https:\/\/animex.info\/evenements\/#primaryimage"},"image":{"@id":"https:\/\/animex.info\/evenements\/#primaryimage"},"thumbnailUrl":"https:\/\/animex.info\/wp-content\/uploads\/2025\/02\/Evenements2-2000x2000.jpg","datePublished":"2025-02-25T05:13:53+00:00","dateModified":"2025-02-25T05:16:24+00:00","description":"Confiez vos animaux \u00e0 Animex pour une pension \u00e0 domicile. Soins sp\u00e9cialis\u00e9s, confort et s\u00e9r\u00e9nit\u00e9 assur\u00e9s par des techniciennes qualifi\u00e9es.","breadcrumb":{"@id":"https:\/\/animex.info\/evenements\/#breadcrumb"},"inLanguage":"en-CA","potentialAction":[{"@type":"ReadAction","target":["https:\/\/animex.info\/evenements\/"]}]},{"@type":"ImageObject","inLanguage":"en-CA","@id":"https:\/\/animex.info\/evenements\/#primaryimage","url":"https:\/\/animex.info\/wp-content\/uploads\/2025\/02\/Evenements2-2000x2000.jpg","contentUrl":"https:\/\/animex.info\/wp-content\/uploads\/2025\/02\/Evenements2-2000x2000.jpg"},{"@type":"BreadcrumbList","@id":"https:\/\/animex.info\/evenements\/#breadcrumb","itemListElement":[{"@type":"ListItem","position":1,"name":"Home","item":"https:\/\/animex.info\/"},{"@type":"ListItem","position":2,"name":"\u00c9v\u00e9nements"}]},{"@type":"WebSite","@id":"https:\/\/animex.info\/#website","url":"https:\/\/animex.info\/","name":"Animex","description":"","publisher":{"@id":"https:\/\/animex.info\/#organization"},"potentialAction":[{"@type":"SearchAction","target":{"@type":"EntryPoint","urlTemplate":"https:\/\/animex.info\/?s={search_term_string}"},"query-input":{"@type":"PropertyValueSpecification","valueRequired":true,"valueName":"search_term_string"}}],"inLanguage":"en-CA"},{"@type":"Organization","@id":"https:\/\/animex.info\/#organization","name":"Animex","url":"https:\/\/animex.info\/","logo":{"@type":"ImageObject","inLanguage":"en-CA","@id":"https:\/\/animex.info\/#\/schema\/logo\/image\/","url":"https:\/\/animex.info\/wp-content\/uploads\/2025\/01\/animex-logo-2025.png","contentUrl":"https:\/\/animex.info\/wp-content\/uploads\/2025\/01\/animex-logo-2025.png","width":11607,"height":2512,"caption":"Animex"},"image":{"@id":"https:\/\/animex.info\/#\/schema\/logo\/image\/"}}]}},"_links":{"self":[{"href":"https:\/\/animex.info\/en\/wp-json\/wp\/v2\/pages\/31240","targetHints":{"allow":["GET"]}}],"collection":[{"href":"https:\/\/animex.info\/en\/wp-json\/wp\/v2\/pages"}],"about":[{"href":"https:\/\/animex.info\/en\/wp-json\/wp\/v2\/types\/page"}],"author":[{"embeddable":true,"href":"https:\/\/animex.info\/en\/wp-json\/wp\/v2\/users\/1"}],"replies":[{"embeddable":true,"href":"https:\/\/animex.info\/en\/wp-json\/wp\/v2\/comments?post=31240"}],"version-history":[{"count":4,"href":"https:\/\/animex.info\/en\/wp-json\/wp\/v2\/pages\/31240\/revisions"}],"predecessor-version":[{"id":31248,"href":"https:\/\/animex.info\/en\/wp-json\/wp\/v2\/pages\/31240\/revisions\/31248"}],"wp:attachment":[{"href":"https:\/\/animex.info\/en\/wp-json\/wp\/v2\/media?parent=31240"}],"curies":[{"name":"wp","href":"https:\/\/api.w.org\/{rel}","templated":true}]}}