{"id":31227,"date":"2025-02-25T05:04:28","date_gmt":"2025-02-25T05:04:28","guid":{"rendered":"https:\/\/animex.info\/?page_id=31227"},"modified":"2025-02-25T05:10:48","modified_gmt":"2025-02-25T05:10:48","slug":"aide-technicienne-en-sante-animale","status":"publish","type":"page","link":"https:\/\/animex.info\/en\/aide-technicienne-en-sante-animale\/","title":{"rendered":"Veterinary Assistant"},"content":{"rendered":"<div data-elementor-type=\"wp-page\" data-elementor-id=\"31227\" class=\"elementor elementor-31227\">\n\t\t\t\t\t\t<section class=\"elementor-section elementor-top-section elementor-element elementor-element-16913e9 elementor-section-content-bottom elementor-section-boxed elementor-section-height-default elementor-section-height-default\" data-id=\"16913e9\" data-element_type=\"section\" data-settings=\"{&quot;background_background&quot;:&quot;classic&quot;}\">\n\t\t\t\t\t\t\t<div class=\"elementor-background-overlay\"><\/div>\n\t\t\t\t\t\t\t<div class=\"elementor-container elementor-column-gap-custom\">\n\t\t\t\t\t<div class=\"elementor-column elementor-col-100 elementor-top-column elementor-element elementor-element-4dce781 elementor-invisible\" data-id=\"4dce781\" data-element_type=\"column\" data-settings=\"{&quot;animation&quot;:&quot;fadeIn&quot;}\">\n\t\t\t<div class=\"elementor-widget-wrap elementor-element-populated\">\n\t\t\t\t\t\t<div class=\"elementor-element elementor-element-cc77d15 elementor-widget elementor-widget-text-editor\" data-id=\"cc77d15\" data-element_type=\"widget\" data-widget_type=\"text-editor.default\">\n\t\t\t\t<div class=\"elementor-widget-container\">\n\t\t\t\t\t\t\t\t\t<p><b>Veterinary Assistant<\/b><\/p>\t\t\t\t\t\t\t\t<\/div>\n\t\t\t\t<\/div>\n\t\t\t\t<div class=\"elementor-element elementor-element-eaa282a elementor-widget elementor-widget-text-editor\" data-id=\"eaa282a\" data-element_type=\"widget\" data-widget_type=\"text-editor.default\">\n\t\t\t\t<div class=\"elementor-widget-container\">\n\t\t\t\t\t\t\t\t\t<p><span style=\"font-weight: 400;\">The veterinary assistant is a professional who supports animal health technicians and veterinarians in their tasks by performing essential duties to ensure the comfort and health of animals. In our team, our veterinary assistants play a crucial role, especially during home visits, where they provide attentive service tailored to the needs of the animals and their owners.\u00a0<\/span><\/p>\t\t\t\t\t\t\t\t<\/div>\n\t\t\t\t<\/div>\n\t\t\t\t\t<\/div>\n\t\t<\/div>\n\t\t\t\t\t<\/div>\n\t\t<\/section>\n\t\t\t\t<section class=\"elementor-section elementor-top-section elementor-element elementor-element-8983bf2 elementor-section-boxed elementor-section-height-default elementor-section-height-default\" data-id=\"8983bf2\" data-element_type=\"section\" data-settings=\"{&quot;background_background&quot;:&quot;classic&quot;}\">\n\t\t\t\t\t\t\t<div class=\"elementor-background-overlay\"><\/div>\n\t\t\t\t\t\t\t<div class=\"elementor-container elementor-column-gap-default\">\n\t\t\t\t\t<div class=\"elementor-column elementor-col-100 elementor-top-column elementor-element elementor-element-207d481\" data-id=\"207d481\" data-element_type=\"column\" data-settings=\"{&quot;background_background&quot;:&quot;classic&quot;}\">\n\t\t\t<div class=\"elementor-widget-wrap elementor-element-populated\">\n\t\t\t\t\t\t<section class=\"elementor-section elementor-inner-section elementor-element elementor-element-bba63a2 elementor-section-full_width elementor-section-height-default elementor-section-height-default\" data-id=\"bba63a2\" data-element_type=\"section\">\n\t\t\t\t\t\t<div class=\"elementor-container elementor-column-gap-default\">\n\t\t\t\t\t<div class=\"elementor-column elementor-col-50 elementor-inner-column elementor-element elementor-element-42583bb elementor-invisible\" data-id=\"42583bb\" data-element_type=\"column\" data-settings=\"{&quot;animation&quot;:&quot;fadeIn&quot;}\">\n\t\t\t<div class=\"elementor-widget-wrap elementor-element-populated\">\n\t\t\t\t\t\t<div class=\"elementor-element elementor-element-9291f13 elementor-widget__width-initial elementor-widget elementor-widget-text-editor\" data-id=\"9291f13\" data-element_type=\"widget\" data-widget_type=\"text-editor.default\">\n\t\t\t\t<div class=\"elementor-widget-container\">\n\t\t\t\t\t\t\t\t\t<div class=\"elementor-element elementor-element-7bc020f elementor-widget elementor-widget-text-editor\" data-id=\"7bc020f\" data-element_type=\"widget\" data-widget_type=\"text-editor.default\"><p><b>Role and responsibilities\u00a0<\/b><\/p><p><b>1- Basic animal care <\/b><span style=\"font-weight: 400;\">:\u00a0<\/span><\/p><p><span style=\"font-weight: 400;\">\u2013 Assist technicians in routine care such as ear cleaning, nail trimming, or administering simple treatments.\u00a0<\/span><\/p><p><span style=\"font-weight: 400;\">\u2013 Assist technicians in routine care such as ear cleaning, nail trimming, or administering simple treatments.\u00a0 <\/span><\/p><p><strong>2-<\/strong><b>Preparation and follow-up <\/b><span style=\"font-weight: 400;\">:\u00a0<\/span><\/p><p><span style=\"font-weight: 400;\">\u2013 Prepare the necessary equipment for home visits (medications, care tools, etc.)\n<p>\u2013 Clean and disinfect the equipment after each intervention to ensure impeccable hygiene.\u00a0<\/span><\/p><p><b>3- Logistical support <\/b><span style=\"font-weight: 400;\">:\u00a0<\/span><\/p><p><span style=\"font-weight: 400;\">\u2013 Organize transportation to optimize home visits\u00a0<\/span><\/p><p><span style=\"font-weight: 400;\">\u2013 Manage the supply of care products and materials necessary for interventions\u00a0<\/span><\/p><p><b>4- Safe and appropriate restraint <\/b><span style=\"font-weight: 400;\">:\u00a0<\/span><\/p><p><span style=\"font-weight: 400;\">\u2013 Master gentle restraint techniques to safely immobilize animals while minimizing their stress.\u00a0<\/span><\/p><p><span style=\"font-weight: 400;\">\u2013 Adapt handling methods based on the species, size, and behavior of the animal.\u00a0<\/span><\/p><p><b>5- Relationship with owners <\/b><span style=\"font-weight: 400;\">:\u00a0<\/span><\/p><p><span style=\"font-weight: 400;\">\u2013 Explain the care provided and offer simple advice for the well-being of the animals\n<p>\u2013 Observe the behavior of animals in their environment and relay important information to the veterinary team\u00a0<\/span><\/p><\/div>\t\t\t\t\t\t\t\t<\/div>\n\t\t\t\t<\/div>\n\t\t\t\t<div class=\"elementor-element elementor-element-9fb9a86 elementor-widget elementor-widget-image\" data-id=\"9fb9a86\" data-element_type=\"widget\" data-widget_type=\"image.default\">\n\t\t\t\t<div class=\"elementor-widget-container\">\n\t\t\t\t\t\t\t\t\t\t\t\t\t\t\t<img fetchpriority=\"high\" decoding=\"async\" width=\"1199\" height=\"1430\" src=\"https:\/\/animex.info\/wp-content\/uploads\/2025\/02\/AideTech2.jpg\" class=\"attachment-large size-large wp-image-31230\" alt=\"\" srcset=\"https:\/\/animex.info\/wp-content\/uploads\/2025\/02\/AideTech2.jpg 1290w, https:\/\/animex.info\/wp-content\/uploads\/2025\/02\/AideTech2-251x300.jpg 251w, https:\/\/animex.info\/wp-content\/uploads\/2025\/02\/AideTech2-768x916.jpg 768w, https:\/\/animex.info\/wp-content\/uploads\/2025\/02\/AideTech2-1287x1536.jpg 1287w\" sizes=\"(max-width: 1199px) 100vw, 1199px\" \/>\t\t\t\t\t\t\t\t\t\t\t\t\t\t\t<\/div>\n\t\t\t\t<\/div>\n\t\t\t\t\t<\/div>\n\t\t<\/div>\n\t\t\t\t<div class=\"elementor-column elementor-col-50 elementor-inner-column elementor-element elementor-element-915a026 elementor-invisible\" data-id=\"915a026\" data-element_type=\"column\" data-settings=\"{&quot;background_background&quot;:&quot;classic&quot;,&quot;animation&quot;:&quot;fadeIn&quot;,&quot;animation_delay&quot;:200}\">\n\t\t\t<div class=\"elementor-widget-wrap elementor-element-populated\">\n\t\t\t\t\t\t<div class=\"elementor-element elementor-element-35094c7 elementor-widget elementor-widget-image\" data-id=\"35094c7\" data-element_type=\"widget\" data-widget_type=\"image.default\">\n\t\t\t\t<div class=\"elementor-widget-container\">\n\t\t\t\t\t\t\t\t\t\t\t\t\t\t\t<img decoding=\"async\" width=\"750\" height=\"910\" src=\"https:\/\/animex.info\/wp-content\/uploads\/2025\/02\/AideTech1.jpg\" class=\"attachment-large size-large wp-image-31229\" alt=\"\" srcset=\"https:\/\/animex.info\/wp-content\/uploads\/2025\/02\/AideTech1.jpg 750w, https:\/\/animex.info\/wp-content\/uploads\/2025\/02\/AideTech1-247x300.jpg 247w\" sizes=\"(max-width: 750px) 100vw, 750px\" \/>\t\t\t\t\t\t\t\t\t\t\t\t\t\t\t<\/div>\n\t\t\t\t<\/div>\n\t\t\t\t<div class=\"elementor-element elementor-element-2f000cb elementor-widget elementor-widget-text-editor\" data-id=\"2f000cb\" data-element_type=\"widget\" data-widget_type=\"text-editor.default\">\n\t\t\t\t<div class=\"elementor-widget-container\">\n\t\t\t\t\t\t\t\t\t<p><b>Skills\u00a0<\/b><\/p><ul><li><b>Technical skills <\/b><span style=\"font-weight: 400;\">:\u00a0<\/span><\/li><\/ul><p><span style=\"font-weight: 400;\">\u2013 Basic knowledge of animal anatomy and routine care\n<p>\u2013 Ability to handle animals safely, even when they are stressed or fearful\u00a0<\/span><\/p><ul><li><b>Interpersonal skills <\/b><span style=\"font-weight: 400;\">:\u00a0<\/span><\/li><\/ul><p><span style=\"font-weight: 400;\">\u2013 Empathy and patience to interact with animals and their owners\n\u2013 Ability to work as part of a team with technicians and veterinarians <\/span><span style=\"font-weight: 400;\">\u2022 <\/span><b><p> Organization and versatility <\/b><span style=\"font-weight: 400;\">:\u00a0<\/span><\/p><p><span style=\"font-weight: 400;\">\u2013 Efficient time and priority management for home visits\u00a0<\/span><\/p><p><span style=\"font-weight: 400;\">- Flexibility to adapt to the diverse needs of patients and clients\u00a0<\/span><\/p><p><b>Training\u00a0<\/b><\/p><p><span style=\"font-weight: 400;\">The position of veterinary assistant typically does not require a specific diploma, although training in animal care or experience in the field is highly valued.\u00a0<\/span><\/p><p><span style=\"font-weight: 400;\">an asset. Within our team, we provide guidance and ongoing training to develop the technical and interpersonal skills required for this role.\u00a0<\/span><\/p>\t\t\t\t\t\t\t\t<\/div>\n\t\t\t\t<\/div>\n\t\t\t\t<div class=\"elementor-element elementor-element-1079912 elementor-widget__width-initial elementor-absolute elementor-widget elementor-widget-image\" data-id=\"1079912\" data-element_type=\"widget\" data-settings=\"{&quot;_position&quot;:&quot;absolute&quot;}\" data-widget_type=\"image.default\">\n\t\t\t\t<div class=\"elementor-widget-container\">\n\t\t\t\t\t\t\t\t\t\t\t\t\t\t\t<img decoding=\"async\" width=\"271\" height=\"271\" src=\"https:\/\/animex.info\/wp-content\/uploads\/2024\/03\/53gb.png\" class=\"attachment-large size-large wp-image-29917\" alt=\"\" srcset=\"https:\/\/animex.info\/wp-content\/uploads\/2024\/03\/53gb.png 271w, https:\/\/animex.info\/wp-content\/uploads\/2024\/03\/53gb-150x150.png 150w\" sizes=\"(max-width: 271px) 100vw, 271px\" \/>\t\t\t\t\t\t\t\t\t\t\t\t\t\t\t<\/div>\n\t\t\t\t<\/div>\n\t\t\t\t\t<\/div>\n\t\t<\/div>\n\t\t\t\t\t<\/div>\n\t\t<\/section>\n\t\t\t\t<div class=\"elementor-element elementor-element-409e6f1 elementor-widget elementor-widget-text-editor\" data-id=\"409e6f1\" data-element_type=\"widget\" data-widget_type=\"text-editor.default\">\n\t\t\t\t<div class=\"elementor-widget-container\">\n\t\t\t\t\t\t\t\t\t<p><b>Benefits\u00a0<\/b><\/p><ol><li><b>Essential support for technicians and veterinarians <\/b><span style=\"font-weight: 400;\">:\u00a0<\/span><\/li><\/ol><p><span style=\"font-weight: 400;\">They allow the team to focus on complex interventions by handling essential tasks.\u00a0<\/span><\/p><ol start=\"2\"><li><b>Comfort for animals and owners <\/b><span style=\"font-weight: 400;\">:\u00a0<\/span><\/li><\/ol><p><span style=\"font-weight: 400;\">Their reassuring presence helps reduce the stress of animals, especially during home visits.\u00a0<\/span><\/p><ol start=\"3\"><li><b>Career development opportunities <\/b><span style=\"font-weight: 400;\">:\u00a0<\/span><\/li><\/ol><p><span style=\"font-weight: 400;\">With experience and additional training, a veterinary assistant can advance to a veterinary technician role.\u00a0<\/span><\/p><p>\u00a0<\/p><p><span style=\"font-weight: 400;\">At our company, our veterinary assistants are essential partners in ensuring an efficient and high-quality home service. They accompany our technicians during home visits, providing logistical, technical, and relational support. Thanks to their presence, each visit is carried out under optimal conditions, ensuring maximum well-being for the animals and peace of mind for their owners.\u00a0<\/span><\/p><p><span style=\"font-weight: 400;\">Our commitment is to provide attentive, professional, and personalized service, where every member of our team plays a crucial role in the health and well-being of the animals.<\/span><\/p>\t\t\t\t\t\t\t\t<\/div>\n\t\t\t\t<\/div>\n\t\t\t\t\t<\/div>\n\t\t<\/div>\n\t\t\t\t\t<\/div>\n\t\t<\/section>\n\t\t\t\t<section class=\"elementor-section elementor-top-section elementor-element elementor-element-678263f elementor-section-boxed elementor-section-height-default elementor-section-height-default\" data-id=\"678263f\" data-element_type=\"section\" data-settings=\"{&quot;background_background&quot;:&quot;classic&quot;}\">\n\t\t\t\t\t\t<div class=\"elementor-container elementor-column-gap-default\">\n\t\t\t\t\t<div class=\"elementor-column elementor-col-50 elementor-top-column elementor-element elementor-element-b699acd\" data-id=\"b699acd\" data-element_type=\"column\">\n\t\t\t<div class=\"elementor-widget-wrap elementor-element-populated\">\n\t\t\t\t\t\t<div class=\"elementor-element elementor-element-da1e0ec elementor-widget elementor-widget-image\" data-id=\"da1e0ec\" data-element_type=\"widget\" data-widget_type=\"image.default\">\n\t\t\t\t<div class=\"elementor-widget-container\">\n\t\t\t\t\t\t\t\t\t\t\t\t\t\t\t<img loading=\"lazy\" decoding=\"async\" width=\"1199\" height=\"1575\" src=\"https:\/\/animex.info\/wp-content\/uploads\/2025\/02\/AideTech3.jpg\" class=\"attachment-large size-large wp-image-31231\" alt=\"\" srcset=\"https:\/\/animex.info\/wp-content\/uploads\/2025\/02\/AideTech3.jpg 1290w, https:\/\/animex.info\/wp-content\/uploads\/2025\/02\/AideTech3-228x300.jpg 228w, https:\/\/animex.info\/wp-content\/uploads\/2025\/02\/AideTech3-768x1009.jpg 768w, https:\/\/animex.info\/wp-content\/uploads\/2025\/02\/AideTech3-1170x1536.jpg 1170w\" sizes=\"(max-width: 1199px) 100vw, 1199px\" \/>\t\t\t\t\t\t\t\t\t\t\t\t\t\t\t<\/div>\n\t\t\t\t<\/div>\n\t\t\t\t\t<\/div>\n\t\t<\/div>\n\t\t\t\t<div class=\"elementor-column elementor-col-50 elementor-top-column elementor-element elementor-element-e5c8f25\" data-id=\"e5c8f25\" data-element_type=\"column\">\n\t\t\t<div class=\"elementor-widget-wrap elementor-element-populated\">\n\t\t\t\t\t\t<div class=\"elementor-element elementor-element-29e2ade elementor-widget elementor-widget-image\" data-id=\"29e2ade\" data-element_type=\"widget\" data-widget_type=\"image.default\">\n\t\t\t\t<div class=\"elementor-widget-container\">\n\t\t\t\t\t\t\t\t\t\t\t\t\t\t\t<img loading=\"lazy\" decoding=\"async\" width=\"1199\" height=\"1105\" src=\"https:\/\/animex.info\/wp-content\/uploads\/2025\/02\/AideTech4-1.jpg\" class=\"attachment-large size-large wp-image-31233\" alt=\"\" srcset=\"https:\/\/animex.info\/wp-content\/uploads\/2025\/02\/AideTech4-1.jpg 2000w, https:\/\/animex.info\/wp-content\/uploads\/2025\/02\/AideTech4-1-300x276.jpg 300w, https:\/\/animex.info\/wp-content\/uploads\/2025\/02\/AideTech4-1-768x708.jpg 768w, https:\/\/animex.info\/wp-content\/uploads\/2025\/02\/AideTech4-1-1536x1415.jpg 1536w\" sizes=\"(max-width: 1199px) 100vw, 1199px\" \/>\t\t\t\t\t\t\t\t\t\t\t\t\t\t\t<\/div>\n\t\t\t\t<\/div>\n\t\t\t\t\t<\/div>\n\t\t<\/div>\n\t\t\t\t\t<\/div>\n\t\t<\/section>\n\t\t\t\t<\/div>","protected":false},"excerpt":{"rendered":"<p>Aide-technicienne en sant\u00e9 animale L\u2019aide-technicienne en sant\u00e9 animale est une professionnelle qui soutient les techniciennes en\u00a0 sant\u00e9 animale et les v\u00e9t\u00e9rinaires dans leurs missions, en effectuant des t\u00e2ches essentielles pour\u00a0 garantir le confort et la sant\u00e9 des animaux. Dans notre \u00e9quipe, nos aide-techniciennes jouent un\u00a0 r\u00f4le crucial, en particulier lors des visites \u00e0 domicile, o\u00f9 [&hellip;]<\/p>","protected":false},"author":1,"featured_media":0,"parent":0,"menu_order":0,"comment_status":"closed","ping_status":"closed","template":"page-templates\/template-full-width-page-without-header-title.php","meta":{"footnotes":""},"class_list":["post-31227","page","type-page","status-publish","hentry"],"yoast_head":"<!-- This site is optimized with the Yoast SEO plugin v24.3 - https:\/\/yoast.com\/wordpress\/plugins\/seo\/ -->\n<title>Pension \u00e0 domicile pour animaux | Garde s\u00e9curis\u00e9e - Animex<\/title>\n<meta name=\"description\" content=\"Confiez vos animaux \u00e0 Animex pour une pension \u00e0 domicile. Soins sp\u00e9cialis\u00e9s, confort et s\u00e9r\u00e9nit\u00e9 assur\u00e9s par des techniciennes qualifi\u00e9es.\" \/>\n<meta name=\"robots\" content=\"index, follow, max-snippet:-1, max-image-preview:large, max-video-preview:-1\" \/>\n<link rel=\"canonical\" href=\"https:\/\/animex.info\/en\/aide-technicienne-en-sante-animale\/\" \/>\n<meta property=\"og:locale\" content=\"en_US\" \/>\n<meta property=\"og:type\" content=\"article\" \/>\n<meta property=\"og:title\" content=\"Pension \u00e0 domicile pour animaux | Garde s\u00e9curis\u00e9e - Animex\" \/>\n<meta property=\"og:description\" content=\"Confiez vos animaux \u00e0 Animex pour une pension \u00e0 domicile. Soins sp\u00e9cialis\u00e9s, confort et s\u00e9r\u00e9nit\u00e9 assur\u00e9s par des techniciennes qualifi\u00e9es.\" \/>\n<meta property=\"og:url\" content=\"https:\/\/animex.info\/en\/aide-technicienne-en-sante-animale\/\" \/>\n<meta property=\"og:site_name\" content=\"Animex\" \/>\n<meta property=\"article:modified_time\" content=\"2025-02-25T05:10:48+00:00\" \/>\n<meta property=\"og:image\" content=\"https:\/\/animex.info\/wp-content\/uploads\/2025\/02\/AideTech2.jpg\" \/>\n\t<meta property=\"og:image:width\" content=\"1290\" \/>\n\t<meta property=\"og:image:height\" content=\"1539\" \/>\n\t<meta property=\"og:image:type\" content=\"image\/jpeg\" \/>\n<meta name=\"twitter:card\" content=\"summary_large_image\" \/>\n<meta name=\"twitter:label1\" content=\"Est. reading time\" \/>\n\t<meta name=\"twitter:data1\" content=\"4 minutes\" \/>\n<script type=\"application\/ld+json\" class=\"yoast-schema-graph\">{\"@context\":\"https:\/\/schema.org\",\"@graph\":[{\"@type\":\"WebPage\",\"@id\":\"https:\/\/animex.info\/aide-technicienne-en-sante-animale\/\",\"url\":\"https:\/\/animex.info\/aide-technicienne-en-sante-animale\/\",\"name\":\"Pension \u00e0 domicile pour animaux | Garde s\u00e9curis\u00e9e - Animex\",\"isPartOf\":{\"@id\":\"https:\/\/animex.info\/#website\"},\"primaryImageOfPage\":{\"@id\":\"https:\/\/animex.info\/aide-technicienne-en-sante-animale\/#primaryimage\"},\"image\":{\"@id\":\"https:\/\/animex.info\/aide-technicienne-en-sante-animale\/#primaryimage\"},\"thumbnailUrl\":\"https:\/\/animex.info\/wp-content\/uploads\/2025\/02\/AideTech2.jpg\",\"datePublished\":\"2025-02-25T05:04:28+00:00\",\"dateModified\":\"2025-02-25T05:10:48+00:00\",\"description\":\"Confiez vos animaux \u00e0 Animex pour une pension \u00e0 domicile. Soins sp\u00e9cialis\u00e9s, confort et s\u00e9r\u00e9nit\u00e9 assur\u00e9s par des techniciennes qualifi\u00e9es.\",\"breadcrumb\":{\"@id\":\"https:\/\/animex.info\/aide-technicienne-en-sante-animale\/#breadcrumb\"},\"inLanguage\":\"en-CA\",\"potentialAction\":[{\"@type\":\"ReadAction\",\"target\":[\"https:\/\/animex.info\/aide-technicienne-en-sante-animale\/\"]}]},{\"@type\":\"ImageObject\",\"inLanguage\":\"en-CA\",\"@id\":\"https:\/\/animex.info\/aide-technicienne-en-sante-animale\/#primaryimage\",\"url\":\"https:\/\/animex.info\/wp-content\/uploads\/2025\/02\/AideTech2.jpg\",\"contentUrl\":\"https:\/\/animex.info\/wp-content\/uploads\/2025\/02\/AideTech2.jpg\"},{\"@type\":\"BreadcrumbList\",\"@id\":\"https:\/\/animex.info\/aide-technicienne-en-sante-animale\/#breadcrumb\",\"itemListElement\":[{\"@type\":\"ListItem\",\"position\":1,\"name\":\"Home\",\"item\":\"https:\/\/animex.info\/\"},{\"@type\":\"ListItem\",\"position\":2,\"name\":\"Aide-technicienne en sant\u00e9 animale\"}]},{\"@type\":\"WebSite\",\"@id\":\"https:\/\/animex.info\/#website\",\"url\":\"https:\/\/animex.info\/\",\"name\":\"Animex\",\"description\":\"\",\"publisher\":{\"@id\":\"https:\/\/animex.info\/#organization\"},\"potentialAction\":[{\"@type\":\"SearchAction\",\"target\":{\"@type\":\"EntryPoint\",\"urlTemplate\":\"https:\/\/animex.info\/?s={search_term_string}\"},\"query-input\":{\"@type\":\"PropertyValueSpecification\",\"valueRequired\":true,\"valueName\":\"search_term_string\"}}],\"inLanguage\":\"en-CA\"},{\"@type\":\"Organization\",\"@id\":\"https:\/\/animex.info\/#organization\",\"name\":\"Animex\",\"url\":\"https:\/\/animex.info\/\",\"logo\":{\"@type\":\"ImageObject\",\"inLanguage\":\"en-CA\",\"@id\":\"https:\/\/animex.info\/#\/schema\/logo\/image\/\",\"url\":\"https:\/\/animex.info\/wp-content\/uploads\/2025\/01\/animex-logo-2025.png\",\"contentUrl\":\"https:\/\/animex.info\/wp-content\/uploads\/2025\/01\/animex-logo-2025.png\",\"width\":11607,\"height\":2512,\"caption\":\"Animex\"},\"image\":{\"@id\":\"https:\/\/animex.info\/#\/schema\/logo\/image\/\"}}]}<\/script>\n<!-- \/ Yoast SEO plugin. -->","yoast_head_json":{"title":"Pension \u00e0 domicile pour animaux | Garde s\u00e9curis\u00e9e - Animex","description":"Confiez vos animaux \u00e0 Animex pour une pension \u00e0 domicile. Soins sp\u00e9cialis\u00e9s, confort et s\u00e9r\u00e9nit\u00e9 assur\u00e9s par des techniciennes qualifi\u00e9es.","robots":{"index":"index","follow":"follow","max-snippet":"max-snippet:-1","max-image-preview":"max-image-preview:large","max-video-preview":"max-video-preview:-1"},"canonical":"https:\/\/animex.info\/en\/aide-technicienne-en-sante-animale\/","og_locale":"en_US","og_type":"article","og_title":"Pension \u00e0 domicile pour animaux | Garde s\u00e9curis\u00e9e - Animex","og_description":"Confiez vos animaux \u00e0 Animex pour une pension \u00e0 domicile. Soins sp\u00e9cialis\u00e9s, confort et s\u00e9r\u00e9nit\u00e9 assur\u00e9s par des techniciennes qualifi\u00e9es.","og_url":"https:\/\/animex.info\/en\/aide-technicienne-en-sante-animale\/","og_site_name":"Animex","article_modified_time":"2025-02-25T05:10:48+00:00","og_image":[{"width":1290,"height":1539,"url":"https:\/\/animex.info\/wp-content\/uploads\/2025\/02\/AideTech2.jpg","type":"image\/jpeg"}],"twitter_card":"summary_large_image","twitter_misc":{"Est. reading time":"4 minutes"},"schema":{"@context":"https:\/\/schema.org","@graph":[{"@type":"WebPage","@id":"https:\/\/animex.info\/aide-technicienne-en-sante-animale\/","url":"https:\/\/animex.info\/aide-technicienne-en-sante-animale\/","name":"Pension \u00e0 domicile pour animaux | Garde s\u00e9curis\u00e9e - Animex","isPartOf":{"@id":"https:\/\/animex.info\/#website"},"primaryImageOfPage":{"@id":"https:\/\/animex.info\/aide-technicienne-en-sante-animale\/#primaryimage"},"image":{"@id":"https:\/\/animex.info\/aide-technicienne-en-sante-animale\/#primaryimage"},"thumbnailUrl":"https:\/\/animex.info\/wp-content\/uploads\/2025\/02\/AideTech2.jpg","datePublished":"2025-02-25T05:04:28+00:00","dateModified":"2025-02-25T05:10:48+00:00","description":"Confiez vos animaux \u00e0 Animex pour une pension \u00e0 domicile. Soins sp\u00e9cialis\u00e9s, confort et s\u00e9r\u00e9nit\u00e9 assur\u00e9s par des techniciennes qualifi\u00e9es.","breadcrumb":{"@id":"https:\/\/animex.info\/aide-technicienne-en-sante-animale\/#breadcrumb"},"inLanguage":"en-CA","potentialAction":[{"@type":"ReadAction","target":["https:\/\/animex.info\/aide-technicienne-en-sante-animale\/"]}]},{"@type":"ImageObject","inLanguage":"en-CA","@id":"https:\/\/animex.info\/aide-technicienne-en-sante-animale\/#primaryimage","url":"https:\/\/animex.info\/wp-content\/uploads\/2025\/02\/AideTech2.jpg","contentUrl":"https:\/\/animex.info\/wp-content\/uploads\/2025\/02\/AideTech2.jpg"},{"@type":"BreadcrumbList","@id":"https:\/\/animex.info\/aide-technicienne-en-sante-animale\/#breadcrumb","itemListElement":[{"@type":"ListItem","position":1,"name":"Home","item":"https:\/\/animex.info\/"},{"@type":"ListItem","position":2,"name":"Aide-technicienne en sant\u00e9 animale"}]},{"@type":"WebSite","@id":"https:\/\/animex.info\/#website","url":"https:\/\/animex.info\/","name":"Animex","description":"","publisher":{"@id":"https:\/\/animex.info\/#organization"},"potentialAction":[{"@type":"SearchAction","target":{"@type":"EntryPoint","urlTemplate":"https:\/\/animex.info\/?s={search_term_string}"},"query-input":{"@type":"PropertyValueSpecification","valueRequired":true,"valueName":"search_term_string"}}],"inLanguage":"en-CA"},{"@type":"Organization","@id":"https:\/\/animex.info\/#organization","name":"Animex","url":"https:\/\/animex.info\/","logo":{"@type":"ImageObject","inLanguage":"en-CA","@id":"https:\/\/animex.info\/#\/schema\/logo\/image\/","url":"https:\/\/animex.info\/wp-content\/uploads\/2025\/01\/animex-logo-2025.png","contentUrl":"https:\/\/animex.info\/wp-content\/uploads\/2025\/01\/animex-logo-2025.png","width":11607,"height":2512,"caption":"Animex"},"image":{"@id":"https:\/\/animex.info\/#\/schema\/logo\/image\/"}}]}},"_links":{"self":[{"href":"https:\/\/animex.info\/en\/wp-json\/wp\/v2\/pages\/31227","targetHints":{"allow":["GET"]}}],"collection":[{"href":"https:\/\/animex.info\/en\/wp-json\/wp\/v2\/pages"}],"about":[{"href":"https:\/\/animex.info\/en\/wp-json\/wp\/v2\/types\/page"}],"author":[{"embeddable":true,"href":"https:\/\/animex.info\/en\/wp-json\/wp\/v2\/users\/1"}],"replies":[{"embeddable":true,"href":"https:\/\/animex.info\/en\/wp-json\/wp\/v2\/comments?post=31227"}],"version-history":[{"count":7,"href":"https:\/\/animex.info\/en\/wp-json\/wp\/v2\/pages\/31227\/revisions"}],"predecessor-version":[{"id":31239,"href":"https:\/\/animex.info\/en\/wp-json\/wp\/v2\/pages\/31227\/revisions\/31239"}],"wp:attachment":[{"href":"https:\/\/animex.info\/en\/wp-json\/wp\/v2\/media?parent=31227"}],"curies":[{"name":"wp","href":"https:\/\/api.w.org\/{rel}","templated":true}]}}