{"id":31150,"date":"2025-02-11T04:29:51","date_gmt":"2025-02-11T04:29:51","guid":{"rendered":"https:\/\/animex.info\/?page_id=31150"},"modified":"2025-02-11T04:30:35","modified_gmt":"2025-02-11T04:30:35","slug":"le-cout-annuel-pour-un-animal-de-compagnie","status":"publish","type":"page","link":"https:\/\/animex.info\/en\/le-cout-annuel-pour-un-animal-de-compagnie\/","title":{"rendered":"The Annual Cost of a Pet"},"content":{"rendered":"<div data-elementor-type=\"wp-page\" data-elementor-id=\"31150\" class=\"elementor elementor-31150\">\n\t\t\t\t\t\t<section class=\"elementor-section elementor-top-section elementor-element elementor-element-95c9c1f elementor-section-boxed elementor-section-height-default elementor-section-height-default\" data-id=\"95c9c1f\" data-element_type=\"section\">\n\t\t\t\t\t\t<div class=\"elementor-container elementor-column-gap-default\">\n\t\t\t\t\t<div class=\"elementor-column elementor-col-100 elementor-top-column elementor-element elementor-element-63582ae\" data-id=\"63582ae\" data-element_type=\"column\">\n\t\t\t<div class=\"elementor-widget-wrap elementor-element-populated\">\n\t\t\t\t\t\t<div class=\"elementor-element elementor-element-3695003 elementor-widget elementor-widget-text-editor\" data-id=\"3695003\" data-element_type=\"widget\" data-widget_type=\"text-editor.default\">\n\t\t\t\t<div class=\"elementor-widget-container\">\n\t\t\t\t\t\t\t\t\t<p><span style=\"font-weight: 400;\">Adopting a pet is an important decision that brings a lot of joy, but it also comes with various responsibilities, including financial ones. At <\/span><b>Animex<\/b><span style=\"font-weight: 400;\">, we aim to clearly inform families about the costs to expect when raising a dog or cat in a healthy and responsible manner. In this article, we detail the annual expenses associated with pet care, including vaccines, vaccine boosters, deworming, and sterilization. <\/span><span style=\"font-weight: 400;\"><br \/><\/span><span style=\"font-weight: 400;\"><br \/><\/span><span style=\"font-weight: 400;\">The information we are sharing today is subject to change depending on clinic prices, the region, and the current year, particularly due to inflation.\u00a0<\/span><\/p><h3><b>Why is it essential to understand the costs?<\/b><\/h3><p><span style=\"font-weight: 400;\">Taking care of a pet is not just about love and time; it is also necessary to plan a budget to meet their daily needs. Expenses can vary depending on the animal's size, breed, age, and health condition, but they generally include:<\/span><\/p><ul><li style=\"font-weight: 400;\" aria-level=\"1\"><span style=\"font-weight: 400;\">Basic health care (vaccines, deworming, sterilization)<\/span><\/li><li style=\"font-weight: 400;\" aria-level=\"1\"><span style=\"font-weight: 400;\">Food<\/span><\/li><li style=\"font-weight: 400;\" aria-level=\"1\"><span style=\"font-weight: 400;\">Accessories (collars, leashes, litter, toys)<\/span><\/li><li style=\"font-weight: 400;\" aria-level=\"1\"><span style=\"font-weight: 400;\">Preventive and unexpected care (veterinary consultations)<\/span><\/li><\/ul><p><span style=\"font-weight: 400;\">By knowing these costs, you can better plan, avoid surprises, and properly prepare for the introduction of a living being into your life for more than a decade.\u00a0<\/span><\/p><h3><b>Healthcare-related costs<\/b><\/h3><h4><b>1. Essential vaccines and their boosters<\/b><\/h4><p><span style=\"font-weight: 400;\">Vaccines are a crucial step in preventing many serious diseases in dogs and cats. Here are the main recommended vaccines:<\/span><\/p><ul><li style=\"font-weight: 400;\" aria-level=\"1\"><b>Dogs<\/b><span style=\"font-weight: 400;\"> :<\/span><ul><li style=\"font-weight: 400;\" aria-level=\"2\"><span style=\"font-weight: 400;\">The DHPP vaccine (Distemper, Hepatitis, Parvovirus, Parainfluenza)<\/span><\/li><li style=\"font-weight: 400;\" aria-level=\"2\"><span style=\"font-weight: 400;\">The rabies vaccine<\/span><\/li><li style=\"font-weight: 400;\" aria-level=\"2\"><span style=\"font-weight: 400;\">The vaccine against leptospirosis<\/span><\/li><li style=\"font-weight: 400;\" aria-level=\"2\"><span style=\"font-weight: 400;\">The kennel cough vaccine (Bordetella)<\/span><\/li><\/ul><\/li><li style=\"font-weight: 400;\" aria-level=\"1\"><b>Cats<\/b><span style=\"font-weight: 400;\"> :<\/span><ul><li style=\"font-weight: 400;\" aria-level=\"2\"><span style=\"font-weight: 400;\">The PRC vaccine (Panleukopenia, Rhinotracheitis, Calicivirus)<\/span><\/li><li style=\"font-weight: 400;\" aria-level=\"2\"><span style=\"font-weight: 400;\">The rabies vaccine<\/span><\/li><li style=\"font-weight: 400;\" aria-level=\"2\"><span style=\"font-weight: 400;\">The vaccine against leukemia<\/span><\/li><\/ul><\/li><\/ul><p><b>Estimated costs<\/b><span style=\"font-weight: 400;\"> : The initial vaccine costs range between <\/span><b>$150 to $250<\/b><span style=\"font-weight: 400;\"> for dogs and cats. The monthly boosters during the first year are less expensive, ranging between <\/span><b>50 $ and 100 $<\/b><span style=\"font-weight: 400;\">, thereafter, there are annual boosters.<\/span><\/p><h4><b>2. Deworming<\/b><\/h4><p><span style=\"font-weight: 400;\">Parasites can seriously affect your pet's health, especially if not treated quickly. Deworming is essential to eliminate and prevent both external and internal parasites. Fleas, ticks, and mosquitoes can transmit diseases such as heartworm, while internal parasites like roundworms, hookworms, or Trichuris trichiura can impact the animal's health. Veterinarians recommend deworming your pet several times a year, especially if they go outside regularly, travel, or are on certain diets.<\/span><\/p><p><b>Estimated costs<\/b><span style=\"font-weight: 400;\"> : Deworming treatments cost between <\/span><b>$25 to $50<\/b><span style=\"font-weight: 400;\"> per dose, depending on the animal's weight and the product used. On average, expect to pay around <\/span><b>$150 to $300<\/b><span style=\"font-weight: 400;\"> per year for regular deworming.<\/span><\/p><h4><b>3. Sterilization<\/b><\/h4><p><span style=\"font-weight: 400;\">Sterilization is a preventive care recommended to control the animal population and avoid certain health issues (such as uterine infections or certain cancers). It is usually performed when the animal is young, but it can be done at any age.<\/span><\/p><p><b>Estimated costs<\/b><span style=\"font-weight: 400;\"> : Sterilization costs on average <\/span><b>300 $ To 500 $<\/b><span style=\"font-weight: 400;\"> for a cat and <\/span><b>400 $ To 800 $<\/b><span style=\"font-weight: 400;\"> for a dog. These costs vary depending on the weight and gender of the animal (sterilization of females is generally more expensive).<\/span><\/p><h3><b>Food-related costs<\/b><\/h3><p><span style=\"font-weight: 400;\">A diet tailored to your pet's age, weight, and activity level is essential to ensure their good health. Food options vary greatly, ranging from budget-friendly kibble to high-quality veterinary or specially formulated diets.<\/span><\/p><ul><li style=\"font-weight: 400;\" aria-level=\"1\"><b>Basic kibble<\/b><span style=\"font-weight: 400;\"> : Around <\/span><b>300 $ To 500 $<\/b><span style=\"font-weight: 400;\"> per year<\/span><\/li><li style=\"font-weight: 400;\" aria-level=\"1\"><b>Premium food<\/b><span style=\"font-weight: 400;\"> : Around <\/span><b>600 $ to 1 000 $<\/b><span style=\"font-weight: 400;\"> per year<\/span><\/li><li style=\"font-weight: 400;\" aria-level=\"1\"><b>Specific or medicated diets<\/b><span style=\"font-weight: 400;\"> : More than <\/span><b>1 200 $<\/b><span style=\"font-weight: 400;\"> per year<\/span><\/li><\/ul><h3><b>Accessories and other ongoing expenses<\/b><\/h3><h4><b>1. Toys and accessories<\/b><\/h4><p><span style=\"font-weight: 400;\">City permits, treats, toys, leashes, bowls, litter, or cat trees may seem like minor expenses, but they add up quickly. Some animals have specific needs, such as boots, coats, and carriers. Expect to spend between <\/span><b>100 $ and 500 $<\/b><span style=\"font-weight: 400;\"> per year.<\/span><\/p><h4><b>Veterinary visits<\/b><\/h4><p><span style=\"font-weight: 400;\">In addition to preventive care, veterinary visits are necessary in case of illness or injury. A consultation with the veterinarian typically costs around <\/span><b>90 $ to 120 $<\/b><span style=\"font-weight: 400;\"> and much more in case of an emergency. This does not include additional exams or treatments.<\/span><\/p><h3><b>Planning your annual budget<\/b><\/h3><p><span style=\"font-weight: 400;\">In summary, here is an overview of the average annual costs:<\/span><\/p><ul><li style=\"font-weight: 400;\" aria-level=\"1\"><b>Health (vaccines, boosters, deworming)<\/b><span style=\"font-weight: 400;\"> : $300 to $500<\/span><\/li><li style=\"font-weight: 400;\" aria-level=\"1\"><b>Sterilization (one-time)<\/b><span style=\"font-weight: 400;\"> : $300 to $800<\/span><\/li><li style=\"font-weight: 400;\" aria-level=\"1\"><b>Food<\/b><span style=\"font-weight: 400;\"> $300 to $1200<\/span><\/li><li style=\"font-weight: 400;\" aria-level=\"1\"><b>Accessories and toys<\/b><span style=\"font-weight: 400;\"> $150 to $300<\/span><\/li><li style=\"font-weight: 400;\" aria-level=\"1\"><b>Unexpected veterinary visits<\/b><span style=\"font-weight: 400;\"> $300 to $1000<\/span><\/li><\/ul><p><b>Estimated annual total:<\/b><span style=\"font-weight: 400;\"> Between $1,350 and $3,800 in the first year, then between $1,000 and $3,000 for each following year.\u00a0<\/span><\/p><h3><b>How to reduce costs without compromising quality?<\/b><\/h3><ul><li style=\"font-weight: 400;\" aria-level=\"1\"><b>Bundled vaccination programs<\/b><span style=\"font-weight: 400;\"> : Some veterinarians offer packages to reduce the costs of basic care. Additionally, some vaccines are administered every two or even three years.<\/span><\/li><li style=\"font-weight: 400;\" aria-level=\"1\"><b>Buying in bulk<\/b><span style=\"font-weight: 400;\"> : Foods or products like dewormers can be cheaper when bought in bulk, which can help reduce prescription costs.<\/span><\/li><li style=\"font-weight: 400;\" aria-level=\"1\"><b>Taking out pet insurance<\/b><span style=\"font-weight: 400;\"> : Pet health insurance can cover part of the unexpected costs.<\/span><\/li><li style=\"font-weight: 400;\" aria-level=\"1\"><b>In-Home Services<\/b><span style=\"font-weight: 400;\"> : This can help reduce transportation costs, lower medication related to stress from veterinary clinic visits, and yield better results for certain tests, thus avoiding the need to repeat them.\u00a0<\/span><\/li><\/ul><h3><b>Contact Animex for responsible care.<\/b><\/h3><p><span style=\"font-weight: 400;\">At Animex, we are committed to providing professional home services, which helps reduce medication for stress and optimize the results of certain additional exams, such as blood pressure.<\/span><span style=\"font-weight: 400;\"><br \/><\/span><span style=\"font-weight: 400;\">Contact us today for advice tailored to your needs and discuss it with your veterinarian.\u00a0<\/span><\/p><p><br \/><br \/><\/p>\t\t\t\t\t\t\t\t<\/div>\n\t\t\t\t<\/div>\n\t\t\t\t\t<\/div>\n\t\t<\/div>\n\t\t\t\t\t<\/div>\n\t\t<\/section>\n\t\t\t\t<\/div>","protected":false},"excerpt":{"rendered":"<p>Adopter un animal de compagnie est une d\u00e9cision importante qui apporte beaucoup de bonheur, mais qui entra\u00eene aussi des responsabilit\u00e9s de toutes sortes dont financi\u00e8res. Chez Animex, nous souhaitons informer de mani\u00e8re claire les familles sur les co\u00fbts \u00e0 pr\u00e9voir pour \u00e9lever un chien ou un chat de mani\u00e8re saine et responsable. Dans cet article, [&hellip;]<\/p>","protected":false},"author":1,"featured_media":0,"parent":0,"menu_order":0,"comment_status":"closed","ping_status":"closed","template":"","meta":{"footnotes":""},"class_list":["post-31150","page","type-page","status-publish","hentry"],"yoast_head":"<!-- This site is optimized with the Yoast SEO plugin v24.3 - https:\/\/yoast.com\/wordpress\/plugins\/seo\/ -->\n<title>Le co\u00fbt annuel pour un animal de compagnie - Animex<\/title>\n<meta name=\"robots\" content=\"index, follow, max-snippet:-1, max-image-preview:large, max-video-preview:-1\" \/>\n<link rel=\"canonical\" href=\"https:\/\/animex.info\/en\/le-cout-annuel-pour-un-animal-de-compagnie\/\" \/>\n<meta property=\"og:locale\" content=\"en_US\" \/>\n<meta property=\"og:type\" content=\"article\" \/>\n<meta property=\"og:title\" content=\"Le co\u00fbt annuel pour un animal de compagnie - Animex\" \/>\n<meta property=\"og:description\" content=\"Adopter un animal de compagnie est une d\u00e9cision importante qui apporte beaucoup de bonheur, mais qui entra\u00eene aussi des responsabilit\u00e9s de toutes sortes dont financi\u00e8res. Chez Animex, nous souhaitons informer de mani\u00e8re claire les familles sur les co\u00fbts \u00e0 pr\u00e9voir pour \u00e9lever un chien ou un chat de mani\u00e8re saine et responsable. Dans cet article, [&hellip;]\" \/>\n<meta property=\"og:url\" content=\"https:\/\/animex.info\/en\/le-cout-annuel-pour-un-animal-de-compagnie\/\" \/>\n<meta property=\"og:site_name\" content=\"Animex\" \/>\n<meta property=\"article:modified_time\" content=\"2025-02-11T04:30:35+00:00\" \/>\n<meta name=\"twitter:card\" content=\"summary_large_image\" \/>\n<meta name=\"twitter:label1\" content=\"Est. reading time\" \/>\n\t<meta name=\"twitter:data1\" content=\"5 minutes\" \/>\n<script type=\"application\/ld+json\" class=\"yoast-schema-graph\">{\"@context\":\"https:\/\/schema.org\",\"@graph\":[{\"@type\":\"WebPage\",\"@id\":\"https:\/\/animex.info\/le-cout-annuel-pour-un-animal-de-compagnie\/\",\"url\":\"https:\/\/animex.info\/le-cout-annuel-pour-un-animal-de-compagnie\/\",\"name\":\"Le co\u00fbt annuel pour un animal de compagnie - Animex\",\"isPartOf\":{\"@id\":\"https:\/\/animex.info\/#website\"},\"datePublished\":\"2025-02-11T04:29:51+00:00\",\"dateModified\":\"2025-02-11T04:30:35+00:00\",\"breadcrumb\":{\"@id\":\"https:\/\/animex.info\/le-cout-annuel-pour-un-animal-de-compagnie\/#breadcrumb\"},\"inLanguage\":\"en-CA\",\"potentialAction\":[{\"@type\":\"ReadAction\",\"target\":[\"https:\/\/animex.info\/le-cout-annuel-pour-un-animal-de-compagnie\/\"]}]},{\"@type\":\"BreadcrumbList\",\"@id\":\"https:\/\/animex.info\/le-cout-annuel-pour-un-animal-de-compagnie\/#breadcrumb\",\"itemListElement\":[{\"@type\":\"ListItem\",\"position\":1,\"name\":\"Home\",\"item\":\"https:\/\/animex.info\/\"},{\"@type\":\"ListItem\",\"position\":2,\"name\":\"Le co\u00fbt annuel pour un animal de compagnie\"}]},{\"@type\":\"WebSite\",\"@id\":\"https:\/\/animex.info\/#website\",\"url\":\"https:\/\/animex.info\/\",\"name\":\"Animex\",\"description\":\"\",\"publisher\":{\"@id\":\"https:\/\/animex.info\/#organization\"},\"potentialAction\":[{\"@type\":\"SearchAction\",\"target\":{\"@type\":\"EntryPoint\",\"urlTemplate\":\"https:\/\/animex.info\/?s={search_term_string}\"},\"query-input\":{\"@type\":\"PropertyValueSpecification\",\"valueRequired\":true,\"valueName\":\"search_term_string\"}}],\"inLanguage\":\"en-CA\"},{\"@type\":\"Organization\",\"@id\":\"https:\/\/animex.info\/#organization\",\"name\":\"Animex\",\"url\":\"https:\/\/animex.info\/\",\"logo\":{\"@type\":\"ImageObject\",\"inLanguage\":\"en-CA\",\"@id\":\"https:\/\/animex.info\/#\/schema\/logo\/image\/\",\"url\":\"https:\/\/animex.info\/wp-content\/uploads\/2025\/01\/animex-logo-2025.png\",\"contentUrl\":\"https:\/\/animex.info\/wp-content\/uploads\/2025\/01\/animex-logo-2025.png\",\"width\":11607,\"height\":2512,\"caption\":\"Animex\"},\"image\":{\"@id\":\"https:\/\/animex.info\/#\/schema\/logo\/image\/\"}}]}<\/script>\n<!-- \/ Yoast SEO plugin. -->","yoast_head_json":{"title":"Le co\u00fbt annuel pour un animal de compagnie - Animex","robots":{"index":"index","follow":"follow","max-snippet":"max-snippet:-1","max-image-preview":"max-image-preview:large","max-video-preview":"max-video-preview:-1"},"canonical":"https:\/\/animex.info\/en\/le-cout-annuel-pour-un-animal-de-compagnie\/","og_locale":"en_US","og_type":"article","og_title":"Le co\u00fbt annuel pour un animal de compagnie - Animex","og_description":"Adopter un animal de compagnie est une d\u00e9cision importante qui apporte beaucoup de bonheur, mais qui entra\u00eene aussi des responsabilit\u00e9s de toutes sortes dont financi\u00e8res. Chez Animex, nous souhaitons informer de mani\u00e8re claire les familles sur les co\u00fbts \u00e0 pr\u00e9voir pour \u00e9lever un chien ou un chat de mani\u00e8re saine et responsable. Dans cet article, [&hellip;]","og_url":"https:\/\/animex.info\/en\/le-cout-annuel-pour-un-animal-de-compagnie\/","og_site_name":"Animex","article_modified_time":"2025-02-11T04:30:35+00:00","twitter_card":"summary_large_image","twitter_misc":{"Est. reading time":"5 minutes"},"schema":{"@context":"https:\/\/schema.org","@graph":[{"@type":"WebPage","@id":"https:\/\/animex.info\/le-cout-annuel-pour-un-animal-de-compagnie\/","url":"https:\/\/animex.info\/le-cout-annuel-pour-un-animal-de-compagnie\/","name":"Le co\u00fbt annuel pour un animal de compagnie - Animex","isPartOf":{"@id":"https:\/\/animex.info\/#website"},"datePublished":"2025-02-11T04:29:51+00:00","dateModified":"2025-02-11T04:30:35+00:00","breadcrumb":{"@id":"https:\/\/animex.info\/le-cout-annuel-pour-un-animal-de-compagnie\/#breadcrumb"},"inLanguage":"en-CA","potentialAction":[{"@type":"ReadAction","target":["https:\/\/animex.info\/le-cout-annuel-pour-un-animal-de-compagnie\/"]}]},{"@type":"BreadcrumbList","@id":"https:\/\/animex.info\/le-cout-annuel-pour-un-animal-de-compagnie\/#breadcrumb","itemListElement":[{"@type":"ListItem","position":1,"name":"Home","item":"https:\/\/animex.info\/"},{"@type":"ListItem","position":2,"name":"Le co\u00fbt annuel pour un animal de compagnie"}]},{"@type":"WebSite","@id":"https:\/\/animex.info\/#website","url":"https:\/\/animex.info\/","name":"Animex","description":"","publisher":{"@id":"https:\/\/animex.info\/#organization"},"potentialAction":[{"@type":"SearchAction","target":{"@type":"EntryPoint","urlTemplate":"https:\/\/animex.info\/?s={search_term_string}"},"query-input":{"@type":"PropertyValueSpecification","valueRequired":true,"valueName":"search_term_string"}}],"inLanguage":"en-CA"},{"@type":"Organization","@id":"https:\/\/animex.info\/#organization","name":"Animex","url":"https:\/\/animex.info\/","logo":{"@type":"ImageObject","inLanguage":"en-CA","@id":"https:\/\/animex.info\/#\/schema\/logo\/image\/","url":"https:\/\/animex.info\/wp-content\/uploads\/2025\/01\/animex-logo-2025.png","contentUrl":"https:\/\/animex.info\/wp-content\/uploads\/2025\/01\/animex-logo-2025.png","width":11607,"height":2512,"caption":"Animex"},"image":{"@id":"https:\/\/animex.info\/#\/schema\/logo\/image\/"}}]}},"_links":{"self":[{"href":"https:\/\/animex.info\/en\/wp-json\/wp\/v2\/pages\/31150","targetHints":{"allow":["GET"]}}],"collection":[{"href":"https:\/\/animex.info\/en\/wp-json\/wp\/v2\/pages"}],"about":[{"href":"https:\/\/animex.info\/en\/wp-json\/wp\/v2\/types\/page"}],"author":[{"embeddable":true,"href":"https:\/\/animex.info\/en\/wp-json\/wp\/v2\/users\/1"}],"replies":[{"embeddable":true,"href":"https:\/\/animex.info\/en\/wp-json\/wp\/v2\/comments?post=31150"}],"version-history":[{"count":4,"href":"https:\/\/animex.info\/en\/wp-json\/wp\/v2\/pages\/31150\/revisions"}],"predecessor-version":[{"id":31154,"href":"https:\/\/animex.info\/en\/wp-json\/wp\/v2\/pages\/31150\/revisions\/31154"}],"wp:attachment":[{"href":"https:\/\/animex.info\/en\/wp-json\/wp\/v2\/media?parent=31150"}],"curies":[{"name":"wp","href":"https:\/\/api.w.org\/{rel}","templated":true}]}}