{"id":31083,"date":"2025-02-09T20:20:26","date_gmt":"2025-02-09T20:20:26","guid":{"rendered":"https:\/\/animex.info\/?page_id=31083"},"modified":"2025-03-10T16:22:27","modified_gmt":"2025-03-10T21:22:27","slug":"vidange-glandes-anales","status":"publish","type":"page","link":"https:\/\/animex.info\/en\/vidange-glandes-anales\/","title":{"rendered":"Anal gland expression"},"content":{"rendered":"<div data-elementor-type=\"wp-page\" data-elementor-id=\"31083\" class=\"elementor elementor-31083\">\n\t\t\t\t\t\t<section class=\"elementor-section elementor-top-section elementor-element elementor-element-16913e9 elementor-section-content-bottom elementor-section-boxed elementor-section-height-default elementor-section-height-default\" data-id=\"16913e9\" data-element_type=\"section\" data-settings=\"{&quot;background_background&quot;:&quot;classic&quot;}\">\n\t\t\t\t\t\t\t<div class=\"elementor-background-overlay\"><\/div>\n\t\t\t\t\t\t\t<div class=\"elementor-container elementor-column-gap-custom\">\n\t\t\t\t\t<div class=\"elementor-column elementor-col-100 elementor-top-column elementor-element elementor-element-4dce781 elementor-invisible\" data-id=\"4dce781\" data-element_type=\"column\" data-settings=\"{&quot;animation&quot;:&quot;fadeIn&quot;}\">\n\t\t\t<div class=\"elementor-widget-wrap elementor-element-populated\">\n\t\t\t\t\t\t<div class=\"elementor-element elementor-element-cc77d15 elementor-widget elementor-widget-text-editor\" data-id=\"cc77d15\" data-element_type=\"widget\" data-widget_type=\"text-editor.default\">\n\t\t\t\t<div class=\"elementor-widget-container\">\n\t\t\t\t\t\t\t\t\t<p><b>Anal gland expression<\/b><\/p>\t\t\t\t\t\t\t\t<\/div>\n\t\t\t\t<\/div>\n\t\t\t\t<div class=\"elementor-element elementor-element-eaa282a elementor-widget elementor-widget-text-editor\" data-id=\"eaa282a\" data-element_type=\"widget\" data-widget_type=\"text-editor.default\">\n\t\t\t\t<div class=\"elementor-widget-container\">\n\t\t\t\t\t\t\t\t\t<p><span style=\"font-weight: 400;\">Service <\/span><b>emptying of the anal glands at home for your pet <\/b><span style=\"font-weight: 400;\">is a performance specialist who aims to clean the anal glands of your companion, especially for dogs, and sometimes cats, which can suffer from problems related to the accumulation of secretions in this area. This service is carried out in the comfort of your home, in order to minimize stress to the animal and to facilitate the care. Here&#039;s a detailed explanation of the service and its benefits. <\/span><\/p>\t\t\t\t\t\t\t\t<\/div>\n\t\t\t\t<\/div>\n\t\t\t\t\t<\/div>\n\t\t<\/div>\n\t\t\t\t\t<\/div>\n\t\t<\/section>\n\t\t\t\t<section class=\"elementor-section elementor-top-section elementor-element elementor-element-8983bf2 elementor-section-boxed elementor-section-height-default elementor-section-height-default\" data-id=\"8983bf2\" data-element_type=\"section\" data-settings=\"{&quot;background_background&quot;:&quot;classic&quot;}\">\n\t\t\t\t\t\t\t<div class=\"elementor-background-overlay\"><\/div>\n\t\t\t\t\t\t\t<div class=\"elementor-container elementor-column-gap-default\">\n\t\t\t\t\t<div class=\"elementor-column elementor-col-100 elementor-top-column elementor-element elementor-element-207d481\" data-id=\"207d481\" data-element_type=\"column\" data-settings=\"{&quot;background_background&quot;:&quot;classic&quot;}\">\n\t\t\t<div class=\"elementor-widget-wrap elementor-element-populated\">\n\t\t\t\t\t\t<section class=\"elementor-section elementor-inner-section elementor-element elementor-element-bba63a2 elementor-section-full_width elementor-section-height-default elementor-section-height-default\" data-id=\"bba63a2\" data-element_type=\"section\">\n\t\t\t\t\t\t<div class=\"elementor-container elementor-column-gap-default\">\n\t\t\t\t\t<div class=\"elementor-column elementor-col-50 elementor-inner-column elementor-element elementor-element-42583bb elementor-invisible\" data-id=\"42583bb\" data-element_type=\"column\" data-settings=\"{&quot;animation&quot;:&quot;fadeIn&quot;}\">\n\t\t\t<div class=\"elementor-widget-wrap elementor-element-populated\">\n\t\t\t\t\t\t<div class=\"elementor-element elementor-element-9291f13 elementor-widget__width-initial elementor-widget elementor-widget-text-editor\" data-id=\"9291f13\" data-element_type=\"widget\" data-widget_type=\"text-editor.default\">\n\t\t\t\t<div class=\"elementor-widget-container\">\n\t\t\t\t\t\t\t\t\t<div class=\"elementor-element elementor-element-7bc020f elementor-widget elementor-widget-text-editor\" data-id=\"7bc020f\" data-element_type=\"widget\" data-widget_type=\"text-editor.default\"><p><span style=\"font-weight: 400;\">The <\/span><b>anal glands <\/b><span style=\"font-weight: 400;\">(or glands peri-anal) are glands located on either side of the anus of the animal. They produce a secretion scent used to mark the territory. However, some situations, such as a poor diet, lack of exercise, or a genetic predisposition, may cause the accumulation of the secretion, resulting in pain or infections. The emptying of the anal glands is to evacuate the secretion of excess. The home delivery service includes the following steps : <\/span><\/p><p><span style=\"font-weight: 400;\">1. <\/span><b>Initial assessment <\/b><span style=\"font-weight: 400;\">:\u00a0<\/span><\/p><p><span style=\"font-weight: 400;\">The professional carries out a preliminary examination of the anal region of the animal to check if the glands are full, swollen, painful, or if an infection is present. <\/span><\/p><p><span style=\"font-weight: 400;\">2. <\/span><b>Anal gland expression <\/b><span style=\"font-weight: 400;\">:\u00a0<\/span><\/p><p><span style=\"font-weight: 400;\">\u2013 With the use of sterile gloves and using a gentle technique, the professional performs the emptying of the anal glands to remove excess secretions. This process is usually done manually, by exerting a gentle tap on the glands to release the content.\u00a0<\/span><\/p><p><span style=\"font-weight: 400;\">\u2013 In the case of glands very full or affected, a veterinarian can be recommended for a treatment more in-depth.\u00a0<\/span><\/p><ol start=\"3\"><li><b>Advice for post-care <\/b><span style=\"font-weight: 400;\">:\u00a0<\/span><\/li><\/ol><p><span style=\"font-weight: 400;\">\u2013 After the oil change, the professional will give recommendations to prevent re-accumulation or signs of infection.\u00a0<\/span><\/p><p><span style=\"font-weight: 400;\">\u2013 Advice on the management of the diet, hygiene, and exercise to reduce the risk of recurring problems.\u00a0<\/span><\/p><p><b>Necessary conditions\u00a0<\/b><\/p><ul><li><b>Accessibility of the animal <\/b><span style=\"font-weight: 400;\">: The animal must be calm and manageable, even if it may be a bit restless or uncomfortable. The professional will use stress management techniques to calm the animal.\u00a0<\/span><\/li><li><b>Absence of serious complications <\/b><span style=\"font-weight: 400;\">: If the animal shows signs of infection (redness, swelling, important, intense pain), a veterinary consultation is preferable before the emptying of the glands.\u00a0<\/span><\/li><\/ul><p><span style=\"font-weight: 400;\">\u2022 <\/span><b>Suitable environment <\/b><span style=\"font-weight: 400;\">: The treatment will be carried out in a quiet space, where the animal feels safe and where the professional can work effectively. <\/span><\/p><\/div>\t\t\t\t\t\t\t\t<\/div>\n\t\t\t\t<\/div>\n\t\t\t\t<div class=\"elementor-element elementor-element-9fb9a86 elementor-widget elementor-widget-image\" data-id=\"9fb9a86\" data-element_type=\"widget\" data-widget_type=\"image.default\">\n\t\t\t\t<div class=\"elementor-widget-container\">\n\t\t\t\t\t\t\t\t\t\t\t\t\t\t\t<img fetchpriority=\"high\" decoding=\"async\" width=\"1199\" height=\"895\" src=\"https:\/\/animex.info\/wp-content\/uploads\/2025\/02\/Glandes2.jpg\" class=\"attachment-large size-large wp-image-31089\" alt=\"\" srcset=\"https:\/\/animex.info\/wp-content\/uploads\/2025\/02\/Glandes2.jpg 1290w, https:\/\/animex.info\/wp-content\/uploads\/2025\/02\/Glandes2-300x224.jpg 300w, https:\/\/animex.info\/wp-content\/uploads\/2025\/02\/Glandes2-768x573.jpg 768w\" sizes=\"(max-width: 1199px) 100vw, 1199px\" \/>\t\t\t\t\t\t\t\t\t\t\t\t\t\t\t<\/div>\n\t\t\t\t<\/div>\n\t\t\t\t\t<\/div>\n\t\t<\/div>\n\t\t\t\t<div class=\"elementor-column elementor-col-50 elementor-inner-column elementor-element elementor-element-915a026 elementor-invisible\" data-id=\"915a026\" data-element_type=\"column\" data-settings=\"{&quot;background_background&quot;:&quot;classic&quot;,&quot;animation&quot;:&quot;fadeIn&quot;,&quot;animation_delay&quot;:200}\">\n\t\t\t<div class=\"elementor-widget-wrap elementor-element-populated\">\n\t\t\t\t\t\t<div class=\"elementor-element elementor-element-35094c7 elementor-widget elementor-widget-image\" data-id=\"35094c7\" data-element_type=\"widget\" data-widget_type=\"image.default\">\n\t\t\t\t<div class=\"elementor-widget-container\">\n\t\t\t\t\t\t\t\t\t\t\t\t\t\t\t<img decoding=\"async\" width=\"1199\" height=\"900\" src=\"https:\/\/animex.info\/wp-content\/uploads\/2025\/02\/Glandes1.jpg\" class=\"attachment-large size-large wp-image-31088\" alt=\"\" srcset=\"https:\/\/animex.info\/wp-content\/uploads\/2025\/02\/Glandes1.jpg 1846w, https:\/\/animex.info\/wp-content\/uploads\/2025\/02\/Glandes1-300x225.jpg 300w, https:\/\/animex.info\/wp-content\/uploads\/2025\/02\/Glandes1-768x577.jpg 768w, https:\/\/animex.info\/wp-content\/uploads\/2025\/02\/Glandes1-1536x1153.jpg 1536w\" sizes=\"(max-width: 1199px) 100vw, 1199px\" \/>\t\t\t\t\t\t\t\t\t\t\t\t\t\t\t<\/div>\n\t\t\t\t<\/div>\n\t\t\t\t<div class=\"elementor-element elementor-element-2f000cb elementor-widget elementor-widget-text-editor\" data-id=\"2f000cb\" data-element_type=\"widget\" data-widget_type=\"text-editor.default\">\n\t\t\t\t<div class=\"elementor-widget-container\">\n\t\t\t\t\t\t\t\t\t<p><b>Benefits\u00a0<\/b><\/p><ol><li><b>Practicality and comfort <\/b><span style=\"font-weight: 400;\">:\u00a0<\/span><\/li><\/ol><p><span style=\"font-weight: 400;\">\u2013 To carry out the emptying of the anal glands at home allows your pet to remain in a familiar environment, which reduces the stress in relation to a vet or to the groomer.\u00a0<\/span><\/p><p><span style=\"font-weight: 400;\">\u2013 You do not need to move or manage the transportation of your animal to a veterinary clinic.<\/span><\/p><ol start=\"2\"><li><b>Care professional <\/b><span style=\"font-weight: 400;\">:\u00a0<\/span><\/li><\/ol><p><span style=\"font-weight: 400;\">\u2013 The service is carried out by a professional trained and experienced who knows the proper techniques and anatomy of the animals, ensuring that care is safe and effective. \u2013 Avoid the risks associated with an attempt to drain improper or incorrectly performed by unqualified people.\u00a0<\/span><\/p><ol start=\"3\"><li><b>Infection prevention and pain <\/b><span style=\"font-weight: 400;\">:\u00a0<\/span><\/li><\/ol><p><span style=\"font-weight: 400;\">\u2013 Change oil regularly helps to avoid the excessive accumulation of secretions, which may cause infections, inflammations, or abscesses in the anal zone. \u2013 This practice relieves the animals who are suffering from pain due to glands are full, which can also make the animal uncomfortable when walking or sitting.\u00a0<\/span><\/p><ol start=\"4\"><li><b>Improving the well-being of the animal <\/b><span style=\"font-weight: 400;\">:\u00a0<\/span><\/li><\/ol><p><span style=\"font-weight: 400;\">\u2013 Preventing complications, such as infection of the anal glands or inflammation, you will improve the comfort and the overall health of your companion. \u2013 Reduced the behaviors annoying such that the licking is excessive or the drag of the buttocks to the ground (what we call the &#034; scooting &#034;), signs of anal glands are full, or irritated.\u00a0<\/span><\/p><ol start=\"5\"><li><b>Personalised advice <\/b><span style=\"font-weight: 400;\">:\u00a0<\/span><\/li><\/ol><p><span style=\"font-weight: 400;\">\u2013 The professional can offer advice on the long-term management, including recommendations on adjustments to food (dietary fiber in the diet, supplementation), physical exercise, and hygiene to prevent the glands to fill up again quickly.\u00a0<\/span><\/p><p><span style=\"font-weight: 400;\">\u2013 Helps to identify the early symptoms of a new build or an infection, to intervene quickly if necessary.\u00a0<\/span><\/p>\t\t\t\t\t\t\t\t<\/div>\n\t\t\t\t<\/div>\n\t\t\t\t<div class=\"elementor-element elementor-element-1079912 elementor-widget__width-initial elementor-absolute elementor-widget elementor-widget-image\" data-id=\"1079912\" data-element_type=\"widget\" data-settings=\"{&quot;_position&quot;:&quot;absolute&quot;}\" data-widget_type=\"image.default\">\n\t\t\t\t<div class=\"elementor-widget-container\">\n\t\t\t\t\t\t\t\t\t\t\t\t\t\t\t<img decoding=\"async\" width=\"271\" height=\"271\" src=\"https:\/\/animex.info\/wp-content\/uploads\/2024\/03\/53gb.png\" class=\"attachment-large size-large wp-image-29917\" alt=\"\" srcset=\"https:\/\/animex.info\/wp-content\/uploads\/2024\/03\/53gb.png 271w, https:\/\/animex.info\/wp-content\/uploads\/2024\/03\/53gb-150x150.png 150w\" sizes=\"(max-width: 271px) 100vw, 271px\" \/>\t\t\t\t\t\t\t\t\t\t\t\t\t\t\t<\/div>\n\t\t\t\t<\/div>\n\t\t\t\t\t<\/div>\n\t\t<\/div>\n\t\t\t\t\t<\/div>\n\t\t<\/section>\n\t\t\t\t<div class=\"elementor-element elementor-element-409e6f1 elementor-widget elementor-widget-text-editor\" data-id=\"409e6f1\" data-element_type=\"widget\" data-widget_type=\"text-editor.default\">\n\t\t\t\t<div class=\"elementor-widget-container\">\n\t\t\t\t\t\t\t\t\t<p><b>Frequency of emptying\u00a0<\/b><\/p><p><span style=\"font-weight: 400;\">Animals that have the anal glands frequently full may require an oil change every 2 to 3 months, while other animals do not need to have a treatment once or twice a year. The frequency will depend on the animal and its mode of life (nutrition, physical activity, etc).\u00a0<\/span><\/p><p><span style=\"font-weight: 400;\">In summary, the service <\/span><b>emptying of the anal glands at home <\/b><span style=\"font-weight: 400;\">it is efficient and convenient for maintain the health and comfort of your pet, while reducing the stress of travel. It helps to prevent infection and pain, while bringing you personalized advice for optimal monitoring.<\/span><\/p>\t\t\t\t\t\t\t\t<\/div>\n\t\t\t\t<\/div>\n\t\t\t\t\t<\/div>\n\t\t<\/div>\n\t\t\t\t\t<\/div>\n\t\t<\/section>\n\t\t\t\t<section class=\"elementor-section elementor-top-section elementor-element elementor-element-a495dfc elementor-section-boxed elementor-section-height-default elementor-section-height-default\" data-id=\"a495dfc\" data-element_type=\"section\" data-settings=\"{&quot;background_background&quot;:&quot;classic&quot;}\">\n\t\t\t\t\t\t\t<div class=\"elementor-background-overlay\"><\/div>\n\t\t\t\t\t\t\t<div class=\"elementor-container elementor-column-gap-default\">\n\t\t\t\t\t<div class=\"elementor-column elementor-col-100 elementor-top-column elementor-element elementor-element-d867232\" data-id=\"d867232\" data-element_type=\"column\" data-settings=\"{&quot;background_background&quot;:&quot;classic&quot;}\">\n\t\t\t<div class=\"elementor-widget-wrap elementor-element-populated\">\n\t\t\t\t\t<div class=\"elementor-background-overlay\"><\/div>\n\t\t\t\t\t\t<section class=\"elementor-section elementor-inner-section elementor-element elementor-element-72b0d63 elementor-section-boxed elementor-section-height-default elementor-section-height-default\" data-id=\"72b0d63\" data-element_type=\"section\">\n\t\t\t\t\t\t<div class=\"elementor-container elementor-column-gap-default\">\n\t\t\t\t\t<div class=\"elementor-column elementor-col-100 elementor-inner-column elementor-element elementor-element-a308282\" data-id=\"a308282\" data-element_type=\"column\">\n\t\t\t<div class=\"elementor-widget-wrap elementor-element-populated\">\n\t\t\t\t\t\t<div class=\"elementor-element elementor-element-a46452e elementor-widget-mobile__width-inherit elementor-widget elementor-widget-text-editor\" data-id=\"a46452e\" data-element_type=\"widget\" data-widget_type=\"text-editor.default\">\n\t\t\t\t<div class=\"elementor-widget-container\">\n\t\t\t\t\t\t\t\t\t<p>You don't want just anyone taking care of your loved ones?<\/p>\t\t\t\t\t\t\t\t<\/div>\n\t\t\t\t<\/div>\n\t\t\t\t<div class=\"elementor-element elementor-element-13d677b elementor-widget elementor-widget-text-editor\" data-id=\"13d677b\" data-element_type=\"widget\" data-widget_type=\"text-editor.default\">\n\t\t\t\t<div class=\"elementor-widget-container\">\n\t\t\t\t\t\t\t\t\t<p><span style=\"font-weight: 400;\">We are dedicated and reliable technicians and veterinary assistants! <\/span><\/p>\t\t\t\t\t\t\t\t<\/div>\n\t\t\t\t<\/div>\n\t\t\t\t\t<\/div>\n\t\t<\/div>\n\t\t\t\t\t<\/div>\n\t\t<\/section>\n\t\t\t\t\t<\/div>\n\t\t<\/div>\n\t\t\t\t\t<\/div>\n\t\t<\/section>\n\t\t\t\t<\/div>","protected":false},"excerpt":{"rendered":"<p>Vidange des glandes anales Le service de vidange des glandes anales \u00e0 domicile pour votre animal est une prestation\u00a0 sp\u00e9cialis\u00e9e qui vise \u00e0 nettoyer les glandes anales de votre compagnon, en particulier pour les\u00a0 chiens et parfois les chats, qui peuvent souffrir de probl\u00e8mes li\u00e9s \u00e0 l\u2019accumulation de s\u00e9cr\u00e9tions\u00a0 dans cette zone. Ce service est [&hellip;]<\/p>","protected":false},"author":1,"featured_media":0,"parent":0,"menu_order":0,"comment_status":"closed","ping_status":"closed","template":"page-templates\/template-full-width-page-without-header-title.php","meta":{"footnotes":""},"class_list":["post-31083","page","type-page","status-publish","hentry"],"yoast_head":"<!-- This site is optimized with the Yoast SEO plugin v24.3 - https:\/\/yoast.com\/wordpress\/plugins\/seo\/ -->\n<title>Vidange glandes anales | Garde s\u00e9curis\u00e9e - Animex<\/title>\n<meta name=\"description\" content=\"Confiez vos animaux \u00e0 Animex pour une vidange glandes anales. Soins sp\u00e9cialis\u00e9s, confort et s\u00e9r\u00e9nit\u00e9 assur\u00e9s par des techniciennes qualifi\u00e9es.\" \/>\n<meta name=\"robots\" content=\"index, follow, max-snippet:-1, max-image-preview:large, max-video-preview:-1\" \/>\n<link rel=\"canonical\" href=\"https:\/\/animex.info\/en\/vidange-glandes-anales\/\" \/>\n<meta property=\"og:locale\" content=\"en_US\" \/>\n<meta property=\"og:type\" content=\"article\" \/>\n<meta property=\"og:title\" content=\"Vidange glandes anales | Garde s\u00e9curis\u00e9e - Animex\" \/>\n<meta property=\"og:description\" content=\"Confiez vos animaux \u00e0 Animex pour une vidange glandes anales. Soins sp\u00e9cialis\u00e9s, confort et s\u00e9r\u00e9nit\u00e9 assur\u00e9s par des techniciennes qualifi\u00e9es.\" \/>\n<meta property=\"og:url\" content=\"https:\/\/animex.info\/en\/vidange-glandes-anales\/\" \/>\n<meta property=\"og:site_name\" content=\"Animex\" \/>\n<meta property=\"article:modified_time\" content=\"2025-03-10T21:22:27+00:00\" \/>\n<meta property=\"og:image\" content=\"https:\/\/animex.info\/wp-content\/uploads\/2025\/02\/Glandes2.jpg\" \/>\n<meta name=\"twitter:card\" content=\"summary_large_image\" \/>\n<script type=\"application\/ld+json\" class=\"yoast-schema-graph\">{\"@context\":\"https:\/\/schema.org\",\"@graph\":[{\"@type\":\"WebPage\",\"@id\":\"https:\/\/animex.info\/vidange-glandes-anales\/\",\"url\":\"https:\/\/animex.info\/vidange-glandes-anales\/\",\"name\":\"Vidange glandes anales | Garde s\u00e9curis\u00e9e - Animex\",\"isPartOf\":{\"@id\":\"https:\/\/animex.info\/#website\"},\"primaryImageOfPage\":{\"@id\":\"https:\/\/animex.info\/vidange-glandes-anales\/#primaryimage\"},\"image\":{\"@id\":\"https:\/\/animex.info\/vidange-glandes-anales\/#primaryimage\"},\"thumbnailUrl\":\"https:\/\/animex.info\/wp-content\/uploads\/2025\/02\/Glandes2.jpg\",\"datePublished\":\"2025-02-09T20:20:26+00:00\",\"dateModified\":\"2025-03-10T21:22:27+00:00\",\"description\":\"Confiez vos animaux \u00e0 Animex pour une vidange glandes anales. Soins sp\u00e9cialis\u00e9s, confort et s\u00e9r\u00e9nit\u00e9 assur\u00e9s par des techniciennes qualifi\u00e9es.\",\"breadcrumb\":{\"@id\":\"https:\/\/animex.info\/vidange-glandes-anales\/#breadcrumb\"},\"inLanguage\":\"en-CA\",\"potentialAction\":[{\"@type\":\"ReadAction\",\"target\":[\"https:\/\/animex.info\/vidange-glandes-anales\/\"]}]},{\"@type\":\"ImageObject\",\"inLanguage\":\"en-CA\",\"@id\":\"https:\/\/animex.info\/vidange-glandes-anales\/#primaryimage\",\"url\":\"https:\/\/animex.info\/wp-content\/uploads\/2025\/02\/Glandes2.jpg\",\"contentUrl\":\"https:\/\/animex.info\/wp-content\/uploads\/2025\/02\/Glandes2.jpg\"},{\"@type\":\"BreadcrumbList\",\"@id\":\"https:\/\/animex.info\/vidange-glandes-anales\/#breadcrumb\",\"itemListElement\":[{\"@type\":\"ListItem\",\"position\":1,\"name\":\"Home\",\"item\":\"https:\/\/animex.info\/\"},{\"@type\":\"ListItem\",\"position\":2,\"name\":\"Vidange glandes anales\"}]},{\"@type\":\"WebSite\",\"@id\":\"https:\/\/animex.info\/#website\",\"url\":\"https:\/\/animex.info\/\",\"name\":\"Animex\",\"description\":\"\",\"publisher\":{\"@id\":\"https:\/\/animex.info\/#organization\"},\"potentialAction\":[{\"@type\":\"SearchAction\",\"target\":{\"@type\":\"EntryPoint\",\"urlTemplate\":\"https:\/\/animex.info\/?s={search_term_string}\"},\"query-input\":{\"@type\":\"PropertyValueSpecification\",\"valueRequired\":true,\"valueName\":\"search_term_string\"}}],\"inLanguage\":\"en-CA\"},{\"@type\":\"Organization\",\"@id\":\"https:\/\/animex.info\/#organization\",\"name\":\"Animex\",\"url\":\"https:\/\/animex.info\/\",\"logo\":{\"@type\":\"ImageObject\",\"inLanguage\":\"en-CA\",\"@id\":\"https:\/\/animex.info\/#\/schema\/logo\/image\/\",\"url\":\"https:\/\/animex.info\/wp-content\/uploads\/2025\/01\/animex-logo-2025.png\",\"contentUrl\":\"https:\/\/animex.info\/wp-content\/uploads\/2025\/01\/animex-logo-2025.png\",\"width\":11607,\"height\":2512,\"caption\":\"Animex\"},\"image\":{\"@id\":\"https:\/\/animex.info\/#\/schema\/logo\/image\/\"}}]}<\/script>\n<!-- \/ Yoast SEO plugin. -->","yoast_head_json":{"title":"Vidange glandes anales | Garde s\u00e9curis\u00e9e - Animex","description":"Confiez vos animaux \u00e0 Animex pour une vidange glandes anales. Soins sp\u00e9cialis\u00e9s, confort et s\u00e9r\u00e9nit\u00e9 assur\u00e9s par des techniciennes qualifi\u00e9es.","robots":{"index":"index","follow":"follow","max-snippet":"max-snippet:-1","max-image-preview":"max-image-preview:large","max-video-preview":"max-video-preview:-1"},"canonical":"https:\/\/animex.info\/en\/vidange-glandes-anales\/","og_locale":"en_US","og_type":"article","og_title":"Vidange glandes anales | Garde s\u00e9curis\u00e9e - Animex","og_description":"Confiez vos animaux \u00e0 Animex pour une vidange glandes anales. Soins sp\u00e9cialis\u00e9s, confort et s\u00e9r\u00e9nit\u00e9 assur\u00e9s par des techniciennes qualifi\u00e9es.","og_url":"https:\/\/animex.info\/en\/vidange-glandes-anales\/","og_site_name":"Animex","article_modified_time":"2025-03-10T21:22:27+00:00","og_image":[{"url":"https:\/\/animex.info\/wp-content\/uploads\/2025\/02\/Glandes2.jpg","type":"","width":"","height":""}],"twitter_card":"summary_large_image","schema":{"@context":"https:\/\/schema.org","@graph":[{"@type":"WebPage","@id":"https:\/\/animex.info\/vidange-glandes-anales\/","url":"https:\/\/animex.info\/vidange-glandes-anales\/","name":"Vidange glandes anales | Garde s\u00e9curis\u00e9e - Animex","isPartOf":{"@id":"https:\/\/animex.info\/#website"},"primaryImageOfPage":{"@id":"https:\/\/animex.info\/vidange-glandes-anales\/#primaryimage"},"image":{"@id":"https:\/\/animex.info\/vidange-glandes-anales\/#primaryimage"},"thumbnailUrl":"https:\/\/animex.info\/wp-content\/uploads\/2025\/02\/Glandes2.jpg","datePublished":"2025-02-09T20:20:26+00:00","dateModified":"2025-03-10T21:22:27+00:00","description":"Confiez vos animaux \u00e0 Animex pour une vidange glandes anales. Soins sp\u00e9cialis\u00e9s, confort et s\u00e9r\u00e9nit\u00e9 assur\u00e9s par des techniciennes qualifi\u00e9es.","breadcrumb":{"@id":"https:\/\/animex.info\/vidange-glandes-anales\/#breadcrumb"},"inLanguage":"en-CA","potentialAction":[{"@type":"ReadAction","target":["https:\/\/animex.info\/vidange-glandes-anales\/"]}]},{"@type":"ImageObject","inLanguage":"en-CA","@id":"https:\/\/animex.info\/vidange-glandes-anales\/#primaryimage","url":"https:\/\/animex.info\/wp-content\/uploads\/2025\/02\/Glandes2.jpg","contentUrl":"https:\/\/animex.info\/wp-content\/uploads\/2025\/02\/Glandes2.jpg"},{"@type":"BreadcrumbList","@id":"https:\/\/animex.info\/vidange-glandes-anales\/#breadcrumb","itemListElement":[{"@type":"ListItem","position":1,"name":"Home","item":"https:\/\/animex.info\/"},{"@type":"ListItem","position":2,"name":"Vidange glandes anales"}]},{"@type":"WebSite","@id":"https:\/\/animex.info\/#website","url":"https:\/\/animex.info\/","name":"Animex","description":"","publisher":{"@id":"https:\/\/animex.info\/#organization"},"potentialAction":[{"@type":"SearchAction","target":{"@type":"EntryPoint","urlTemplate":"https:\/\/animex.info\/?s={search_term_string}"},"query-input":{"@type":"PropertyValueSpecification","valueRequired":true,"valueName":"search_term_string"}}],"inLanguage":"en-CA"},{"@type":"Organization","@id":"https:\/\/animex.info\/#organization","name":"Animex","url":"https:\/\/animex.info\/","logo":{"@type":"ImageObject","inLanguage":"en-CA","@id":"https:\/\/animex.info\/#\/schema\/logo\/image\/","url":"https:\/\/animex.info\/wp-content\/uploads\/2025\/01\/animex-logo-2025.png","contentUrl":"https:\/\/animex.info\/wp-content\/uploads\/2025\/01\/animex-logo-2025.png","width":11607,"height":2512,"caption":"Animex"},"image":{"@id":"https:\/\/animex.info\/#\/schema\/logo\/image\/"}}]}},"_links":{"self":[{"href":"https:\/\/animex.info\/en\/wp-json\/wp\/v2\/pages\/31083","targetHints":{"allow":["GET"]}}],"collection":[{"href":"https:\/\/animex.info\/en\/wp-json\/wp\/v2\/pages"}],"about":[{"href":"https:\/\/animex.info\/en\/wp-json\/wp\/v2\/types\/page"}],"author":[{"embeddable":true,"href":"https:\/\/animex.info\/en\/wp-json\/wp\/v2\/users\/1"}],"replies":[{"embeddable":true,"href":"https:\/\/animex.info\/en\/wp-json\/wp\/v2\/comments?post=31083"}],"version-history":[{"count":10,"href":"https:\/\/animex.info\/en\/wp-json\/wp\/v2\/pages\/31083\/revisions"}],"predecessor-version":[{"id":31311,"href":"https:\/\/animex.info\/en\/wp-json\/wp\/v2\/pages\/31083\/revisions\/31311"}],"wp:attachment":[{"href":"https:\/\/animex.info\/en\/wp-json\/wp\/v2\/media?parent=31083"}],"curies":[{"name":"wp","href":"https:\/\/api.w.org\/{rel}","templated":true}]}}