{"id":31073,"date":"2025-02-09T20:16:09","date_gmt":"2025-02-09T20:16:09","guid":{"rendered":"https:\/\/animex.info\/?page_id=31073"},"modified":"2025-03-10T16:21:28","modified_gmt":"2025-03-10T21:21:28","slug":"nettoyage-oreilles-et-ou-yeux","status":"publish","type":"page","link":"https:\/\/animex.info\/en\/nettoyage-oreilles-et-ou-yeux\/","title":{"rendered":"Ear and\/or eye cleaning"},"content":{"rendered":"<div data-elementor-type=\"wp-page\" data-elementor-id=\"31073\" class=\"elementor elementor-31073\">\n\t\t\t\t\t\t<section class=\"elementor-section elementor-top-section elementor-element elementor-element-16913e9 elementor-section-content-bottom elementor-section-boxed elementor-section-height-default elementor-section-height-default\" data-id=\"16913e9\" data-element_type=\"section\" data-settings=\"{&quot;background_background&quot;:&quot;classic&quot;}\">\n\t\t\t\t\t\t\t<div class=\"elementor-background-overlay\"><\/div>\n\t\t\t\t\t\t\t<div class=\"elementor-container elementor-column-gap-custom\">\n\t\t\t\t\t<div class=\"elementor-column elementor-col-100 elementor-top-column elementor-element elementor-element-4dce781 elementor-invisible\" data-id=\"4dce781\" data-element_type=\"column\" data-settings=\"{&quot;animation&quot;:&quot;fadeIn&quot;}\">\n\t\t\t<div class=\"elementor-widget-wrap elementor-element-populated\">\n\t\t\t\t\t\t<div class=\"elementor-element elementor-element-cc77d15 elementor-widget elementor-widget-text-editor\" data-id=\"cc77d15\" data-element_type=\"widget\" data-widget_type=\"text-editor.default\">\n\t\t\t\t<div class=\"elementor-widget-container\">\n\t\t\t\t\t\t\t\t\t<p><b>Cleaning of the ears and\/or eyes<\/b><\/p>\t\t\t\t\t\t\t\t<\/div>\n\t\t\t\t<\/div>\n\t\t\t\t<div class=\"elementor-element elementor-element-eaa282a elementor-widget elementor-widget-text-editor\" data-id=\"eaa282a\" data-element_type=\"widget\" data-widget_type=\"text-editor.default\">\n\t\t\t\t<div class=\"elementor-widget-container\">\n\t\t\t\t\t\t\t\t\t<p><span style=\"font-weight: 400;\">Service <\/span><b>cleaning of the ears and\/or eyes at home for your pet <\/b><span style=\"font-weight: 400;\">is designed to provide a care essential in the comfort of your home. This service is open to all pet owners wishing to ensure optimal hygiene of the eyes and ears of their companion, while avoiding the displacement-stress at the vet or the groomer. Here&#039;s a detailed explanation of the service and its benefits. <\/span><\/p>\t\t\t\t\t\t\t\t<\/div>\n\t\t\t\t<\/div>\n\t\t\t\t\t<\/div>\n\t\t<\/div>\n\t\t\t\t\t<\/div>\n\t\t<\/section>\n\t\t\t\t<section class=\"elementor-section elementor-top-section elementor-element elementor-element-8983bf2 elementor-section-boxed elementor-section-height-default elementor-section-height-default\" data-id=\"8983bf2\" data-element_type=\"section\" data-settings=\"{&quot;background_background&quot;:&quot;classic&quot;}\">\n\t\t\t\t\t\t\t<div class=\"elementor-background-overlay\"><\/div>\n\t\t\t\t\t\t\t<div class=\"elementor-container elementor-column-gap-default\">\n\t\t\t\t\t<div class=\"elementor-column elementor-col-100 elementor-top-column elementor-element elementor-element-207d481\" data-id=\"207d481\" data-element_type=\"column\" data-settings=\"{&quot;background_background&quot;:&quot;classic&quot;}\">\n\t\t\t<div class=\"elementor-widget-wrap elementor-element-populated\">\n\t\t\t\t\t\t<section class=\"elementor-section elementor-inner-section elementor-element elementor-element-bba63a2 elementor-section-full_width elementor-section-height-default elementor-section-height-default\" data-id=\"bba63a2\" data-element_type=\"section\">\n\t\t\t\t\t\t<div class=\"elementor-container elementor-column-gap-default\">\n\t\t\t\t\t<div class=\"elementor-column elementor-col-50 elementor-inner-column elementor-element elementor-element-42583bb elementor-invisible\" data-id=\"42583bb\" data-element_type=\"column\" data-settings=\"{&quot;animation&quot;:&quot;fadeIn&quot;}\">\n\t\t\t<div class=\"elementor-widget-wrap elementor-element-populated\">\n\t\t\t\t\t\t<div class=\"elementor-element elementor-element-9291f13 elementor-widget__width-initial elementor-widget elementor-widget-text-editor\" data-id=\"9291f13\" data-element_type=\"widget\" data-widget_type=\"text-editor.default\">\n\t\t\t\t<div class=\"elementor-widget-container\">\n\t\t\t\t\t\t\t\t\t<p>The cleaning of the ears and\/or eyes of your pet is a key step to maintain its health and prevent various infections or discomfort. The service includes : <br \/><strong>1. Preliminary examination :<\/strong> A qualified professional assesses the state of the eyes and\/or ears of your pet prior to cleaning. <br \/><strong>2. Gentle clean :<\/strong> <br \/>\u2013 For the ears : Removal of excess wax, debris, or any residue, using products that are adapted to the species and the sensitivity of your pet. \u2013 For the eyes : Removal of secretions, cleaning the contours of the eye and hydration if necessary, to avoid irritation or obstruction. <br \/><strong>3. Personalized advice :<\/strong> The professional provides recommendations to maintain the hygiene of the ears and eyes between the interventions, depending on the specific needs of the animal.<\/p><p><br \/><strong>Necessary conditions<\/strong> <br \/>\u2022 Accessibility of the animal : The animal needs to be cooperative or, in default, tangible, smooth, with the possible assistance of the owner. <br \/>\u2022 Quiet environment : A quiet room and clean is necessary to ensure an effective response and reduce the stress of the animal. <br \/>\u2022 General state of health : The service is intended for routine maintenance. In the case of serious infection or specific problems (otitis media, conjunctivitis, etc), a veterinary consultation is recommended.<\/p>\t\t\t\t\t\t\t\t<\/div>\n\t\t\t\t<\/div>\n\t\t\t\t<div class=\"elementor-element elementor-element-9fb9a86 elementor-widget elementor-widget-image\" data-id=\"9fb9a86\" data-element_type=\"widget\" data-widget_type=\"image.default\">\n\t\t\t\t<div class=\"elementor-widget-container\">\n\t\t\t\t\t\t\t\t\t\t\t\t\t\t\t<img fetchpriority=\"high\" decoding=\"async\" width=\"1199\" height=\"1599\" src=\"https:\/\/animex.info\/wp-content\/uploads\/2025\/02\/Nettoyage2.jpg\" class=\"attachment-large size-large wp-image-31079\" alt=\"\" srcset=\"https:\/\/animex.info\/wp-content\/uploads\/2025\/02\/Nettoyage2.jpg 1500w, https:\/\/animex.info\/wp-content\/uploads\/2025\/02\/Nettoyage2-225x300.jpg 225w, https:\/\/animex.info\/wp-content\/uploads\/2025\/02\/Nettoyage2-768x1024.jpg 768w, https:\/\/animex.info\/wp-content\/uploads\/2025\/02\/Nettoyage2-1152x1536.jpg 1152w\" sizes=\"(max-width: 1199px) 100vw, 1199px\" \/>\t\t\t\t\t\t\t\t\t\t\t\t\t\t\t<\/div>\n\t\t\t\t<\/div>\n\t\t\t\t\t<\/div>\n\t\t<\/div>\n\t\t\t\t<div class=\"elementor-column elementor-col-50 elementor-inner-column elementor-element elementor-element-915a026 elementor-invisible\" data-id=\"915a026\" data-element_type=\"column\" data-settings=\"{&quot;background_background&quot;:&quot;classic&quot;,&quot;animation&quot;:&quot;fadeIn&quot;,&quot;animation_delay&quot;:200}\">\n\t\t\t<div class=\"elementor-widget-wrap elementor-element-populated\">\n\t\t\t\t\t\t<div class=\"elementor-element elementor-element-35094c7 elementor-widget elementor-widget-image\" data-id=\"35094c7\" data-element_type=\"widget\" data-widget_type=\"image.default\">\n\t\t\t\t<div class=\"elementor-widget-container\">\n\t\t\t\t\t\t\t\t\t\t\t\t\t\t\t<img decoding=\"async\" width=\"1199\" height=\"1599\" src=\"https:\/\/animex.info\/wp-content\/uploads\/2025\/02\/Nettoyage1.jpg\" class=\"attachment-large size-large wp-image-31078\" alt=\"\" srcset=\"https:\/\/animex.info\/wp-content\/uploads\/2025\/02\/Nettoyage1.jpg 1500w, https:\/\/animex.info\/wp-content\/uploads\/2025\/02\/Nettoyage1-225x300.jpg 225w, https:\/\/animex.info\/wp-content\/uploads\/2025\/02\/Nettoyage1-768x1024.jpg 768w, https:\/\/animex.info\/wp-content\/uploads\/2025\/02\/Nettoyage1-1152x1536.jpg 1152w\" sizes=\"(max-width: 1199px) 100vw, 1199px\" \/>\t\t\t\t\t\t\t\t\t\t\t\t\t\t\t<\/div>\n\t\t\t\t<\/div>\n\t\t\t\t<div class=\"elementor-element elementor-element-2f000cb elementor-widget elementor-widget-text-editor\" data-id=\"2f000cb\" data-element_type=\"widget\" data-widget_type=\"text-editor.default\">\n\t\t\t\t<div class=\"elementor-widget-container\">\n\t\t\t\t\t\t\t\t\t<p><b>Benefits\u00a0<\/b><\/p><ol><li><b>Comfort for the animal <\/b><span style=\"font-weight: 400;\">:\u00a0<\/span><\/li><\/ol><p><b>&#8211; <\/b><span style=\"font-weight: 400;\">Implementation of care in a familiar environment, reducing stress and anxiety. <\/span><b>&#8211; <\/b><span style=\"font-weight: 400;\">Mild methods and adapted to the sensitivity of the animal, avoiding the trauma. <\/span><\/p><p><span style=\"font-weight: 400;\">2. <\/span><b>Prevention of health problems <\/b><span style=\"font-weight: 400;\">:\u00a0<\/span><\/p><p><b>&#8211; <\/b><span style=\"font-weight: 400;\">A regular cleaning reduces the risk of ear infections, eye infections, or accumulation of secretions annoying.\u00a0<\/span><\/p><p><b>&#8211; <\/b><span style=\"font-weight: 400;\">Early detection of abnormalities (redness, inflammation, unusual odours, etc) that require special attention.\u00a0<\/span><\/p><ol start=\"3\"><li><b>Time-saving and convenience <\/b><span style=\"font-weight: 400;\">:\u00a0<\/span><\/li><\/ol><p><b>&#8211; <\/b><span style=\"font-weight: 400;\">&#039;t need to move in a clinic or salon.\u00a0<\/span><\/p><p><b>&#8211; <\/b><span style=\"font-weight: 400;\">The professional takes care of everything, of the consideration to hygiene, in the comfort of your home.\u00a0<\/span><\/p><ol start=\"4\"><li><b>Personalised advice <\/b><span style=\"font-weight: 400;\">:\u00a0<\/span><\/li><\/ol><p><b>&#8211; <\/b><span style=\"font-weight: 400;\">Learn the best practices for the maintenance of the eyes and ears of your pet.\u00a0<\/span><\/p><p><b>&#8211; <\/b><span style=\"font-weight: 400;\">Get recommendations on the suitability of these products and the frequency of cleaning.<\/span><\/p><ol start=\"5\"><li><b>Improving the quality of life of the animal <\/b><span style=\"font-weight: 400;\">:\u00a0<\/span><\/li><\/ol><p><b>&#8211; <\/b><span style=\"font-weight: 400;\">Hygiene ocular and auricular regular ensures better comfort for the animal, avoiding irritation, itching or pain.\u00a0<\/span><\/p><p><b>&#8211; <\/b><span style=\"font-weight: 400;\">Helps to strengthen the relationship with the animal by combining this treatment with a moment of well-being.\u00a0<\/span><\/p>\t\t\t\t\t\t\t\t<\/div>\n\t\t\t\t<\/div>\n\t\t\t\t<div class=\"elementor-element elementor-element-1079912 elementor-widget__width-initial elementor-absolute elementor-widget elementor-widget-image\" data-id=\"1079912\" data-element_type=\"widget\" data-settings=\"{&quot;_position&quot;:&quot;absolute&quot;}\" data-widget_type=\"image.default\">\n\t\t\t\t<div class=\"elementor-widget-container\">\n\t\t\t\t\t\t\t\t\t\t\t\t\t\t\t<img decoding=\"async\" width=\"271\" height=\"271\" src=\"https:\/\/animex.info\/wp-content\/uploads\/2024\/03\/53gb.png\" class=\"attachment-large size-large wp-image-29917\" alt=\"\" srcset=\"https:\/\/animex.info\/wp-content\/uploads\/2024\/03\/53gb.png 271w, https:\/\/animex.info\/wp-content\/uploads\/2024\/03\/53gb-150x150.png 150w\" sizes=\"(max-width: 271px) 100vw, 271px\" \/>\t\t\t\t\t\t\t\t\t\t\t\t\t\t\t<\/div>\n\t\t\t\t<\/div>\n\t\t\t\t\t<\/div>\n\t\t<\/div>\n\t\t\t\t\t<\/div>\n\t\t<\/section>\n\t\t\t\t<div class=\"elementor-element elementor-element-409e6f1 elementor-widget elementor-widget-text-editor\" data-id=\"409e6f1\" data-element_type=\"widget\" data-widget_type=\"text-editor.default\">\n\t\t\t\t<div class=\"elementor-widget-container\">\n\t\t\t\t\t\t\t\t\t<p><span style=\"font-weight: 400;\">In summary, the cleaning of the ears and\/or eyes at home is a convenient and beneficial for the health of your pet. It combines <\/span><b>professionalism<\/b><span style=\"font-weight: 400;\">, <\/span><b>comfort<\/b><span style=\"font-weight: 400;\">, and\u00a0 <\/span><b>prevention <\/b><span style=\"font-weight: 400;\">to ensure optimum hygiene and a companion happy and healthy.<\/span><\/p>\t\t\t\t\t\t\t\t<\/div>\n\t\t\t\t<\/div>\n\t\t\t\t\t<\/div>\n\t\t<\/div>\n\t\t\t\t\t<\/div>\n\t\t<\/section>\n\t\t\t\t<section class=\"elementor-section elementor-top-section elementor-element elementor-element-a495dfc elementor-section-boxed elementor-section-height-default elementor-section-height-default\" data-id=\"a495dfc\" data-element_type=\"section\" data-settings=\"{&quot;background_background&quot;:&quot;classic&quot;}\">\n\t\t\t\t\t\t\t<div class=\"elementor-background-overlay\"><\/div>\n\t\t\t\t\t\t\t<div class=\"elementor-container elementor-column-gap-default\">\n\t\t\t\t\t<div class=\"elementor-column elementor-col-100 elementor-top-column elementor-element elementor-element-d867232\" data-id=\"d867232\" data-element_type=\"column\" data-settings=\"{&quot;background_background&quot;:&quot;classic&quot;}\">\n\t\t\t<div class=\"elementor-widget-wrap elementor-element-populated\">\n\t\t\t\t\t<div class=\"elementor-background-overlay\"><\/div>\n\t\t\t\t\t\t<section class=\"elementor-section elementor-inner-section elementor-element elementor-element-72b0d63 elementor-section-boxed elementor-section-height-default elementor-section-height-default\" data-id=\"72b0d63\" data-element_type=\"section\">\n\t\t\t\t\t\t<div class=\"elementor-container elementor-column-gap-default\">\n\t\t\t\t\t<div class=\"elementor-column elementor-col-100 elementor-inner-column elementor-element elementor-element-a308282\" data-id=\"a308282\" data-element_type=\"column\">\n\t\t\t<div class=\"elementor-widget-wrap elementor-element-populated\">\n\t\t\t\t\t\t<div class=\"elementor-element elementor-element-a46452e elementor-widget-mobile__width-inherit elementor-widget elementor-widget-text-editor\" data-id=\"a46452e\" data-element_type=\"widget\" data-widget_type=\"text-editor.default\">\n\t\t\t\t<div class=\"elementor-widget-container\">\n\t\t\t\t\t\t\t\t\t<p>You don't want just anyone taking care of your loved ones?<\/p>\t\t\t\t\t\t\t\t<\/div>\n\t\t\t\t<\/div>\n\t\t\t\t<div class=\"elementor-element elementor-element-13d677b elementor-widget elementor-widget-text-editor\" data-id=\"13d677b\" data-element_type=\"widget\" data-widget_type=\"text-editor.default\">\n\t\t\t\t<div class=\"elementor-widget-container\">\n\t\t\t\t\t\t\t\t\t<p><span style=\"font-weight: 400;\">We are dedicated and reliable technicians and veterinary assistants! <\/span><\/p>\t\t\t\t\t\t\t\t<\/div>\n\t\t\t\t<\/div>\n\t\t\t\t\t<\/div>\n\t\t<\/div>\n\t\t\t\t\t<\/div>\n\t\t<\/section>\n\t\t\t\t\t<\/div>\n\t\t<\/div>\n\t\t\t\t\t<\/div>\n\t\t<\/section>\n\t\t\t\t<\/div>","protected":false},"excerpt":{"rendered":"<p>Nettoyage des oreilles et\/ou des yeux Le service de nettoyage des oreilles et\/ou des yeux \u00e0 domicile pour votre animal est con\u00e7u\u00a0 pour offrir un soin essentiel dans le confort de votre maison. Ce service s\u2019adresse \u00e0 tous les\u00a0 propri\u00e9taires d\u2019animaux souhaitant garantir une hygi\u00e8ne optimale des yeux et des oreilles de\u00a0 leur compagnon, tout [&hellip;]<\/p>","protected":false},"author":1,"featured_media":0,"parent":0,"menu_order":0,"comment_status":"closed","ping_status":"closed","template":"page-templates\/template-full-width-page-without-header-title.php","meta":{"footnotes":""},"class_list":["post-31073","page","type-page","status-publish","hentry"],"yoast_head":"<!-- This site is optimized with the Yoast SEO plugin v24.3 - https:\/\/yoast.com\/wordpress\/plugins\/seo\/ -->\n<title>Nettoyage oreilles et\/ou yeux pour animaux - Animex<\/title>\n<meta name=\"description\" content=\"Confiez vos animaux \u00e0 Animex pour un Nettoyage oreilles et\/ou yeux. Soins sp\u00e9cialis\u00e9s, confort et s\u00e9r\u00e9nit\u00e9 assur\u00e9s.\" \/>\n<meta name=\"robots\" content=\"index, follow, max-snippet:-1, max-image-preview:large, max-video-preview:-1\" \/>\n<link rel=\"canonical\" href=\"https:\/\/animex.info\/en\/nettoyage-oreilles-et-ou-yeux\/\" \/>\n<meta property=\"og:locale\" content=\"en_US\" \/>\n<meta property=\"og:type\" content=\"article\" \/>\n<meta property=\"og:title\" content=\"Nettoyage oreilles et\/ou yeux pour animaux - Animex\" \/>\n<meta property=\"og:description\" content=\"Confiez vos animaux \u00e0 Animex pour un Nettoyage oreilles et\/ou yeux. Soins sp\u00e9cialis\u00e9s, confort et s\u00e9r\u00e9nit\u00e9 assur\u00e9s.\" \/>\n<meta property=\"og:url\" content=\"https:\/\/animex.info\/en\/nettoyage-oreilles-et-ou-yeux\/\" \/>\n<meta property=\"og:site_name\" content=\"Animex\" \/>\n<meta property=\"article:modified_time\" content=\"2025-03-10T21:21:28+00:00\" \/>\n<meta property=\"og:image\" content=\"https:\/\/animex.info\/wp-content\/uploads\/2025\/02\/Nettoyage2.jpg\" \/>\n<meta name=\"twitter:card\" content=\"summary_large_image\" \/>\n<meta name=\"twitter:label1\" content=\"Est. reading time\" \/>\n\t<meta name=\"twitter:data1\" content=\"4 minutes\" \/>\n<script type=\"application\/ld+json\" class=\"yoast-schema-graph\">{\"@context\":\"https:\/\/schema.org\",\"@graph\":[{\"@type\":\"WebPage\",\"@id\":\"https:\/\/animex.info\/nettoyage-oreilles-et-ou-yeux\/\",\"url\":\"https:\/\/animex.info\/nettoyage-oreilles-et-ou-yeux\/\",\"name\":\"Nettoyage oreilles et\/ou yeux pour animaux - Animex\",\"isPartOf\":{\"@id\":\"https:\/\/animex.info\/#website\"},\"primaryImageOfPage\":{\"@id\":\"https:\/\/animex.info\/nettoyage-oreilles-et-ou-yeux\/#primaryimage\"},\"image\":{\"@id\":\"https:\/\/animex.info\/nettoyage-oreilles-et-ou-yeux\/#primaryimage\"},\"thumbnailUrl\":\"https:\/\/animex.info\/wp-content\/uploads\/2025\/02\/Nettoyage2.jpg\",\"datePublished\":\"2025-02-09T20:16:09+00:00\",\"dateModified\":\"2025-03-10T21:21:28+00:00\",\"description\":\"Confiez vos animaux \u00e0 Animex pour un Nettoyage oreilles et\/ou yeux. Soins sp\u00e9cialis\u00e9s, confort et s\u00e9r\u00e9nit\u00e9 assur\u00e9s.\",\"breadcrumb\":{\"@id\":\"https:\/\/animex.info\/nettoyage-oreilles-et-ou-yeux\/#breadcrumb\"},\"inLanguage\":\"en-CA\",\"potentialAction\":[{\"@type\":\"ReadAction\",\"target\":[\"https:\/\/animex.info\/nettoyage-oreilles-et-ou-yeux\/\"]}]},{\"@type\":\"ImageObject\",\"inLanguage\":\"en-CA\",\"@id\":\"https:\/\/animex.info\/nettoyage-oreilles-et-ou-yeux\/#primaryimage\",\"url\":\"https:\/\/animex.info\/wp-content\/uploads\/2025\/02\/Nettoyage2.jpg\",\"contentUrl\":\"https:\/\/animex.info\/wp-content\/uploads\/2025\/02\/Nettoyage2.jpg\"},{\"@type\":\"BreadcrumbList\",\"@id\":\"https:\/\/animex.info\/nettoyage-oreilles-et-ou-yeux\/#breadcrumb\",\"itemListElement\":[{\"@type\":\"ListItem\",\"position\":1,\"name\":\"Home\",\"item\":\"https:\/\/animex.info\/\"},{\"@type\":\"ListItem\",\"position\":2,\"name\":\"Nettoyage oreilles et\/ou yeux\"}]},{\"@type\":\"WebSite\",\"@id\":\"https:\/\/animex.info\/#website\",\"url\":\"https:\/\/animex.info\/\",\"name\":\"Animex\",\"description\":\"\",\"publisher\":{\"@id\":\"https:\/\/animex.info\/#organization\"},\"potentialAction\":[{\"@type\":\"SearchAction\",\"target\":{\"@type\":\"EntryPoint\",\"urlTemplate\":\"https:\/\/animex.info\/?s={search_term_string}\"},\"query-input\":{\"@type\":\"PropertyValueSpecification\",\"valueRequired\":true,\"valueName\":\"search_term_string\"}}],\"inLanguage\":\"en-CA\"},{\"@type\":\"Organization\",\"@id\":\"https:\/\/animex.info\/#organization\",\"name\":\"Animex\",\"url\":\"https:\/\/animex.info\/\",\"logo\":{\"@type\":\"ImageObject\",\"inLanguage\":\"en-CA\",\"@id\":\"https:\/\/animex.info\/#\/schema\/logo\/image\/\",\"url\":\"https:\/\/animex.info\/wp-content\/uploads\/2025\/01\/animex-logo-2025.png\",\"contentUrl\":\"https:\/\/animex.info\/wp-content\/uploads\/2025\/01\/animex-logo-2025.png\",\"width\":11607,\"height\":2512,\"caption\":\"Animex\"},\"image\":{\"@id\":\"https:\/\/animex.info\/#\/schema\/logo\/image\/\"}}]}<\/script>\n<!-- \/ Yoast SEO plugin. -->","yoast_head_json":{"title":"Nettoyage oreilles et\/ou yeux pour animaux - Animex","description":"Confiez vos animaux \u00e0 Animex pour un Nettoyage oreilles et\/ou yeux. Soins sp\u00e9cialis\u00e9s, confort et s\u00e9r\u00e9nit\u00e9 assur\u00e9s.","robots":{"index":"index","follow":"follow","max-snippet":"max-snippet:-1","max-image-preview":"max-image-preview:large","max-video-preview":"max-video-preview:-1"},"canonical":"https:\/\/animex.info\/en\/nettoyage-oreilles-et-ou-yeux\/","og_locale":"en_US","og_type":"article","og_title":"Nettoyage oreilles et\/ou yeux pour animaux - Animex","og_description":"Confiez vos animaux \u00e0 Animex pour un Nettoyage oreilles et\/ou yeux. Soins sp\u00e9cialis\u00e9s, confort et s\u00e9r\u00e9nit\u00e9 assur\u00e9s.","og_url":"https:\/\/animex.info\/en\/nettoyage-oreilles-et-ou-yeux\/","og_site_name":"Animex","article_modified_time":"2025-03-10T21:21:28+00:00","og_image":[{"url":"https:\/\/animex.info\/wp-content\/uploads\/2025\/02\/Nettoyage2.jpg","type":"","width":"","height":""}],"twitter_card":"summary_large_image","twitter_misc":{"Est. reading time":"4 minutes"},"schema":{"@context":"https:\/\/schema.org","@graph":[{"@type":"WebPage","@id":"https:\/\/animex.info\/nettoyage-oreilles-et-ou-yeux\/","url":"https:\/\/animex.info\/nettoyage-oreilles-et-ou-yeux\/","name":"Nettoyage oreilles et\/ou yeux pour animaux - Animex","isPartOf":{"@id":"https:\/\/animex.info\/#website"},"primaryImageOfPage":{"@id":"https:\/\/animex.info\/nettoyage-oreilles-et-ou-yeux\/#primaryimage"},"image":{"@id":"https:\/\/animex.info\/nettoyage-oreilles-et-ou-yeux\/#primaryimage"},"thumbnailUrl":"https:\/\/animex.info\/wp-content\/uploads\/2025\/02\/Nettoyage2.jpg","datePublished":"2025-02-09T20:16:09+00:00","dateModified":"2025-03-10T21:21:28+00:00","description":"Confiez vos animaux \u00e0 Animex pour un Nettoyage oreilles et\/ou yeux. Soins sp\u00e9cialis\u00e9s, confort et s\u00e9r\u00e9nit\u00e9 assur\u00e9s.","breadcrumb":{"@id":"https:\/\/animex.info\/nettoyage-oreilles-et-ou-yeux\/#breadcrumb"},"inLanguage":"en-CA","potentialAction":[{"@type":"ReadAction","target":["https:\/\/animex.info\/nettoyage-oreilles-et-ou-yeux\/"]}]},{"@type":"ImageObject","inLanguage":"en-CA","@id":"https:\/\/animex.info\/nettoyage-oreilles-et-ou-yeux\/#primaryimage","url":"https:\/\/animex.info\/wp-content\/uploads\/2025\/02\/Nettoyage2.jpg","contentUrl":"https:\/\/animex.info\/wp-content\/uploads\/2025\/02\/Nettoyage2.jpg"},{"@type":"BreadcrumbList","@id":"https:\/\/animex.info\/nettoyage-oreilles-et-ou-yeux\/#breadcrumb","itemListElement":[{"@type":"ListItem","position":1,"name":"Home","item":"https:\/\/animex.info\/"},{"@type":"ListItem","position":2,"name":"Nettoyage oreilles et\/ou yeux"}]},{"@type":"WebSite","@id":"https:\/\/animex.info\/#website","url":"https:\/\/animex.info\/","name":"Animex","description":"","publisher":{"@id":"https:\/\/animex.info\/#organization"},"potentialAction":[{"@type":"SearchAction","target":{"@type":"EntryPoint","urlTemplate":"https:\/\/animex.info\/?s={search_term_string}"},"query-input":{"@type":"PropertyValueSpecification","valueRequired":true,"valueName":"search_term_string"}}],"inLanguage":"en-CA"},{"@type":"Organization","@id":"https:\/\/animex.info\/#organization","name":"Animex","url":"https:\/\/animex.info\/","logo":{"@type":"ImageObject","inLanguage":"en-CA","@id":"https:\/\/animex.info\/#\/schema\/logo\/image\/","url":"https:\/\/animex.info\/wp-content\/uploads\/2025\/01\/animex-logo-2025.png","contentUrl":"https:\/\/animex.info\/wp-content\/uploads\/2025\/01\/animex-logo-2025.png","width":11607,"height":2512,"caption":"Animex"},"image":{"@id":"https:\/\/animex.info\/#\/schema\/logo\/image\/"}}]}},"_links":{"self":[{"href":"https:\/\/animex.info\/en\/wp-json\/wp\/v2\/pages\/31073","targetHints":{"allow":["GET"]}}],"collection":[{"href":"https:\/\/animex.info\/en\/wp-json\/wp\/v2\/pages"}],"about":[{"href":"https:\/\/animex.info\/en\/wp-json\/wp\/v2\/types\/page"}],"author":[{"embeddable":true,"href":"https:\/\/animex.info\/en\/wp-json\/wp\/v2\/users\/1"}],"replies":[{"embeddable":true,"href":"https:\/\/animex.info\/en\/wp-json\/wp\/v2\/comments?post=31073"}],"version-history":[{"count":16,"href":"https:\/\/animex.info\/en\/wp-json\/wp\/v2\/pages\/31073\/revisions"}],"predecessor-version":[{"id":31305,"href":"https:\/\/animex.info\/en\/wp-json\/wp\/v2\/pages\/31073\/revisions\/31305"}],"wp:attachment":[{"href":"https:\/\/animex.info\/en\/wp-json\/wp\/v2\/media?parent=31073"}],"curies":[{"name":"wp","href":"https:\/\/api.w.org\/{rel}","templated":true}]}}