{"id":31060,"date":"2025-02-09T20:09:57","date_gmt":"2025-02-09T20:09:57","guid":{"rendered":"https:\/\/animex.info\/?page_id=31060"},"modified":"2025-03-10T16:19:34","modified_gmt":"2025-03-10T21:19:34","slug":"pose-de-protege-griffes","status":"publish","type":"page","link":"https:\/\/animex.info\/en\/pose-de-protege-griffes\/","title":{"rendered":"Nail protector application"},"content":{"rendered":"<div data-elementor-type=\"wp-page\" data-elementor-id=\"31060\" class=\"elementor elementor-31060\">\n\t\t\t\t\t\t<section class=\"elementor-section elementor-top-section elementor-element elementor-element-16913e9 elementor-section-content-bottom elementor-section-boxed elementor-section-height-default elementor-section-height-default\" data-id=\"16913e9\" data-element_type=\"section\" data-settings=\"{&quot;background_background&quot;:&quot;classic&quot;}\">\n\t\t\t\t\t\t\t<div class=\"elementor-background-overlay\"><\/div>\n\t\t\t\t\t\t\t<div class=\"elementor-container elementor-column-gap-custom\">\n\t\t\t\t\t<div class=\"elementor-column elementor-col-100 elementor-top-column elementor-element elementor-element-4dce781 elementor-invisible\" data-id=\"4dce781\" data-element_type=\"column\" data-settings=\"{&quot;animation&quot;:&quot;fadeIn&quot;}\">\n\t\t\t<div class=\"elementor-widget-wrap elementor-element-populated\">\n\t\t\t\t\t\t<div class=\"elementor-element elementor-element-cc77d15 elementor-widget elementor-widget-text-editor\" data-id=\"cc77d15\" data-element_type=\"widget\" data-widget_type=\"text-editor.default\">\n\t\t\t\t<div class=\"elementor-widget-container\">\n\t\t\t\t\t\t\t\t\t<p><b>Claw cap application<\/b><\/p>\t\t\t\t\t\t\t\t<\/div>\n\t\t\t\t<\/div>\n\t\t\t\t<div class=\"elementor-element elementor-element-eaa282a elementor-widget elementor-widget-text-editor\" data-id=\"eaa282a\" data-element_type=\"widget\" data-widget_type=\"text-editor.default\">\n\t\t\t\t<div class=\"elementor-widget-container\">\n\t\t\t\t\t\t\t\t\t<p class=\"translation-block\"><span style=\"font-weight: 400\">The <\/span><b>at-home claw cap application service for your cat<\/b><span style=\"font-weight: 400\"> is designed to simplify the installation of these accessories while ensuring their correct and safe placement. This service is ideal for owners who want to protect their furniture or prevent scratches, all while respecting their companion's well-being. Here is a detailed explanation of this service and the benefits it offers.<\/span><\/p>\t\t\t\t\t\t\t\t<\/div>\n\t\t\t\t<\/div>\n\t\t\t\t\t<\/div>\n\t\t<\/div>\n\t\t\t\t\t<\/div>\n\t\t<\/section>\n\t\t\t\t<section class=\"elementor-section elementor-top-section elementor-element elementor-element-8983bf2 elementor-section-boxed elementor-section-height-default elementor-section-height-default\" data-id=\"8983bf2\" data-element_type=\"section\" data-settings=\"{&quot;background_background&quot;:&quot;classic&quot;}\">\n\t\t\t\t\t\t\t<div class=\"elementor-background-overlay\"><\/div>\n\t\t\t\t\t\t\t<div class=\"elementor-container elementor-column-gap-default\">\n\t\t\t\t\t<div class=\"elementor-column elementor-col-100 elementor-top-column elementor-element elementor-element-207d481\" data-id=\"207d481\" data-element_type=\"column\" data-settings=\"{&quot;background_background&quot;:&quot;classic&quot;}\">\n\t\t\t<div class=\"elementor-widget-wrap elementor-element-populated\">\n\t\t\t\t\t\t<section class=\"elementor-section elementor-inner-section elementor-element elementor-element-bba63a2 elementor-section-full_width elementor-section-height-default elementor-section-height-default\" data-id=\"bba63a2\" data-element_type=\"section\">\n\t\t\t\t\t\t<div class=\"elementor-container elementor-column-gap-default\">\n\t\t\t\t\t<div class=\"elementor-column elementor-col-50 elementor-inner-column elementor-element elementor-element-42583bb elementor-invisible\" data-id=\"42583bb\" data-element_type=\"column\" data-settings=\"{&quot;animation&quot;:&quot;fadeIn&quot;}\">\n\t\t\t<div class=\"elementor-widget-wrap elementor-element-populated\">\n\t\t\t\t\t\t<div class=\"elementor-element elementor-element-9291f13 elementor-widget__width-initial elementor-widget elementor-widget-text-editor\" data-id=\"9291f13\" data-element_type=\"widget\" data-widget_type=\"text-editor.default\">\n\t\t\t\t<div class=\"elementor-widget-container\">\n\t\t\t\t\t\t\t\t\t<p><span style=\"font-weight: 400;\">Claw caps are small, non-toxic, soft vinyl capsules that attach to your cat's claws using a specially designed adhesive. <\/span><\/p><p><span style=\"font-weight: 400;\">The home delivery service includes : <\/span><\/p><p><span style=\"font-weight: 400;\">1. <\/span><b>Initial assessment <\/b><span style=\"font-weight: 400;\">:\u00a0<\/span><\/p><p><span style=\"font-weight: 400;\">The professional reviews the legs and claws of the cat to ensure that they are in good condition (no injuries, the claws are too long, or infections).\u00a0<\/span><\/p><ol start=\"2\"><li><b>Size of the claws (if necessary) <\/b><span style=\"font-weight: 400;\">:\u00a0<\/span><\/li><\/ol><p><span style=\"font-weight: 400;\">A slight cut of the claws can be carried out to facilitate the installation of the protector claws and improve their outfit.\u00a0<\/span><\/p><ol start=\"3\"><li><b>Poses protects-claws <\/b><span style=\"font-weight: 400;\">:\u00a0<\/span><\/li><\/ol><p><span style=\"font-weight: 400;\">\u2013 Systematic Application of the capsules on each claw, with a drying time suitable to ensure optimum hold.\u00a0<\/span><\/p><p><span style=\"font-weight: 400;\">\u2013 Gentle handling to minimize the stress of the cat.\u00a0<\/span><\/p><ol start=\"4\"><li><b>Personalised advice <\/b><span style=\"font-weight: 400;\">:\u00a0<\/span><\/li><\/ol><p><span style=\"font-weight: 400;\">\u2013 Explanation of maintenance protects-claws and how to verify their status. <\/span><\/p><p><span style=\"font-weight: 400;\">\u2013 Recommendations on the duration of the port and the time to replace them.\u00a0<\/span><\/p><p><b>Necessary conditions\u00a0<\/b><\/p><ul><li><b>Protects-claws purchased by the customer <\/b><span style=\"font-weight: 400;\">: The client should provide, protect-claws, adapted to the size and needs of his cat.\u00a0<\/span><\/li><li><b>Animal manipulable <\/b><span style=\"font-weight: 400;\">: Ideally, the cat should be relatively cooperative or accustomed to the handling of the legs.\u00a0<\/span><\/li><li><b>Quiet environment <\/b><span style=\"font-weight: 400;\">: A quiet room is needed to perform the installation in the best conditions.\u00a0<\/span><\/li><li><b>State of claws <\/b><span style=\"font-weight: 400;\">: Claws of the cat must be in good condition and free from injury or disease.\u00a0<\/span><\/li><\/ul>\t\t\t\t\t\t\t\t<\/div>\n\t\t\t\t<\/div>\n\t\t\t\t<div class=\"elementor-element elementor-element-9fb9a86 elementor-widget elementor-widget-image\" data-id=\"9fb9a86\" data-element_type=\"widget\" data-widget_type=\"image.default\">\n\t\t\t\t<div class=\"elementor-widget-container\">\n\t\t\t\t\t\t\t\t\t\t\t\t\t\t\t<img fetchpriority=\"high\" decoding=\"async\" width=\"1170\" height=\"1147\" src=\"https:\/\/animex.info\/wp-content\/uploads\/2025\/02\/ProtegesGriffes2.jpg\" class=\"attachment-large size-large wp-image-31069\" alt=\"\" srcset=\"https:\/\/animex.info\/wp-content\/uploads\/2025\/02\/ProtegesGriffes2.jpg 1170w, https:\/\/animex.info\/wp-content\/uploads\/2025\/02\/ProtegesGriffes2-300x294.jpg 300w, https:\/\/animex.info\/wp-content\/uploads\/2025\/02\/ProtegesGriffes2-768x753.jpg 768w\" sizes=\"(max-width: 1170px) 100vw, 1170px\" \/>\t\t\t\t\t\t\t\t\t\t\t\t\t\t\t<\/div>\n\t\t\t\t<\/div>\n\t\t\t\t\t<\/div>\n\t\t<\/div>\n\t\t\t\t<div class=\"elementor-column elementor-col-50 elementor-inner-column elementor-element elementor-element-915a026 elementor-invisible\" data-id=\"915a026\" data-element_type=\"column\" data-settings=\"{&quot;background_background&quot;:&quot;classic&quot;,&quot;animation&quot;:&quot;fadeIn&quot;,&quot;animation_delay&quot;:200}\">\n\t\t\t<div class=\"elementor-widget-wrap elementor-element-populated\">\n\t\t\t\t\t\t<div class=\"elementor-element elementor-element-35094c7 elementor-widget elementor-widget-image\" data-id=\"35094c7\" data-element_type=\"widget\" data-widget_type=\"image.default\">\n\t\t\t\t<div class=\"elementor-widget-container\">\n\t\t\t\t\t\t\t\t\t\t\t\t\t\t\t<img decoding=\"async\" width=\"1199\" height=\"1599\" src=\"https:\/\/animex.info\/wp-content\/uploads\/2025\/02\/ProtegesGriffes1.jpg\" class=\"attachment-large size-large wp-image-31068\" alt=\"\" srcset=\"https:\/\/animex.info\/wp-content\/uploads\/2025\/02\/ProtegesGriffes1.jpg 1500w, https:\/\/animex.info\/wp-content\/uploads\/2025\/02\/ProtegesGriffes1-225x300.jpg 225w, https:\/\/animex.info\/wp-content\/uploads\/2025\/02\/ProtegesGriffes1-768x1024.jpg 768w, https:\/\/animex.info\/wp-content\/uploads\/2025\/02\/ProtegesGriffes1-1152x1536.jpg 1152w\" sizes=\"(max-width: 1199px) 100vw, 1199px\" \/>\t\t\t\t\t\t\t\t\t\t\t\t\t\t\t<\/div>\n\t\t\t\t<\/div>\n\t\t\t\t<div class=\"elementor-element elementor-element-2f000cb elementor-widget elementor-widget-text-editor\" data-id=\"2f000cb\" data-element_type=\"widget\" data-widget_type=\"text-editor.default\">\n\t\t\t\t<div class=\"elementor-widget-container\">\n\t\t\t\t\t\t\t\t\t<p><b>Benefits\u00a0<\/b><\/p><ol><li><b>Expert installation and secure <\/b><span style=\"font-weight: 400;\">:\u00a0<\/span><\/li><\/ol><p><span style=\"font-weight: 400;\">\u2013 The professional guarantees the correct installation of the protector claws, reducing the risk of rubbing or discomfort for the cat.\u00a0<\/span><\/p><p><span style=\"font-weight: 400;\">\u2013 Handling expert to limit the stress or discomfort to the animal.\u00a0<\/span><\/p><ol start=\"2\"><li><b>Comfort for the cat <\/b><span style=\"font-weight: 400;\">:\u00a0<\/span><\/li><\/ol><p><span style=\"font-weight: 400;\">\u2013 Protects-claws are constructed in a way that does not impede the natural movement or behavior of the cat.\u00a0<\/span><\/p><p><span style=\"font-weight: 400;\">\u2013 The use of an adhesive suitable ensures held securely without irritating the claws. <\/span><\/p><p><span style=\"font-weight: 400;\">3. <\/span><b>Convenience for the owner <\/b><span style=\"font-weight: 400;\">:\u00a0<\/span><\/p><p><span style=\"font-weight: 400;\">\u2013 No need to learn to ask the guard to the claws yourself, or to deal with difficult manipulations.\u00a0<\/span><\/p><p><span style=\"font-weight: 400;\">\u2013 Save time with fewer trips to a professional.<\/span><\/p><ol start=\"4\"><li><b>Preservation of furniture and surfaces <\/b><span style=\"font-weight: 400;\">:\u00a0<\/span><\/li><\/ol><p><span style=\"font-weight: 400;\">\u2013 Protects-claws prevent scratches on your furniture, carpets, curtains, and other surfaces.\u00a0<\/span><\/p><p><span style=\"font-weight: 400;\">\u2013 Ideal for homes where the branding is problematic.\u00a0<\/span><\/p><ol start=\"5\"><li><b>Respect for the integrity of the animal <\/b><span style=\"font-weight: 400;\">:\u00a0<\/span><\/li><\/ol><p><span style=\"font-weight: 400;\">This solution is non-invasive, helps to preserve the claws of the natural cat while avoiding the inconvenience.\u00a0<\/span><\/p><ol start=\"6\"><li><b>Personalised support <\/b><span style=\"font-weight: 400;\">:\u00a0<\/span><\/li><\/ol><p><span style=\"font-weight: 400;\">\u2013 Advice on the duration of the port protection-claws and on the signs that they need to be replaced.\u00a0<\/span><\/p><p><span style=\"font-weight: 400;\">\u2013 Tips to accustom the cat to his guards claws after installation.\u00a0<\/span><\/p>\t\t\t\t\t\t\t\t<\/div>\n\t\t\t\t<\/div>\n\t\t\t\t<div class=\"elementor-element elementor-element-1079912 elementor-widget__width-initial elementor-absolute elementor-widget elementor-widget-image\" data-id=\"1079912\" data-element_type=\"widget\" data-settings=\"{&quot;_position&quot;:&quot;absolute&quot;}\" data-widget_type=\"image.default\">\n\t\t\t\t<div class=\"elementor-widget-container\">\n\t\t\t\t\t\t\t\t\t\t\t\t\t\t\t<img decoding=\"async\" width=\"271\" height=\"271\" src=\"https:\/\/animex.info\/wp-content\/uploads\/2024\/03\/53gb.png\" class=\"attachment-large size-large wp-image-29917\" alt=\"\" srcset=\"https:\/\/animex.info\/wp-content\/uploads\/2024\/03\/53gb.png 271w, https:\/\/animex.info\/wp-content\/uploads\/2024\/03\/53gb-150x150.png 150w\" sizes=\"(max-width: 271px) 100vw, 271px\" \/>\t\t\t\t\t\t\t\t\t\t\t\t\t\t\t<\/div>\n\t\t\t\t<\/div>\n\t\t\t\t\t<\/div>\n\t\t<\/div>\n\t\t\t\t\t<\/div>\n\t\t<\/section>\n\t\t\t\t<div class=\"elementor-element elementor-element-409e6f1 elementor-widget elementor-widget-text-editor\" data-id=\"409e6f1\" data-element_type=\"widget\" data-widget_type=\"text-editor.default\">\n\t\t\t\t<div class=\"elementor-widget-container\">\n\t\t\t\t\t\t\t\t\t<p><b>Frequency and maintenance\u00a0<\/b><\/p><ul><li><span style=\"font-weight: 400;\">Shin-claws naturally fall with the regrowth of claws, usually every 4 to 6 weeks. The professional may recommend solutions for the optimum maintenance between two poses.\u00a0<\/span><\/li><\/ul><p><span style=\"font-weight: 400;\">In summary, the fitting service guards claws in the home combines <\/span><b>professionalism<\/b><span style=\"font-weight: 400;\">, <\/span><b>practicality<\/b><span style=\"font-weight: 400;\">, and <\/span><b>respect for animal welfare<\/b><span style=\"font-weight: 400;\">. It offers a practical solution and non-invasive to protect your furniture while keeping your cat happy and healthy.<\/span><\/p>\t\t\t\t\t\t\t\t<\/div>\n\t\t\t\t<\/div>\n\t\t\t\t\t<\/div>\n\t\t<\/div>\n\t\t\t\t\t<\/div>\n\t\t<\/section>\n\t\t\t\t<section class=\"elementor-section elementor-top-section elementor-element elementor-element-a495dfc elementor-section-boxed elementor-section-height-default elementor-section-height-default\" data-id=\"a495dfc\" data-element_type=\"section\" data-settings=\"{&quot;background_background&quot;:&quot;classic&quot;}\">\n\t\t\t\t\t\t\t<div class=\"elementor-background-overlay\"><\/div>\n\t\t\t\t\t\t\t<div class=\"elementor-container elementor-column-gap-default\">\n\t\t\t\t\t<div class=\"elementor-column elementor-col-100 elementor-top-column elementor-element elementor-element-d867232\" data-id=\"d867232\" data-element_type=\"column\" data-settings=\"{&quot;background_background&quot;:&quot;classic&quot;}\">\n\t\t\t<div class=\"elementor-widget-wrap elementor-element-populated\">\n\t\t\t\t\t<div class=\"elementor-background-overlay\"><\/div>\n\t\t\t\t\t\t<section class=\"elementor-section elementor-inner-section elementor-element elementor-element-72b0d63 elementor-section-boxed elementor-section-height-default elementor-section-height-default\" data-id=\"72b0d63\" data-element_type=\"section\">\n\t\t\t\t\t\t<div class=\"elementor-container elementor-column-gap-default\">\n\t\t\t\t\t<div class=\"elementor-column elementor-col-100 elementor-inner-column elementor-element elementor-element-a308282\" data-id=\"a308282\" data-element_type=\"column\">\n\t\t\t<div class=\"elementor-widget-wrap elementor-element-populated\">\n\t\t\t\t\t\t<div class=\"elementor-element elementor-element-a46452e elementor-widget-mobile__width-inherit elementor-widget elementor-widget-text-editor\" data-id=\"a46452e\" data-element_type=\"widget\" data-widget_type=\"text-editor.default\">\n\t\t\t\t<div class=\"elementor-widget-container\">\n\t\t\t\t\t\t\t\t\t<p>You don't want just anyone taking care of your loved ones?<\/p>\t\t\t\t\t\t\t\t<\/div>\n\t\t\t\t<\/div>\n\t\t\t\t<div class=\"elementor-element elementor-element-13d677b elementor-widget elementor-widget-text-editor\" data-id=\"13d677b\" data-element_type=\"widget\" data-widget_type=\"text-editor.default\">\n\t\t\t\t<div class=\"elementor-widget-container\">\n\t\t\t\t\t\t\t\t\t<p><span style=\"font-weight: 400;\">We are dedicated and reliable technicians and veterinary assistants! <\/span><\/p>\t\t\t\t\t\t\t\t<\/div>\n\t\t\t\t<\/div>\n\t\t\t\t\t<\/div>\n\t\t<\/div>\n\t\t\t\t\t<\/div>\n\t\t<\/section>\n\t\t\t\t\t<\/div>\n\t\t<\/div>\n\t\t\t\t\t<\/div>\n\t\t<\/section>\n\t\t\t\t<\/div>","protected":false},"excerpt":{"rendered":"<p>Pose de prot\u00e8ges-griffes Le service de pose de prot\u00e8ge-griffes \u00e0 domicile pour votre chat est con\u00e7u pour simplifier\u00a0 l\u2019installation de ces accessoires tout en garantissant leur mise en place correcte et s\u00e9curis\u00e9e.\u00a0 Ce service est id\u00e9al pour les propri\u00e9taires souhaitant prot\u00e9ger leurs meubles ou \u00e9viter les\u00a0 griffures, tout en respectant le bien-\u00eatre de leur compagnon. [&hellip;]<\/p>","protected":false},"author":1,"featured_media":0,"parent":0,"menu_order":0,"comment_status":"closed","ping_status":"closed","template":"page-templates\/template-full-width-page-without-header-title.php","meta":{"footnotes":""},"class_list":["post-31060","page","type-page","status-publish","hentry"],"yoast_head":"<!-- This site is optimized with the Yoast SEO plugin v24.3 - https:\/\/yoast.com\/wordpress\/plugins\/seo\/ -->\n<title>Pose de prot\u00e8ge griffes pour animaux | Garde s\u00e9curis\u00e9e - Animex<\/title>\n<meta name=\"description\" content=\"Confiez vos animaux \u00e0 Animex pour une pose de prot\u00e8ge griffes. Soins sp\u00e9cialis\u00e9s, confort et s\u00e9r\u00e9nit\u00e9 assur\u00e9s par des techniciennes qualifi\u00e9es\" \/>\n<meta name=\"robots\" content=\"index, follow, max-snippet:-1, max-image-preview:large, max-video-preview:-1\" \/>\n<link rel=\"canonical\" href=\"https:\/\/animex.info\/en\/pose-de-protege-griffes\/\" \/>\n<meta property=\"og:locale\" content=\"en_US\" \/>\n<meta property=\"og:type\" content=\"article\" \/>\n<meta property=\"og:title\" content=\"Pose de prot\u00e8ge griffes pour animaux | Garde s\u00e9curis\u00e9e - Animex\" \/>\n<meta property=\"og:description\" content=\"Confiez vos animaux \u00e0 Animex pour une pose de prot\u00e8ge griffes. Soins sp\u00e9cialis\u00e9s, confort et s\u00e9r\u00e9nit\u00e9 assur\u00e9s par des techniciennes qualifi\u00e9es\" \/>\n<meta property=\"og:url\" content=\"https:\/\/animex.info\/en\/pose-de-protege-griffes\/\" \/>\n<meta property=\"og:site_name\" content=\"Animex\" \/>\n<meta property=\"article:modified_time\" content=\"2025-03-10T21:19:34+00:00\" \/>\n<meta property=\"og:image\" content=\"https:\/\/animex.info\/wp-content\/uploads\/2025\/02\/ProtegesGriffes2.jpg\" \/>\n<meta name=\"twitter:card\" content=\"summary_large_image\" \/>\n<script type=\"application\/ld+json\" class=\"yoast-schema-graph\">{\"@context\":\"https:\/\/schema.org\",\"@graph\":[{\"@type\":\"WebPage\",\"@id\":\"https:\/\/animex.info\/pose-de-protege-griffes\/\",\"url\":\"https:\/\/animex.info\/pose-de-protege-griffes\/\",\"name\":\"Pose de prot\u00e8ge griffes pour animaux | Garde s\u00e9curis\u00e9e - Animex\",\"isPartOf\":{\"@id\":\"https:\/\/animex.info\/#website\"},\"primaryImageOfPage\":{\"@id\":\"https:\/\/animex.info\/pose-de-protege-griffes\/#primaryimage\"},\"image\":{\"@id\":\"https:\/\/animex.info\/pose-de-protege-griffes\/#primaryimage\"},\"thumbnailUrl\":\"https:\/\/animex.info\/wp-content\/uploads\/2025\/02\/ProtegesGriffes2.jpg\",\"datePublished\":\"2025-02-09T20:09:57+00:00\",\"dateModified\":\"2025-03-10T21:19:34+00:00\",\"description\":\"Confiez vos animaux \u00e0 Animex pour une pose de prot\u00e8ge griffes. Soins sp\u00e9cialis\u00e9s, confort et s\u00e9r\u00e9nit\u00e9 assur\u00e9s par des techniciennes qualifi\u00e9es\",\"breadcrumb\":{\"@id\":\"https:\/\/animex.info\/pose-de-protege-griffes\/#breadcrumb\"},\"inLanguage\":\"en-CA\",\"potentialAction\":[{\"@type\":\"ReadAction\",\"target\":[\"https:\/\/animex.info\/pose-de-protege-griffes\/\"]}]},{\"@type\":\"ImageObject\",\"inLanguage\":\"en-CA\",\"@id\":\"https:\/\/animex.info\/pose-de-protege-griffes\/#primaryimage\",\"url\":\"https:\/\/animex.info\/wp-content\/uploads\/2025\/02\/ProtegesGriffes2.jpg\",\"contentUrl\":\"https:\/\/animex.info\/wp-content\/uploads\/2025\/02\/ProtegesGriffes2.jpg\"},{\"@type\":\"BreadcrumbList\",\"@id\":\"https:\/\/animex.info\/pose-de-protege-griffes\/#breadcrumb\",\"itemListElement\":[{\"@type\":\"ListItem\",\"position\":1,\"name\":\"Home\",\"item\":\"https:\/\/animex.info\/\"},{\"@type\":\"ListItem\",\"position\":2,\"name\":\"Pose de prot\u00e8ge griffes\"}]},{\"@type\":\"WebSite\",\"@id\":\"https:\/\/animex.info\/#website\",\"url\":\"https:\/\/animex.info\/\",\"name\":\"Animex\",\"description\":\"\",\"publisher\":{\"@id\":\"https:\/\/animex.info\/#organization\"},\"potentialAction\":[{\"@type\":\"SearchAction\",\"target\":{\"@type\":\"EntryPoint\",\"urlTemplate\":\"https:\/\/animex.info\/?s={search_term_string}\"},\"query-input\":{\"@type\":\"PropertyValueSpecification\",\"valueRequired\":true,\"valueName\":\"search_term_string\"}}],\"inLanguage\":\"en-CA\"},{\"@type\":\"Organization\",\"@id\":\"https:\/\/animex.info\/#organization\",\"name\":\"Animex\",\"url\":\"https:\/\/animex.info\/\",\"logo\":{\"@type\":\"ImageObject\",\"inLanguage\":\"en-CA\",\"@id\":\"https:\/\/animex.info\/#\/schema\/logo\/image\/\",\"url\":\"https:\/\/animex.info\/wp-content\/uploads\/2025\/01\/animex-logo-2025.png\",\"contentUrl\":\"https:\/\/animex.info\/wp-content\/uploads\/2025\/01\/animex-logo-2025.png\",\"width\":11607,\"height\":2512,\"caption\":\"Animex\"},\"image\":{\"@id\":\"https:\/\/animex.info\/#\/schema\/logo\/image\/\"}}]}<\/script>\n<!-- \/ Yoast SEO plugin. -->","yoast_head_json":{"title":"Pose de prot\u00e8ge griffes pour animaux | Garde s\u00e9curis\u00e9e - Animex","description":"Confiez vos animaux \u00e0 Animex pour une pose de prot\u00e8ge griffes. Soins sp\u00e9cialis\u00e9s, confort et s\u00e9r\u00e9nit\u00e9 assur\u00e9s par des techniciennes qualifi\u00e9es","robots":{"index":"index","follow":"follow","max-snippet":"max-snippet:-1","max-image-preview":"max-image-preview:large","max-video-preview":"max-video-preview:-1"},"canonical":"https:\/\/animex.info\/en\/pose-de-protege-griffes\/","og_locale":"en_US","og_type":"article","og_title":"Pose de prot\u00e8ge griffes pour animaux | Garde s\u00e9curis\u00e9e - Animex","og_description":"Confiez vos animaux \u00e0 Animex pour une pose de prot\u00e8ge griffes. Soins sp\u00e9cialis\u00e9s, confort et s\u00e9r\u00e9nit\u00e9 assur\u00e9s par des techniciennes qualifi\u00e9es","og_url":"https:\/\/animex.info\/en\/pose-de-protege-griffes\/","og_site_name":"Animex","article_modified_time":"2025-03-10T21:19:34+00:00","og_image":[{"url":"https:\/\/animex.info\/wp-content\/uploads\/2025\/02\/ProtegesGriffes2.jpg","type":"","width":"","height":""}],"twitter_card":"summary_large_image","schema":{"@context":"https:\/\/schema.org","@graph":[{"@type":"WebPage","@id":"https:\/\/animex.info\/pose-de-protege-griffes\/","url":"https:\/\/animex.info\/pose-de-protege-griffes\/","name":"Pose de prot\u00e8ge griffes pour animaux | Garde s\u00e9curis\u00e9e - Animex","isPartOf":{"@id":"https:\/\/animex.info\/#website"},"primaryImageOfPage":{"@id":"https:\/\/animex.info\/pose-de-protege-griffes\/#primaryimage"},"image":{"@id":"https:\/\/animex.info\/pose-de-protege-griffes\/#primaryimage"},"thumbnailUrl":"https:\/\/animex.info\/wp-content\/uploads\/2025\/02\/ProtegesGriffes2.jpg","datePublished":"2025-02-09T20:09:57+00:00","dateModified":"2025-03-10T21:19:34+00:00","description":"Confiez vos animaux \u00e0 Animex pour une pose de prot\u00e8ge griffes. Soins sp\u00e9cialis\u00e9s, confort et s\u00e9r\u00e9nit\u00e9 assur\u00e9s par des techniciennes qualifi\u00e9es","breadcrumb":{"@id":"https:\/\/animex.info\/pose-de-protege-griffes\/#breadcrumb"},"inLanguage":"en-CA","potentialAction":[{"@type":"ReadAction","target":["https:\/\/animex.info\/pose-de-protege-griffes\/"]}]},{"@type":"ImageObject","inLanguage":"en-CA","@id":"https:\/\/animex.info\/pose-de-protege-griffes\/#primaryimage","url":"https:\/\/animex.info\/wp-content\/uploads\/2025\/02\/ProtegesGriffes2.jpg","contentUrl":"https:\/\/animex.info\/wp-content\/uploads\/2025\/02\/ProtegesGriffes2.jpg"},{"@type":"BreadcrumbList","@id":"https:\/\/animex.info\/pose-de-protege-griffes\/#breadcrumb","itemListElement":[{"@type":"ListItem","position":1,"name":"Home","item":"https:\/\/animex.info\/"},{"@type":"ListItem","position":2,"name":"Pose de prot\u00e8ge griffes"}]},{"@type":"WebSite","@id":"https:\/\/animex.info\/#website","url":"https:\/\/animex.info\/","name":"Animex","description":"","publisher":{"@id":"https:\/\/animex.info\/#organization"},"potentialAction":[{"@type":"SearchAction","target":{"@type":"EntryPoint","urlTemplate":"https:\/\/animex.info\/?s={search_term_string}"},"query-input":{"@type":"PropertyValueSpecification","valueRequired":true,"valueName":"search_term_string"}}],"inLanguage":"en-CA"},{"@type":"Organization","@id":"https:\/\/animex.info\/#organization","name":"Animex","url":"https:\/\/animex.info\/","logo":{"@type":"ImageObject","inLanguage":"en-CA","@id":"https:\/\/animex.info\/#\/schema\/logo\/image\/","url":"https:\/\/animex.info\/wp-content\/uploads\/2025\/01\/animex-logo-2025.png","contentUrl":"https:\/\/animex.info\/wp-content\/uploads\/2025\/01\/animex-logo-2025.png","width":11607,"height":2512,"caption":"Animex"},"image":{"@id":"https:\/\/animex.info\/#\/schema\/logo\/image\/"}}]}},"_links":{"self":[{"href":"https:\/\/animex.info\/en\/wp-json\/wp\/v2\/pages\/31060","targetHints":{"allow":["GET"]}}],"collection":[{"href":"https:\/\/animex.info\/en\/wp-json\/wp\/v2\/pages"}],"about":[{"href":"https:\/\/animex.info\/en\/wp-json\/wp\/v2\/types\/page"}],"author":[{"embeddable":true,"href":"https:\/\/animex.info\/en\/wp-json\/wp\/v2\/users\/1"}],"replies":[{"embeddable":true,"href":"https:\/\/animex.info\/en\/wp-json\/wp\/v2\/comments?post=31060"}],"version-history":[{"count":16,"href":"https:\/\/animex.info\/en\/wp-json\/wp\/v2\/pages\/31060\/revisions"}],"predecessor-version":[{"id":31302,"href":"https:\/\/animex.info\/en\/wp-json\/wp\/v2\/pages\/31060\/revisions\/31302"}],"wp:attachment":[{"href":"https:\/\/animex.info\/en\/wp-json\/wp\/v2\/media?parent=31060"}],"curies":[{"name":"wp","href":"https:\/\/api.w.org\/{rel}","templated":true}]}}