{"id":31050,"date":"2025-02-09T20:00:52","date_gmt":"2025-02-09T20:00:52","guid":{"rendered":"https:\/\/animex.info\/?page_id=31050"},"modified":"2025-03-10T16:18:23","modified_gmt":"2025-03-10T21:18:23","slug":"pose-de-freestyle","status":"publish","type":"page","link":"https:\/\/animex.info\/en\/pose-de-freestyle\/","title":{"rendered":"Freestyle placement"},"content":{"rendered":"<div data-elementor-type=\"wp-page\" data-elementor-id=\"31050\" class=\"elementor elementor-31050\">\n\t\t\t\t\t\t<section class=\"elementor-section elementor-top-section elementor-element elementor-element-16913e9 elementor-section-content-bottom elementor-section-boxed elementor-section-height-default elementor-section-height-default\" data-id=\"16913e9\" data-element_type=\"section\" data-settings=\"{&quot;background_background&quot;:&quot;classic&quot;}\">\n\t\t\t\t\t\t\t<div class=\"elementor-background-overlay\"><\/div>\n\t\t\t\t\t\t\t<div class=\"elementor-container elementor-column-gap-custom\">\n\t\t\t\t\t<div class=\"elementor-column elementor-col-100 elementor-top-column elementor-element elementor-element-4dce781 elementor-invisible\" data-id=\"4dce781\" data-element_type=\"column\" data-settings=\"{&quot;animation&quot;:&quot;fadeIn&quot;}\">\n\t\t\t<div class=\"elementor-widget-wrap elementor-element-populated\">\n\t\t\t\t\t\t<div class=\"elementor-element elementor-element-cc77d15 elementor-widget elementor-widget-text-editor\" data-id=\"cc77d15\" data-element_type=\"widget\" data-widget_type=\"text-editor.default\">\n\t\t\t\t<div class=\"elementor-widget-container\">\n\t\t\t\t\t\t\t\t\t<p>Freestyle placement<\/p>\t\t\t\t\t\t\t\t<\/div>\n\t\t\t\t<\/div>\n\t\t\t\t<div class=\"elementor-element elementor-element-eaa282a elementor-widget elementor-widget-text-editor\" data-id=\"eaa282a\" data-element_type=\"widget\" data-widget_type=\"text-editor.default\">\n\t\t\t\t<div class=\"elementor-widget-container\">\n\t\t\t\t\t\t\t\t\t<p><span style=\"font-weight: 400;\">Service <\/span><b>pose de dispositif de mesure de la glyc\u00e9mie en continu (Freestyle) \u00e0\u00a0 domicile pour votre animal <\/b><span style=\"font-weight: 400;\">est sp\u00e9cialement con\u00e7u pour les propri\u00e9taires d\u2019animaux\u00a0 n\u00e9cessitant un suivi pr\u00e9cis et constant de leur glyc\u00e9mie. Ce service simplifie la gestion des soins\u00a0 pour les animaux atteints de diab\u00e8te ou ayant des besoins sp\u00e9cifiques li\u00e9s \u00e0 la r\u00e9gulation de leur\u00a0 taux de sucre dans le sang. Voici une explication d\u00e9taill\u00e9e du service, ses conditions, et ses\u00a0 nombreux avantages. <\/span><\/p>\t\t\t\t\t\t\t\t<\/div>\n\t\t\t\t<\/div>\n\t\t\t\t\t<\/div>\n\t\t<\/div>\n\t\t\t\t\t<\/div>\n\t\t<\/section>\n\t\t\t\t<section class=\"elementor-section elementor-top-section elementor-element elementor-element-8983bf2 elementor-section-boxed elementor-section-height-default elementor-section-height-default\" data-id=\"8983bf2\" data-element_type=\"section\" data-settings=\"{&quot;background_background&quot;:&quot;classic&quot;}\">\n\t\t\t\t\t\t\t<div class=\"elementor-background-overlay\"><\/div>\n\t\t\t\t\t\t\t<div class=\"elementor-container elementor-column-gap-default\">\n\t\t\t\t\t<div class=\"elementor-column elementor-col-100 elementor-top-column elementor-element elementor-element-207d481\" data-id=\"207d481\" data-element_type=\"column\" data-settings=\"{&quot;background_background&quot;:&quot;classic&quot;}\">\n\t\t\t<div class=\"elementor-widget-wrap elementor-element-populated\">\n\t\t\t\t\t\t<section class=\"elementor-section elementor-inner-section elementor-element elementor-element-bba63a2 elementor-section-full_width elementor-section-height-default elementor-section-height-default\" data-id=\"bba63a2\" data-element_type=\"section\">\n\t\t\t\t\t\t<div class=\"elementor-container elementor-column-gap-default\">\n\t\t\t\t\t<div class=\"elementor-column elementor-col-50 elementor-inner-column elementor-element elementor-element-42583bb elementor-invisible\" data-id=\"42583bb\" data-element_type=\"column\" data-settings=\"{&quot;animation&quot;:&quot;fadeIn&quot;}\">\n\t\t\t<div class=\"elementor-widget-wrap elementor-element-populated\">\n\t\t\t\t\t\t<div class=\"elementor-element elementor-element-9291f13 elementor-widget__width-initial elementor-widget elementor-widget-text-editor\" data-id=\"9291f13\" data-element_type=\"widget\" data-widget_type=\"text-editor.default\">\n\t\t\t\t<div class=\"elementor-widget-container\">\n\t\t\t\t\t\t\t\t\t<div class=\"elementor-element elementor-element-7bc020f elementor-widget elementor-widget-text-editor\" data-id=\"7bc020f\" data-element_type=\"widget\" data-widget_type=\"text-editor.default\"><p><b>Qu&rsquo;est-ce que le Freestyle et la pose \u00e0 domicile ?\u00a0<\/b><\/p><p><span style=\"font-weight: 400;\">Le <\/span><b>Freestyle <\/b><span style=\"font-weight: 400;\">est un dispositif m\u00e9dical utilis\u00e9 pour mesurer en continu la glyc\u00e9mie gr\u00e2ce \u00e0 un\u00a0 capteur discret fix\u00e9 sur la peau de l\u2019animal. Il permet d\u2019obtenir des relev\u00e9s pr\u00e9cis sans recourir \u00e0\u00a0 des pr\u00e9l\u00e8vements sanguins fr\u00e9quents, ce qui est particuli\u00e8rement b\u00e9n\u00e9fique pour minimiser le\u00a0 stress des animaux.\u00a0<\/span><\/p><p><span style=\"font-weight: 400;\">Service <\/span><b>pose \u00e0 domicile <\/b><span style=\"font-weight: 400;\">inclut :\u00a0<\/span><\/p><ol><li><span style=\"font-weight: 400;\"> La venue d\u2019un professionnel qualifi\u00e9 chez vous pour la pose du capteur. 2. Une \u00e9valuation des besoins de votre animal et la s\u00e9lection de la zone id\u00e9ale pour installer le\u00a0 capteur.\u00a0<\/span><\/li><li><span style=\"font-weight: 400;\"> Une d\u00e9monstration et des conseils sur l\u2019utilisation et le suivi des donn\u00e9es pour garantir une\u00a0 gestion optimale de la glyc\u00e9mie.\u00a0<\/span><\/li><\/ol><p><b>Necessary conditions\u00a0<\/b><\/p><ul><li><b>Possession d\u2019un Freestyle <\/b><span style=\"font-weight: 400;\">: Le client doit disposer du dispositif Freestyle achet\u00e9 au\u00a0 pr\u00e9alable (capteur et lecteur ou application compatible).\u00a0<\/span><\/li><li><b>Animal adapt\u00e9 <\/b><span style=\"font-weight: 400;\">: Le service est destin\u00e9 aux animaux pour lesquels la surveillance de la\u00a0 glyc\u00e9mie est n\u00e9cessaire, comme les chiens et les chats diab\u00e9tiques.\u00a0<\/span><\/li><\/ul><p><span style=\"font-weight: 400;\">\u2022 <\/span><b>Collaborativit\u00e9 de l\u2019animal <\/b><span style=\"font-weight: 400;\">: L\u2019animal doit \u00eatre manipulable et capable de tol\u00e9rer la pose du\u00a0 capteur. En cas de stress, le professionnel pourra donner des conseils pour calmer l\u2019animal. <\/span><\/p><\/div>\t\t\t\t\t\t\t\t<\/div>\n\t\t\t\t<\/div>\n\t\t\t\t<div class=\"elementor-element elementor-element-9fb9a86 elementor-widget elementor-widget-image\" data-id=\"9fb9a86\" data-element_type=\"widget\" data-widget_type=\"image.default\">\n\t\t\t\t<div class=\"elementor-widget-container\">\n\t\t\t\t\t\t\t\t\t\t\t\t\t\t\t<img fetchpriority=\"high\" decoding=\"async\" width=\"1199\" height=\"1301\" src=\"https:\/\/animex.info\/wp-content\/uploads\/2025\/02\/Freestyle2.jpg\" class=\"attachment-large size-large wp-image-31056\" alt=\"\" srcset=\"https:\/\/animex.info\/wp-content\/uploads\/2025\/02\/Freestyle2.jpg 1440w, https:\/\/animex.info\/wp-content\/uploads\/2025\/02\/Freestyle2-277x300.jpg 277w, https:\/\/animex.info\/wp-content\/uploads\/2025\/02\/Freestyle2-768x833.jpg 768w, https:\/\/animex.info\/wp-content\/uploads\/2025\/02\/Freestyle2-1416x1536.jpg 1416w\" sizes=\"(max-width: 1199px) 100vw, 1199px\" \/>\t\t\t\t\t\t\t\t\t\t\t\t\t\t\t<\/div>\n\t\t\t\t<\/div>\n\t\t\t\t\t<\/div>\n\t\t<\/div>\n\t\t\t\t<div class=\"elementor-column elementor-col-50 elementor-inner-column elementor-element elementor-element-915a026 elementor-invisible\" data-id=\"915a026\" data-element_type=\"column\" data-settings=\"{&quot;background_background&quot;:&quot;classic&quot;,&quot;animation&quot;:&quot;fadeIn&quot;,&quot;animation_delay&quot;:200}\">\n\t\t\t<div class=\"elementor-widget-wrap elementor-element-populated\">\n\t\t\t\t\t\t<div class=\"elementor-element elementor-element-35094c7 elementor-widget elementor-widget-image\" data-id=\"35094c7\" data-element_type=\"widget\" data-widget_type=\"image.default\">\n\t\t\t\t<div class=\"elementor-widget-container\">\n\t\t\t\t\t\t\t\t\t\t\t\t\t\t\t<img decoding=\"async\" width=\"1199\" height=\"1582\" src=\"https:\/\/animex.info\/wp-content\/uploads\/2025\/02\/Freestyle1-1516x2000.jpg\" class=\"attachment-large size-large wp-image-31055\" alt=\"\" srcset=\"https:\/\/animex.info\/wp-content\/uploads\/2025\/02\/Freestyle1-1516x2000.jpg 1516w, https:\/\/animex.info\/wp-content\/uploads\/2025\/02\/Freestyle1-227x300.jpg 227w, https:\/\/animex.info\/wp-content\/uploads\/2025\/02\/Freestyle1-768x1013.jpg 768w, https:\/\/animex.info\/wp-content\/uploads\/2025\/02\/Freestyle1-1164x1536.jpg 1164w, https:\/\/animex.info\/wp-content\/uploads\/2025\/02\/Freestyle1-1552x2048.jpg 1552w, https:\/\/animex.info\/wp-content\/uploads\/2025\/02\/Freestyle1-scaled.jpg 1941w\" sizes=\"(max-width: 1199px) 100vw, 1199px\" \/>\t\t\t\t\t\t\t\t\t\t\t\t\t\t\t<\/div>\n\t\t\t\t<\/div>\n\t\t\t\t<div class=\"elementor-element elementor-element-2f000cb elementor-widget elementor-widget-text-editor\" data-id=\"2f000cb\" data-element_type=\"widget\" data-widget_type=\"text-editor.default\">\n\t\t\t\t<div class=\"elementor-widget-container\">\n\t\t\t\t\t\t\t\t\t<p><b>Benefits\u00a0<\/b><\/p><ol><li><b>Comfort for the animal <\/b><span style=\"font-weight: 400;\">:\u00a0<\/span><\/li><\/ol><p><span style=\"font-weight: 400;\">&#8211; R\u00e9duit les stress et les douleurs li\u00e9s aux pr\u00e9l\u00e8vements sanguins fr\u00e9quents. &#8211; Pose rapide et indolore par un professionnel exp\u00e9riment\u00e9.\u00a0<\/span><\/p><ol start=\"2\"><li><b>Pr\u00e9cision accrue <\/b><span style=\"font-weight: 400;\">:\u00a0<\/span><\/li><\/ol><p><span style=\"font-weight: 400;\">&#8211; Le Freestyle fournit des donn\u00e9es continues et d\u00e9taill\u00e9es sur la glyc\u00e9mie, permettant un\u00a0 suivi en temps r\u00e9el.\u00a0<\/span><\/p><p><span style=\"font-weight: 400;\">&#8211; Identification rapide des variations glyc\u00e9miques, facilitant les ajustements alimentaires\u00a0 ou m\u00e9dicamenteux.\u00a0<\/span><\/p><ol start=\"3\"><li><b>Convenience for the owner <\/b><span style=\"font-weight: 400;\">:\u00a0<\/span><\/li><\/ol><p><span style=\"font-weight: 400;\">&#8211; \u00c9vitez les d\u00e9placements r\u00e9p\u00e9titifs chez le v\u00e9t\u00e9rinaire gr\u00e2ce \u00e0 la pose \u00e0 domicile. &#8211; Apprenez \u00e0 lire et interpr\u00e9ter les donn\u00e9es directement depuis le lecteur ou l\u2019application. <\/span><\/p><p><span style=\"font-weight: 400;\">4. <\/span><b>Personalised support <\/b><span style=\"font-weight: 400;\">:\u00a0<\/span><\/p><p><span style=\"font-weight: 400;\">&#8211; Conseils adapt\u00e9s \u00e0 l\u2019\u00e9tat de sant\u00e9 de votre animal et \u00e0 vos objectifs (gestion du diab\u00e8te,\u00a0 pr\u00e9vention des complications, etc.).\u00a0<\/span><\/p><p><span style=\"font-weight: 400;\">&#8211; Formation sur la mani\u00e8re d\u2019interpr\u00e9ter les alertes ou de r\u00e9agir en cas de glyc\u00e9mie\u00a0 anormale.\u00a0<\/span><\/p><ol start=\"5\"><li><b>Gain de temps et de s\u00e9r\u00e9nit\u00e9 <\/b><span style=\"font-weight: 400;\">:\u00a0<\/span><\/li><\/ol><p><span style=\"font-weight: 400;\">&#8211; Installation r\u00e9alis\u00e9e en toute s\u00e9curit\u00e9 chez vous, dans un environnement familier pour\u00a0 l\u2019animal.<\/span><\/p><p><span style=\"font-weight: 400;\">&#8211; B\u00e9n\u00e9ficiez d\u2019un suivi simplifi\u00e9 et d\u2019un gain de temps gr\u00e2ce aux relev\u00e9s automatiques. <\/span><\/p><p><span style=\"font-weight: 400;\">6. <\/span><b>Am\u00e9lioration de la qualit\u00e9 de vie <\/b><span style=\"font-weight: 400;\">:\u00a0<\/span><\/p><p><span style=\"font-weight: 400;\">&#8211; Une gestion proactive de la glyc\u00e9mie contribue \u00e0 pr\u00e9venir les complications du diab\u00e8te. &#8211; Permet un traitement plus r\u00e9actif et adapt\u00e9, am\u00e9liorant ainsi le confort et la sant\u00e9 globale\u00a0 de votre compagnon.\u00a0<\/span><\/p>\t\t\t\t\t\t\t\t<\/div>\n\t\t\t\t<\/div>\n\t\t\t\t<div class=\"elementor-element elementor-element-1079912 elementor-widget__width-initial elementor-absolute elementor-widget elementor-widget-image\" data-id=\"1079912\" data-element_type=\"widget\" data-settings=\"{&quot;_position&quot;:&quot;absolute&quot;}\" data-widget_type=\"image.default\">\n\t\t\t\t<div class=\"elementor-widget-container\">\n\t\t\t\t\t\t\t\t\t\t\t\t\t\t\t<img decoding=\"async\" width=\"271\" height=\"271\" src=\"https:\/\/animex.info\/wp-content\/uploads\/2024\/03\/53gb.png\" class=\"attachment-large size-large wp-image-29917\" alt=\"\" srcset=\"https:\/\/animex.info\/wp-content\/uploads\/2024\/03\/53gb.png 271w, https:\/\/animex.info\/wp-content\/uploads\/2024\/03\/53gb-150x150.png 150w\" sizes=\"(max-width: 271px) 100vw, 271px\" \/>\t\t\t\t\t\t\t\t\t\t\t\t\t\t\t<\/div>\n\t\t\t\t<\/div>\n\t\t\t\t\t<\/div>\n\t\t<\/div>\n\t\t\t\t\t<\/div>\n\t\t<\/section>\n\t\t\t\t<div class=\"elementor-element elementor-element-409e6f1 elementor-widget elementor-widget-text-editor\" data-id=\"409e6f1\" data-element_type=\"widget\" data-widget_type=\"text-editor.default\">\n\t\t\t\t<div class=\"elementor-widget-container\">\n\t\t\t\t\t\t\t\t\t<p><span style=\"font-weight: 400;\">En r\u00e9sum\u00e9, ce service est une solution id\u00e9ale pour les propri\u00e9taires d\u2019animaux diab\u00e9tiques ou\u00a0 n\u00e9cessitant une surveillance rapproch\u00e9e. Il combine <\/span><b>expertise professionnelle<\/b><span style=\"font-weight: 400;\">, <\/span><b>pr\u00e9cision\u00a0 technologique<\/b><span style=\"font-weight: 400;\">, and <\/span><b>confort pour l\u2019animal<\/b><span style=\"font-weight: 400;\">, tout en simplifiant la gestion quotidienne de la\u00a0 glyc\u00e9mie.<\/span><\/p>\t\t\t\t\t\t\t\t<\/div>\n\t\t\t\t<\/div>\n\t\t\t\t\t<\/div>\n\t\t<\/div>\n\t\t\t\t\t<\/div>\n\t\t<\/section>\n\t\t\t\t<section class=\"elementor-section elementor-top-section elementor-element elementor-element-a495dfc elementor-section-boxed elementor-section-height-default elementor-section-height-default\" data-id=\"a495dfc\" data-element_type=\"section\" data-settings=\"{&quot;background_background&quot;:&quot;classic&quot;}\">\n\t\t\t\t\t\t\t<div class=\"elementor-background-overlay\"><\/div>\n\t\t\t\t\t\t\t<div class=\"elementor-container elementor-column-gap-default\">\n\t\t\t\t\t<div class=\"elementor-column elementor-col-100 elementor-top-column elementor-element elementor-element-d867232\" data-id=\"d867232\" data-element_type=\"column\" data-settings=\"{&quot;background_background&quot;:&quot;classic&quot;}\">\n\t\t\t<div class=\"elementor-widget-wrap elementor-element-populated\">\n\t\t\t\t\t<div class=\"elementor-background-overlay\"><\/div>\n\t\t\t\t\t\t<section class=\"elementor-section elementor-inner-section elementor-element elementor-element-72b0d63 elementor-section-boxed elementor-section-height-default elementor-section-height-default\" data-id=\"72b0d63\" data-element_type=\"section\">\n\t\t\t\t\t\t<div class=\"elementor-container elementor-column-gap-default\">\n\t\t\t\t\t<div class=\"elementor-column elementor-col-100 elementor-inner-column elementor-element elementor-element-a308282\" data-id=\"a308282\" data-element_type=\"column\">\n\t\t\t<div class=\"elementor-widget-wrap elementor-element-populated\">\n\t\t\t\t\t\t<div class=\"elementor-element elementor-element-a46452e elementor-widget-mobile__width-inherit elementor-widget elementor-widget-text-editor\" data-id=\"a46452e\" data-element_type=\"widget\" data-widget_type=\"text-editor.default\">\n\t\t\t\t<div class=\"elementor-widget-container\">\n\t\t\t\t\t\t\t\t\t<p>You don't want just anyone taking care of your loved ones?<\/p>\t\t\t\t\t\t\t\t<\/div>\n\t\t\t\t<\/div>\n\t\t\t\t<div class=\"elementor-element elementor-element-13d677b elementor-widget elementor-widget-text-editor\" data-id=\"13d677b\" data-element_type=\"widget\" data-widget_type=\"text-editor.default\">\n\t\t\t\t<div class=\"elementor-widget-container\">\n\t\t\t\t\t\t\t\t\t<p><span style=\"font-weight: 400;\">We are dedicated and reliable technicians and veterinary assistants! <\/span><\/p>\t\t\t\t\t\t\t\t<\/div>\n\t\t\t\t<\/div>\n\t\t\t\t\t<\/div>\n\t\t<\/div>\n\t\t\t\t\t<\/div>\n\t\t<\/section>\n\t\t\t\t\t<\/div>\n\t\t<\/div>\n\t\t\t\t\t<\/div>\n\t\t<\/section>\n\t\t\t\t<\/div>","protected":false},"excerpt":{"rendered":"<p>Pose de Freestyle Le service de pose de dispositif de mesure de la glyc\u00e9mie en continu (Freestyle) \u00e0\u00a0 domicile pour votre animal est sp\u00e9cialement con\u00e7u pour les propri\u00e9taires d\u2019animaux\u00a0 n\u00e9cessitant un suivi pr\u00e9cis et constant de leur glyc\u00e9mie. Ce service simplifie la gestion des soins\u00a0 pour les animaux atteints de diab\u00e8te ou ayant des besoins [&hellip;]<\/p>","protected":false},"author":1,"featured_media":0,"parent":0,"menu_order":0,"comment_status":"closed","ping_status":"closed","template":"page-templates\/template-full-width-page-without-header-title.php","meta":{"footnotes":""},"class_list":["post-31050","page","type-page","status-publish","hentry"],"yoast_head":"<!-- This site is optimized with the Yoast SEO plugin v24.3 - https:\/\/yoast.com\/wordpress\/plugins\/seo\/ -->\n<title>Pose de Freestyle pour animaux | Garde s\u00e9curis\u00e9e - Animex<\/title>\n<meta name=\"description\" content=\"Confiez vos animaux \u00e0 Animex pour une pose de Freestyle. Soins sp\u00e9cialis\u00e9s, confort et s\u00e9r\u00e9nit\u00e9 assur\u00e9s par des techniciennes qualifi\u00e9es.\" \/>\n<meta name=\"robots\" content=\"index, follow, max-snippet:-1, max-image-preview:large, max-video-preview:-1\" \/>\n<link rel=\"canonical\" href=\"https:\/\/animex.info\/en\/pose-de-freestyle\/\" \/>\n<meta property=\"og:locale\" content=\"en_US\" \/>\n<meta property=\"og:type\" content=\"article\" \/>\n<meta property=\"og:title\" content=\"Pose de Freestyle pour animaux | Garde s\u00e9curis\u00e9e - Animex\" \/>\n<meta property=\"og:description\" content=\"Confiez vos animaux \u00e0 Animex pour une pose de Freestyle. Soins sp\u00e9cialis\u00e9s, confort et s\u00e9r\u00e9nit\u00e9 assur\u00e9s par des techniciennes qualifi\u00e9es.\" \/>\n<meta property=\"og:url\" content=\"https:\/\/animex.info\/en\/pose-de-freestyle\/\" \/>\n<meta property=\"og:site_name\" content=\"Animex\" \/>\n<meta property=\"article:modified_time\" content=\"2025-03-10T21:18:23+00:00\" \/>\n<meta property=\"og:image\" content=\"https:\/\/animex.info\/wp-content\/uploads\/2025\/02\/Freestyle2.jpg\" \/>\n<meta name=\"twitter:card\" content=\"summary_large_image\" \/>\n<script type=\"application\/ld+json\" class=\"yoast-schema-graph\">{\"@context\":\"https:\/\/schema.org\",\"@graph\":[{\"@type\":\"WebPage\",\"@id\":\"https:\/\/animex.info\/pose-de-freestyle\/\",\"url\":\"https:\/\/animex.info\/pose-de-freestyle\/\",\"name\":\"Pose de Freestyle pour animaux | Garde s\u00e9curis\u00e9e - Animex\",\"isPartOf\":{\"@id\":\"https:\/\/animex.info\/#website\"},\"primaryImageOfPage\":{\"@id\":\"https:\/\/animex.info\/pose-de-freestyle\/#primaryimage\"},\"image\":{\"@id\":\"https:\/\/animex.info\/pose-de-freestyle\/#primaryimage\"},\"thumbnailUrl\":\"https:\/\/animex.info\/wp-content\/uploads\/2025\/02\/Freestyle2.jpg\",\"datePublished\":\"2025-02-09T20:00:52+00:00\",\"dateModified\":\"2025-03-10T21:18:23+00:00\",\"description\":\"Confiez vos animaux \u00e0 Animex pour une pose de Freestyle. Soins sp\u00e9cialis\u00e9s, confort et s\u00e9r\u00e9nit\u00e9 assur\u00e9s par des techniciennes qualifi\u00e9es.\",\"breadcrumb\":{\"@id\":\"https:\/\/animex.info\/pose-de-freestyle\/#breadcrumb\"},\"inLanguage\":\"en-CA\",\"potentialAction\":[{\"@type\":\"ReadAction\",\"target\":[\"https:\/\/animex.info\/pose-de-freestyle\/\"]}]},{\"@type\":\"ImageObject\",\"inLanguage\":\"en-CA\",\"@id\":\"https:\/\/animex.info\/pose-de-freestyle\/#primaryimage\",\"url\":\"https:\/\/animex.info\/wp-content\/uploads\/2025\/02\/Freestyle2.jpg\",\"contentUrl\":\"https:\/\/animex.info\/wp-content\/uploads\/2025\/02\/Freestyle2.jpg\"},{\"@type\":\"BreadcrumbList\",\"@id\":\"https:\/\/animex.info\/pose-de-freestyle\/#breadcrumb\",\"itemListElement\":[{\"@type\":\"ListItem\",\"position\":1,\"name\":\"Home\",\"item\":\"https:\/\/animex.info\/\"},{\"@type\":\"ListItem\",\"position\":2,\"name\":\"Pose de Freestyle\"}]},{\"@type\":\"WebSite\",\"@id\":\"https:\/\/animex.info\/#website\",\"url\":\"https:\/\/animex.info\/\",\"name\":\"Animex\",\"description\":\"\",\"publisher\":{\"@id\":\"https:\/\/animex.info\/#organization\"},\"potentialAction\":[{\"@type\":\"SearchAction\",\"target\":{\"@type\":\"EntryPoint\",\"urlTemplate\":\"https:\/\/animex.info\/?s={search_term_string}\"},\"query-input\":{\"@type\":\"PropertyValueSpecification\",\"valueRequired\":true,\"valueName\":\"search_term_string\"}}],\"inLanguage\":\"en-CA\"},{\"@type\":\"Organization\",\"@id\":\"https:\/\/animex.info\/#organization\",\"name\":\"Animex\",\"url\":\"https:\/\/animex.info\/\",\"logo\":{\"@type\":\"ImageObject\",\"inLanguage\":\"en-CA\",\"@id\":\"https:\/\/animex.info\/#\/schema\/logo\/image\/\",\"url\":\"https:\/\/animex.info\/wp-content\/uploads\/2025\/01\/animex-logo-2025.png\",\"contentUrl\":\"https:\/\/animex.info\/wp-content\/uploads\/2025\/01\/animex-logo-2025.png\",\"width\":11607,\"height\":2512,\"caption\":\"Animex\"},\"image\":{\"@id\":\"https:\/\/animex.info\/#\/schema\/logo\/image\/\"}}]}<\/script>\n<!-- \/ Yoast SEO plugin. -->","yoast_head_json":{"title":"Pose de Freestyle pour animaux | Garde s\u00e9curis\u00e9e - Animex","description":"Confiez vos animaux \u00e0 Animex pour une pose de Freestyle. Soins sp\u00e9cialis\u00e9s, confort et s\u00e9r\u00e9nit\u00e9 assur\u00e9s par des techniciennes qualifi\u00e9es.","robots":{"index":"index","follow":"follow","max-snippet":"max-snippet:-1","max-image-preview":"max-image-preview:large","max-video-preview":"max-video-preview:-1"},"canonical":"https:\/\/animex.info\/en\/pose-de-freestyle\/","og_locale":"en_US","og_type":"article","og_title":"Pose de Freestyle pour animaux | Garde s\u00e9curis\u00e9e - Animex","og_description":"Confiez vos animaux \u00e0 Animex pour une pose de Freestyle. Soins sp\u00e9cialis\u00e9s, confort et s\u00e9r\u00e9nit\u00e9 assur\u00e9s par des techniciennes qualifi\u00e9es.","og_url":"https:\/\/animex.info\/en\/pose-de-freestyle\/","og_site_name":"Animex","article_modified_time":"2025-03-10T21:18:23+00:00","og_image":[{"url":"https:\/\/animex.info\/wp-content\/uploads\/2025\/02\/Freestyle2.jpg","type":"","width":"","height":""}],"twitter_card":"summary_large_image","schema":{"@context":"https:\/\/schema.org","@graph":[{"@type":"WebPage","@id":"https:\/\/animex.info\/pose-de-freestyle\/","url":"https:\/\/animex.info\/pose-de-freestyle\/","name":"Pose de Freestyle pour animaux | Garde s\u00e9curis\u00e9e - Animex","isPartOf":{"@id":"https:\/\/animex.info\/#website"},"primaryImageOfPage":{"@id":"https:\/\/animex.info\/pose-de-freestyle\/#primaryimage"},"image":{"@id":"https:\/\/animex.info\/pose-de-freestyle\/#primaryimage"},"thumbnailUrl":"https:\/\/animex.info\/wp-content\/uploads\/2025\/02\/Freestyle2.jpg","datePublished":"2025-02-09T20:00:52+00:00","dateModified":"2025-03-10T21:18:23+00:00","description":"Confiez vos animaux \u00e0 Animex pour une pose de Freestyle. Soins sp\u00e9cialis\u00e9s, confort et s\u00e9r\u00e9nit\u00e9 assur\u00e9s par des techniciennes qualifi\u00e9es.","breadcrumb":{"@id":"https:\/\/animex.info\/pose-de-freestyle\/#breadcrumb"},"inLanguage":"en-CA","potentialAction":[{"@type":"ReadAction","target":["https:\/\/animex.info\/pose-de-freestyle\/"]}]},{"@type":"ImageObject","inLanguage":"en-CA","@id":"https:\/\/animex.info\/pose-de-freestyle\/#primaryimage","url":"https:\/\/animex.info\/wp-content\/uploads\/2025\/02\/Freestyle2.jpg","contentUrl":"https:\/\/animex.info\/wp-content\/uploads\/2025\/02\/Freestyle2.jpg"},{"@type":"BreadcrumbList","@id":"https:\/\/animex.info\/pose-de-freestyle\/#breadcrumb","itemListElement":[{"@type":"ListItem","position":1,"name":"Home","item":"https:\/\/animex.info\/"},{"@type":"ListItem","position":2,"name":"Pose de Freestyle"}]},{"@type":"WebSite","@id":"https:\/\/animex.info\/#website","url":"https:\/\/animex.info\/","name":"Animex","description":"","publisher":{"@id":"https:\/\/animex.info\/#organization"},"potentialAction":[{"@type":"SearchAction","target":{"@type":"EntryPoint","urlTemplate":"https:\/\/animex.info\/?s={search_term_string}"},"query-input":{"@type":"PropertyValueSpecification","valueRequired":true,"valueName":"search_term_string"}}],"inLanguage":"en-CA"},{"@type":"Organization","@id":"https:\/\/animex.info\/#organization","name":"Animex","url":"https:\/\/animex.info\/","logo":{"@type":"ImageObject","inLanguage":"en-CA","@id":"https:\/\/animex.info\/#\/schema\/logo\/image\/","url":"https:\/\/animex.info\/wp-content\/uploads\/2025\/01\/animex-logo-2025.png","contentUrl":"https:\/\/animex.info\/wp-content\/uploads\/2025\/01\/animex-logo-2025.png","width":11607,"height":2512,"caption":"Animex"},"image":{"@id":"https:\/\/animex.info\/#\/schema\/logo\/image\/"}}]}},"_links":{"self":[{"href":"https:\/\/animex.info\/en\/wp-json\/wp\/v2\/pages\/31050","targetHints":{"allow":["GET"]}}],"collection":[{"href":"https:\/\/animex.info\/en\/wp-json\/wp\/v2\/pages"}],"about":[{"href":"https:\/\/animex.info\/en\/wp-json\/wp\/v2\/types\/page"}],"author":[{"embeddable":true,"href":"https:\/\/animex.info\/en\/wp-json\/wp\/v2\/users\/1"}],"replies":[{"embeddable":true,"href":"https:\/\/animex.info\/en\/wp-json\/wp\/v2\/comments?post=31050"}],"version-history":[{"count":10,"href":"https:\/\/animex.info\/en\/wp-json\/wp\/v2\/pages\/31050\/revisions"}],"predecessor-version":[{"id":31299,"href":"https:\/\/animex.info\/en\/wp-json\/wp\/v2\/pages\/31050\/revisions\/31299"}],"wp:attachment":[{"href":"https:\/\/animex.info\/en\/wp-json\/wp\/v2\/media?parent=31050"}],"curies":[{"name":"wp","href":"https:\/\/api.w.org\/{rel}","templated":true}]}}