{"id":31037,"date":"2025-02-09T19:55:13","date_gmt":"2025-02-09T19:55:13","guid":{"rendered":"https:\/\/animex.info\/?page_id=31037"},"modified":"2025-03-10T16:17:19","modified_gmt":"2025-03-10T21:17:19","slug":"prise-de-glycemie","status":"publish","type":"page","link":"https:\/\/animex.info\/en\/prise-de-glycemie\/","title":{"rendered":"Blood sugar test"},"content":{"rendered":"<div data-elementor-type=\"wp-page\" data-elementor-id=\"31037\" class=\"elementor elementor-31037\">\n\t\t\t\t\t\t<section class=\"elementor-section elementor-top-section elementor-element elementor-element-16913e9 elementor-section-content-bottom elementor-section-boxed elementor-section-height-default elementor-section-height-default\" data-id=\"16913e9\" data-element_type=\"section\" data-settings=\"{&quot;background_background&quot;:&quot;classic&quot;}\">\n\t\t\t\t\t\t\t<div class=\"elementor-background-overlay\"><\/div>\n\t\t\t\t\t\t\t<div class=\"elementor-container elementor-column-gap-custom\">\n\t\t\t\t\t<div class=\"elementor-column elementor-col-100 elementor-top-column elementor-element elementor-element-4dce781 elementor-invisible\" data-id=\"4dce781\" data-element_type=\"column\" data-settings=\"{&quot;animation&quot;:&quot;fadeIn&quot;}\">\n\t\t\t<div class=\"elementor-widget-wrap elementor-element-populated\">\n\t\t\t\t\t\t<div class=\"elementor-element elementor-element-cc77d15 elementor-widget elementor-widget-text-editor\" data-id=\"cc77d15\" data-element_type=\"widget\" data-widget_type=\"text-editor.default\">\n\t\t\t\t<div class=\"elementor-widget-container\">\n\t\t\t\t\t\t\t\t\t<p><b>Blood sugar test <\/b><\/p>\t\t\t\t\t\t\t\t<\/div>\n\t\t\t\t<\/div>\n\t\t\t\t<div class=\"elementor-element elementor-element-eaa282a elementor-widget elementor-widget-text-editor\" data-id=\"eaa282a\" data-element_type=\"widget\" data-widget_type=\"text-editor.default\">\n\t\t\t\t<div class=\"elementor-widget-container\">\n\t\t\t\t\t\t\t\t\t<p><span style=\"font-weight: 400;\">The service of blood sugar level at home is to measure the sugar levels in the blood of your pet at home. This service is particularly useful for animals with diabetes or to monitor a health condition requiring a control of blood glucose regularly. Here is a detailed explanation and the benefits of this service :\u00a0<\/span><\/p>\t\t\t\t\t\t\t\t<\/div>\n\t\t\t\t<\/div>\n\t\t\t\t\t<\/div>\n\t\t<\/div>\n\t\t\t\t\t<\/div>\n\t\t<\/section>\n\t\t\t\t<section class=\"elementor-section elementor-top-section elementor-element elementor-element-8983bf2 elementor-section-boxed elementor-section-height-default elementor-section-height-default\" data-id=\"8983bf2\" data-element_type=\"section\" data-settings=\"{&quot;background_background&quot;:&quot;classic&quot;}\">\n\t\t\t\t\t\t\t<div class=\"elementor-background-overlay\"><\/div>\n\t\t\t\t\t\t\t<div class=\"elementor-container elementor-column-gap-default\">\n\t\t\t\t\t<div class=\"elementor-column elementor-col-100 elementor-top-column elementor-element elementor-element-207d481\" data-id=\"207d481\" data-element_type=\"column\" data-settings=\"{&quot;background_background&quot;:&quot;classic&quot;}\">\n\t\t\t<div class=\"elementor-widget-wrap elementor-element-populated\">\n\t\t\t\t\t\t<section class=\"elementor-section elementor-inner-section elementor-element elementor-element-bba63a2 elementor-section-full_width elementor-section-height-default elementor-section-height-default\" data-id=\"bba63a2\" data-element_type=\"section\">\n\t\t\t\t\t\t<div class=\"elementor-container elementor-column-gap-default\">\n\t\t\t\t\t<div class=\"elementor-column elementor-col-50 elementor-inner-column elementor-element elementor-element-42583bb elementor-invisible\" data-id=\"42583bb\" data-element_type=\"column\" data-settings=\"{&quot;animation&quot;:&quot;fadeIn&quot;}\">\n\t\t\t<div class=\"elementor-widget-wrap elementor-element-populated\">\n\t\t\t\t\t\t<div class=\"elementor-element elementor-element-9291f13 elementor-widget__width-initial elementor-widget elementor-widget-text-editor\" data-id=\"9291f13\" data-element_type=\"widget\" data-widget_type=\"text-editor.default\">\n\t\t\t\t<div class=\"elementor-widget-container\">\n\t\t\t\t\t\t\t\t\t<div class=\"elementor-element elementor-element-7bc020f elementor-widget elementor-widget-text-editor\" data-id=\"7bc020f\" data-element_type=\"widget\" data-widget_type=\"text-editor.default\"><ol><li><b>Making an appointment :\u00a0<\/b><\/li><\/ol><p><span style=\"font-weight: 400;\">You contact us to arrange a home visit. This service can be ad hoc or regular, depending on the needs of your pet.\u00a0<\/span><\/p><ol start=\"2\"><li><b>Initial assessment :\u00a0<\/b><\/li><\/ol><p><span style=\"font-weight: 400;\">Before the blood sugar level, the professional :\u00a0<\/span><\/p><p><span style=\"font-weight: 400;\">\u2013 To assess the overall state of the animal (behavior, diet, physical state). \u2013 Discussion with you to know the medical history and the specific needs of your companion.\u00a0<\/span><\/p><ol start=\"3\"><li><b>Equipment preparation :\u00a0<\/b><\/li><\/ol><p><span style=\"font-weight: 400;\">The professional uses a meter that is specific to animals, strips, and a small lancet to draw a drop of blood. Everything is sanitized and prepared in advance to ensure the cleanliness and safety.\u00a0<\/span><\/p><ol start=\"4\"><li><b>Collection of blood :\u00a0<\/b><\/li><\/ol><p><span style=\"font-weight: 400;\">\u2013 The collection is made from an appropriate area, such as the ear or the ear using gentle techniques and appropriate to minimize discomfort to the animal.\u00a0<\/span><\/p><p><span style=\"font-weight: 400;\">\u2013 A gentle pressure is applied to prevent excessive bleeding. 5. <\/span><b>Measure and record :\u00a0<\/b><\/p><p><span style=\"font-weight: 400;\">\u2013 The glucose meter provides fast, accurate reading of the blood sugar levels. \u2013 The results are noted and, if necessary, communicated to your veterinarian in order to adjust the treatment (for example, the dose of insulin).\u00a0<\/span><\/p><ol start=\"6\"><li><b>Tips and recommendations :\u00a0<\/b><\/li><\/ol><p><span style=\"font-weight: 400;\">After intake of glucose, the professional gives you recommendations on the food, care, or the necessary adjustments to the routine of your pet.\u00a0<\/span><\/p><\/div>\t\t\t\t\t\t\t\t<\/div>\n\t\t\t\t<\/div>\n\t\t\t\t<div class=\"elementor-element elementor-element-9fb9a86 elementor-widget elementor-widget-image\" data-id=\"9fb9a86\" data-element_type=\"widget\" data-widget_type=\"image.default\">\n\t\t\t\t<div class=\"elementor-widget-container\">\n\t\t\t\t\t\t\t\t\t\t\t\t\t\t\t<img fetchpriority=\"high\" decoding=\"async\" width=\"1199\" height=\"1599\" src=\"https:\/\/animex.info\/wp-content\/uploads\/2025\/02\/Glycemie-2-1500x2000.jpg\" class=\"attachment-large size-large wp-image-31046\" alt=\"\" srcset=\"https:\/\/animex.info\/wp-content\/uploads\/2025\/02\/Glycemie-2-1500x2000.jpg 1500w, https:\/\/animex.info\/wp-content\/uploads\/2025\/02\/Glycemie-2-225x300.jpg 225w, https:\/\/animex.info\/wp-content\/uploads\/2025\/02\/Glycemie-2-768x1024.jpg 768w, https:\/\/animex.info\/wp-content\/uploads\/2025\/02\/Glycemie-2-1152x1536.jpg 1152w, https:\/\/animex.info\/wp-content\/uploads\/2025\/02\/Glycemie-2-1536x2048.jpg 1536w, https:\/\/animex.info\/wp-content\/uploads\/2025\/02\/Glycemie-2-scaled.jpg 1920w\" sizes=\"(max-width: 1199px) 100vw, 1199px\" \/>\t\t\t\t\t\t\t\t\t\t\t\t\t\t\t<\/div>\n\t\t\t\t<\/div>\n\t\t\t\t\t<\/div>\n\t\t<\/div>\n\t\t\t\t<div class=\"elementor-column elementor-col-50 elementor-inner-column elementor-element elementor-element-915a026 elementor-invisible\" data-id=\"915a026\" data-element_type=\"column\" data-settings=\"{&quot;background_background&quot;:&quot;classic&quot;,&quot;animation&quot;:&quot;fadeIn&quot;,&quot;animation_delay&quot;:200}\">\n\t\t\t<div class=\"elementor-widget-wrap elementor-element-populated\">\n\t\t\t\t\t\t<div class=\"elementor-element elementor-element-35094c7 elementor-widget elementor-widget-image\" data-id=\"35094c7\" data-element_type=\"widget\" data-widget_type=\"image.default\">\n\t\t\t\t<div class=\"elementor-widget-container\">\n\t\t\t\t\t\t\t\t\t\t\t\t\t\t\t<img decoding=\"async\" width=\"1199\" height=\"1599\" src=\"https:\/\/animex.info\/wp-content\/uploads\/2025\/02\/Glycemie1-1500x2000.jpg\" class=\"attachment-large size-large wp-image-31045\" alt=\"\" srcset=\"https:\/\/animex.info\/wp-content\/uploads\/2025\/02\/Glycemie1-1500x2000.jpg 1500w, https:\/\/animex.info\/wp-content\/uploads\/2025\/02\/Glycemie1-225x300.jpg 225w, https:\/\/animex.info\/wp-content\/uploads\/2025\/02\/Glycemie1-768x1024.jpg 768w, https:\/\/animex.info\/wp-content\/uploads\/2025\/02\/Glycemie1-1152x1536.jpg 1152w, https:\/\/animex.info\/wp-content\/uploads\/2025\/02\/Glycemie1.jpg 1536w\" sizes=\"(max-width: 1199px) 100vw, 1199px\" \/>\t\t\t\t\t\t\t\t\t\t\t\t\t\t\t<\/div>\n\t\t\t\t<\/div>\n\t\t\t\t<div class=\"elementor-element elementor-element-2f000cb elementor-widget elementor-widget-text-editor\" data-id=\"2f000cb\" data-element_type=\"widget\" data-widget_type=\"text-editor.default\">\n\t\t\t\t<div class=\"elementor-widget-container\">\n\t\t\t\t\t\t\t\t\t<p><b>Benefits\u00a0<\/b><\/p><ol><li><b>Reduction of the stress for the cat :\u00a0<\/b><\/li><\/ol><p><span style=\"font-weight: 400;\">The diabetic animals or patients may be stressed by travel to a veterinary clinic. Perform the measurement in a familiar environment helps them to remain calm.\u00a0<\/span><\/p><ol start=\"2\"><li><b>Comfort for the owner :\u00a0<\/b><\/li><\/ol><p><span style=\"font-weight: 400;\">You can avoid the constraints of the routes and schedules of the clinics, which is especially helpful if your schedule is loaded.\u00a0<\/span><\/p><ol start=\"3\"><li><b>Accuracy of results :\u00a0<\/b><\/li><\/ol><p><span style=\"font-weight: 400;\">Blood glucose levels may be influenced by stress. By measuring the rate of sugar at home, in a quiet setting, the results are often more representative of the real condition of your pet.\u00a0<\/span><\/p><ol start=\"4\"><li><b>Safety and expertise :\u00a0<\/b><\/li><\/ol><p><span style=\"font-weight: 400;\">A trained professional knows how to handle your pet gently and efficiently, reducing the risk of injury or complication related to their removal.\u00a0<\/span><\/p><ol start=\"5\"><li><b>Continuous monitoring :\u00a0<\/b><\/li><\/ol><p><span style=\"font-weight: 400;\">This service is ideal for animals that require regular monitoring of their\u00a0<\/span><\/p><p><span style=\"font-weight: 400;\">blood glucose, such as those with diabetes. This allows to follow the evolution of their state of health on a consistent basis.\u00a0<\/span><\/p><ol start=\"6\"><li><b>Education for owners :\u00a0<\/b><\/li><\/ol><p><span style=\"font-weight: 400;\">The professional can teach you how to take the glucose you-even if you want to manage the daily care, while providing you with some tricks to soothe your pet.\u00a0<\/span><\/p><ol start=\"7\"><li><b>Risk reduction :\u00a0<\/b><\/li><\/ol><p><span style=\"font-weight: 400;\">A blood sugar level regularly enables the early detection of significant changes and to adjust the treatment (for example, avoid hypo-or hyperglycemia, severe).\u00a0<\/span><\/p><ol start=\"8\"><li><b>Personalised :\u00a0<\/b><\/li><\/ol><p><span style=\"font-weight: 400;\">The professional tailors interventions to the specific needs of your pet, in conjunction with your veterinarian to ensure the best possible care.\u00a0<\/span><\/p>\t\t\t\t\t\t\t\t<\/div>\n\t\t\t\t<\/div>\n\t\t\t\t<div class=\"elementor-element elementor-element-1079912 elementor-widget__width-initial elementor-absolute elementor-widget elementor-widget-image\" data-id=\"1079912\" data-element_type=\"widget\" data-settings=\"{&quot;_position&quot;:&quot;absolute&quot;}\" data-widget_type=\"image.default\">\n\t\t\t\t<div class=\"elementor-widget-container\">\n\t\t\t\t\t\t\t\t\t\t\t\t\t\t\t<img decoding=\"async\" width=\"271\" height=\"271\" src=\"https:\/\/animex.info\/wp-content\/uploads\/2024\/03\/53gb.png\" class=\"attachment-large size-large wp-image-29917\" alt=\"\" srcset=\"https:\/\/animex.info\/wp-content\/uploads\/2024\/03\/53gb.png 271w, https:\/\/animex.info\/wp-content\/uploads\/2024\/03\/53gb-150x150.png 150w\" sizes=\"(max-width: 271px) 100vw, 271px\" \/>\t\t\t\t\t\t\t\t\t\t\t\t\t\t\t<\/div>\n\t\t\t\t<\/div>\n\t\t\t\t\t<\/div>\n\t\t<\/div>\n\t\t\t\t\t<\/div>\n\t\t<\/section>\n\t\t\t\t<div class=\"elementor-element elementor-element-409e6f1 elementor-widget elementor-widget-text-editor\" data-id=\"409e6f1\" data-element_type=\"widget\" data-widget_type=\"text-editor.default\">\n\t\t\t\t<div class=\"elementor-widget-container\">\n\t\t\t\t\t\t\t\t\t<p><span style=\"font-weight: 400;\">This service is essential for animals that require a control of blood glucose regularly. In addition to ensuring their health and comfort, it offers owners the peace of mind of knowing that their companion is followed and that the care of expert.<\/span><\/p>\t\t\t\t\t\t\t\t<\/div>\n\t\t\t\t<\/div>\n\t\t\t\t\t<\/div>\n\t\t<\/div>\n\t\t\t\t\t<\/div>\n\t\t<\/section>\n\t\t\t\t<section class=\"elementor-section elementor-top-section elementor-element elementor-element-a495dfc elementor-section-boxed elementor-section-height-default elementor-section-height-default\" data-id=\"a495dfc\" data-element_type=\"section\" data-settings=\"{&quot;background_background&quot;:&quot;classic&quot;}\">\n\t\t\t\t\t\t\t<div class=\"elementor-background-overlay\"><\/div>\n\t\t\t\t\t\t\t<div class=\"elementor-container elementor-column-gap-default\">\n\t\t\t\t\t<div class=\"elementor-column elementor-col-100 elementor-top-column elementor-element elementor-element-d867232\" data-id=\"d867232\" data-element_type=\"column\" data-settings=\"{&quot;background_background&quot;:&quot;classic&quot;}\">\n\t\t\t<div class=\"elementor-widget-wrap elementor-element-populated\">\n\t\t\t\t\t<div class=\"elementor-background-overlay\"><\/div>\n\t\t\t\t\t\t<section class=\"elementor-section elementor-inner-section elementor-element elementor-element-72b0d63 elementor-section-boxed elementor-section-height-default elementor-section-height-default\" data-id=\"72b0d63\" data-element_type=\"section\">\n\t\t\t\t\t\t<div class=\"elementor-container elementor-column-gap-default\">\n\t\t\t\t\t<div class=\"elementor-column elementor-col-100 elementor-inner-column elementor-element elementor-element-a308282\" data-id=\"a308282\" data-element_type=\"column\">\n\t\t\t<div class=\"elementor-widget-wrap elementor-element-populated\">\n\t\t\t\t\t\t<div class=\"elementor-element elementor-element-a46452e elementor-widget-mobile__width-inherit elementor-widget elementor-widget-text-editor\" data-id=\"a46452e\" data-element_type=\"widget\" data-widget_type=\"text-editor.default\">\n\t\t\t\t<div class=\"elementor-widget-container\">\n\t\t\t\t\t\t\t\t\t<p>You don't want just anyone taking care of your loved ones?<\/p>\t\t\t\t\t\t\t\t<\/div>\n\t\t\t\t<\/div>\n\t\t\t\t<div class=\"elementor-element elementor-element-13d677b elementor-widget elementor-widget-text-editor\" data-id=\"13d677b\" data-element_type=\"widget\" data-widget_type=\"text-editor.default\">\n\t\t\t\t<div class=\"elementor-widget-container\">\n\t\t\t\t\t\t\t\t\t<p><span style=\"font-weight: 400;\">We are dedicated and reliable technicians and veterinary assistants! <\/span><\/p>\t\t\t\t\t\t\t\t<\/div>\n\t\t\t\t<\/div>\n\t\t\t\t\t<\/div>\n\t\t<\/div>\n\t\t\t\t\t<\/div>\n\t\t<\/section>\n\t\t\t\t\t<\/div>\n\t\t<\/div>\n\t\t\t\t\t<\/div>\n\t\t<\/section>\n\t\t\t\t<\/div>","protected":false},"excerpt":{"rendered":"<p>Prise de glyc\u00e9mie Le service de prise de glyc\u00e9mie \u00e0 domicile consiste \u00e0 mesurer le taux de sucre dans le sang de\u00a0 votre animal chez vous. Ce service est particuli\u00e8rement utile pour les animaux atteints de\u00a0 diab\u00e8te ou pour surveiller un \u00e9tat de sant\u00e9 n\u00e9cessitant un contr\u00f4le glyc\u00e9mique r\u00e9gulier. Voici une\u00a0 explication d\u00e9taill\u00e9e et les [&hellip;]<\/p>","protected":false},"author":1,"featured_media":0,"parent":0,"menu_order":0,"comment_status":"closed","ping_status":"closed","template":"page-templates\/template-full-width-page-without-header-title.php","meta":{"footnotes":""},"class_list":["post-31037","page","type-page","status-publish","hentry"],"yoast_head":"<!-- This site is optimized with the Yoast SEO plugin v24.3 - https:\/\/yoast.com\/wordpress\/plugins\/seo\/ -->\n<title>Prise de glyc\u00e9mie | Garde s\u00e9curis\u00e9e - Animex<\/title>\n<meta name=\"description\" content=\"Confiez vos animaux \u00e0 Animex pour une prise de glyc\u00e9mie. Soins sp\u00e9cialis\u00e9s, confort et s\u00e9r\u00e9nit\u00e9 assur\u00e9s par des techniciennes qualifi\u00e9es.\" \/>\n<meta name=\"robots\" content=\"index, follow, max-snippet:-1, max-image-preview:large, max-video-preview:-1\" \/>\n<link rel=\"canonical\" href=\"https:\/\/animex.info\/en\/prise-de-glycemie\/\" \/>\n<meta property=\"og:locale\" content=\"en_US\" \/>\n<meta property=\"og:type\" content=\"article\" \/>\n<meta property=\"og:title\" content=\"Prise de glyc\u00e9mie | Garde s\u00e9curis\u00e9e - Animex\" \/>\n<meta property=\"og:description\" content=\"Confiez vos animaux \u00e0 Animex pour une prise de glyc\u00e9mie. Soins sp\u00e9cialis\u00e9s, confort et s\u00e9r\u00e9nit\u00e9 assur\u00e9s par des techniciennes qualifi\u00e9es.\" \/>\n<meta property=\"og:url\" content=\"https:\/\/animex.info\/en\/prise-de-glycemie\/\" \/>\n<meta property=\"og:site_name\" content=\"Animex\" \/>\n<meta property=\"article:modified_time\" content=\"2025-03-10T21:17:19+00:00\" \/>\n<meta property=\"og:image\" content=\"https:\/\/animex.info\/wp-content\/uploads\/2025\/02\/Glycemie-2-1500x2000.jpg\" \/>\n<meta name=\"twitter:card\" content=\"summary_large_image\" \/>\n<meta name=\"twitter:label1\" content=\"Est. reading time\" \/>\n\t<meta name=\"twitter:data1\" content=\"4 minutes\" \/>\n<script type=\"application\/ld+json\" class=\"yoast-schema-graph\">{\"@context\":\"https:\/\/schema.org\",\"@graph\":[{\"@type\":\"WebPage\",\"@id\":\"https:\/\/animex.info\/prise-de-glycemie\/\",\"url\":\"https:\/\/animex.info\/prise-de-glycemie\/\",\"name\":\"Prise de glyc\u00e9mie | Garde s\u00e9curis\u00e9e - Animex\",\"isPartOf\":{\"@id\":\"https:\/\/animex.info\/#website\"},\"primaryImageOfPage\":{\"@id\":\"https:\/\/animex.info\/prise-de-glycemie\/#primaryimage\"},\"image\":{\"@id\":\"https:\/\/animex.info\/prise-de-glycemie\/#primaryimage\"},\"thumbnailUrl\":\"https:\/\/animex.info\/wp-content\/uploads\/2025\/02\/Glycemie-2-1500x2000.jpg\",\"datePublished\":\"2025-02-09T19:55:13+00:00\",\"dateModified\":\"2025-03-10T21:17:19+00:00\",\"description\":\"Confiez vos animaux \u00e0 Animex pour une prise de glyc\u00e9mie. Soins sp\u00e9cialis\u00e9s, confort et s\u00e9r\u00e9nit\u00e9 assur\u00e9s par des techniciennes qualifi\u00e9es.\",\"breadcrumb\":{\"@id\":\"https:\/\/animex.info\/prise-de-glycemie\/#breadcrumb\"},\"inLanguage\":\"en-CA\",\"potentialAction\":[{\"@type\":\"ReadAction\",\"target\":[\"https:\/\/animex.info\/prise-de-glycemie\/\"]}]},{\"@type\":\"ImageObject\",\"inLanguage\":\"en-CA\",\"@id\":\"https:\/\/animex.info\/prise-de-glycemie\/#primaryimage\",\"url\":\"https:\/\/animex.info\/wp-content\/uploads\/2025\/02\/Glycemie-2-1500x2000.jpg\",\"contentUrl\":\"https:\/\/animex.info\/wp-content\/uploads\/2025\/02\/Glycemie-2-1500x2000.jpg\"},{\"@type\":\"BreadcrumbList\",\"@id\":\"https:\/\/animex.info\/prise-de-glycemie\/#breadcrumb\",\"itemListElement\":[{\"@type\":\"ListItem\",\"position\":1,\"name\":\"Home\",\"item\":\"https:\/\/animex.info\/\"},{\"@type\":\"ListItem\",\"position\":2,\"name\":\"Prise de glyc\u00e9mie\"}]},{\"@type\":\"WebSite\",\"@id\":\"https:\/\/animex.info\/#website\",\"url\":\"https:\/\/animex.info\/\",\"name\":\"Animex\",\"description\":\"\",\"publisher\":{\"@id\":\"https:\/\/animex.info\/#organization\"},\"potentialAction\":[{\"@type\":\"SearchAction\",\"target\":{\"@type\":\"EntryPoint\",\"urlTemplate\":\"https:\/\/animex.info\/?s={search_term_string}\"},\"query-input\":{\"@type\":\"PropertyValueSpecification\",\"valueRequired\":true,\"valueName\":\"search_term_string\"}}],\"inLanguage\":\"en-CA\"},{\"@type\":\"Organization\",\"@id\":\"https:\/\/animex.info\/#organization\",\"name\":\"Animex\",\"url\":\"https:\/\/animex.info\/\",\"logo\":{\"@type\":\"ImageObject\",\"inLanguage\":\"en-CA\",\"@id\":\"https:\/\/animex.info\/#\/schema\/logo\/image\/\",\"url\":\"https:\/\/animex.info\/wp-content\/uploads\/2025\/01\/animex-logo-2025.png\",\"contentUrl\":\"https:\/\/animex.info\/wp-content\/uploads\/2025\/01\/animex-logo-2025.png\",\"width\":11607,\"height\":2512,\"caption\":\"Animex\"},\"image\":{\"@id\":\"https:\/\/animex.info\/#\/schema\/logo\/image\/\"}}]}<\/script>\n<!-- \/ Yoast SEO plugin. -->","yoast_head_json":{"title":"Prise de glyc\u00e9mie | Garde s\u00e9curis\u00e9e - Animex","description":"Confiez vos animaux \u00e0 Animex pour une prise de glyc\u00e9mie. Soins sp\u00e9cialis\u00e9s, confort et s\u00e9r\u00e9nit\u00e9 assur\u00e9s par des techniciennes qualifi\u00e9es.","robots":{"index":"index","follow":"follow","max-snippet":"max-snippet:-1","max-image-preview":"max-image-preview:large","max-video-preview":"max-video-preview:-1"},"canonical":"https:\/\/animex.info\/en\/prise-de-glycemie\/","og_locale":"en_US","og_type":"article","og_title":"Prise de glyc\u00e9mie | Garde s\u00e9curis\u00e9e - Animex","og_description":"Confiez vos animaux \u00e0 Animex pour une prise de glyc\u00e9mie. Soins sp\u00e9cialis\u00e9s, confort et s\u00e9r\u00e9nit\u00e9 assur\u00e9s par des techniciennes qualifi\u00e9es.","og_url":"https:\/\/animex.info\/en\/prise-de-glycemie\/","og_site_name":"Animex","article_modified_time":"2025-03-10T21:17:19+00:00","og_image":[{"url":"https:\/\/animex.info\/wp-content\/uploads\/2025\/02\/Glycemie-2-1500x2000.jpg","type":"","width":"","height":""}],"twitter_card":"summary_large_image","twitter_misc":{"Est. reading time":"4 minutes"},"schema":{"@context":"https:\/\/schema.org","@graph":[{"@type":"WebPage","@id":"https:\/\/animex.info\/prise-de-glycemie\/","url":"https:\/\/animex.info\/prise-de-glycemie\/","name":"Prise de glyc\u00e9mie | Garde s\u00e9curis\u00e9e - Animex","isPartOf":{"@id":"https:\/\/animex.info\/#website"},"primaryImageOfPage":{"@id":"https:\/\/animex.info\/prise-de-glycemie\/#primaryimage"},"image":{"@id":"https:\/\/animex.info\/prise-de-glycemie\/#primaryimage"},"thumbnailUrl":"https:\/\/animex.info\/wp-content\/uploads\/2025\/02\/Glycemie-2-1500x2000.jpg","datePublished":"2025-02-09T19:55:13+00:00","dateModified":"2025-03-10T21:17:19+00:00","description":"Confiez vos animaux \u00e0 Animex pour une prise de glyc\u00e9mie. Soins sp\u00e9cialis\u00e9s, confort et s\u00e9r\u00e9nit\u00e9 assur\u00e9s par des techniciennes qualifi\u00e9es.","breadcrumb":{"@id":"https:\/\/animex.info\/prise-de-glycemie\/#breadcrumb"},"inLanguage":"en-CA","potentialAction":[{"@type":"ReadAction","target":["https:\/\/animex.info\/prise-de-glycemie\/"]}]},{"@type":"ImageObject","inLanguage":"en-CA","@id":"https:\/\/animex.info\/prise-de-glycemie\/#primaryimage","url":"https:\/\/animex.info\/wp-content\/uploads\/2025\/02\/Glycemie-2-1500x2000.jpg","contentUrl":"https:\/\/animex.info\/wp-content\/uploads\/2025\/02\/Glycemie-2-1500x2000.jpg"},{"@type":"BreadcrumbList","@id":"https:\/\/animex.info\/prise-de-glycemie\/#breadcrumb","itemListElement":[{"@type":"ListItem","position":1,"name":"Home","item":"https:\/\/animex.info\/"},{"@type":"ListItem","position":2,"name":"Prise de glyc\u00e9mie"}]},{"@type":"WebSite","@id":"https:\/\/animex.info\/#website","url":"https:\/\/animex.info\/","name":"Animex","description":"","publisher":{"@id":"https:\/\/animex.info\/#organization"},"potentialAction":[{"@type":"SearchAction","target":{"@type":"EntryPoint","urlTemplate":"https:\/\/animex.info\/?s={search_term_string}"},"query-input":{"@type":"PropertyValueSpecification","valueRequired":true,"valueName":"search_term_string"}}],"inLanguage":"en-CA"},{"@type":"Organization","@id":"https:\/\/animex.info\/#organization","name":"Animex","url":"https:\/\/animex.info\/","logo":{"@type":"ImageObject","inLanguage":"en-CA","@id":"https:\/\/animex.info\/#\/schema\/logo\/image\/","url":"https:\/\/animex.info\/wp-content\/uploads\/2025\/01\/animex-logo-2025.png","contentUrl":"https:\/\/animex.info\/wp-content\/uploads\/2025\/01\/animex-logo-2025.png","width":11607,"height":2512,"caption":"Animex"},"image":{"@id":"https:\/\/animex.info\/#\/schema\/logo\/image\/"}}]}},"_links":{"self":[{"href":"https:\/\/animex.info\/en\/wp-json\/wp\/v2\/pages\/31037","targetHints":{"allow":["GET"]}}],"collection":[{"href":"https:\/\/animex.info\/en\/wp-json\/wp\/v2\/pages"}],"about":[{"href":"https:\/\/animex.info\/en\/wp-json\/wp\/v2\/types\/page"}],"author":[{"embeddable":true,"href":"https:\/\/animex.info\/en\/wp-json\/wp\/v2\/users\/1"}],"replies":[{"embeddable":true,"href":"https:\/\/animex.info\/en\/wp-json\/wp\/v2\/comments?post=31037"}],"version-history":[{"count":13,"href":"https:\/\/animex.info\/en\/wp-json\/wp\/v2\/pages\/31037\/revisions"}],"predecessor-version":[{"id":31296,"href":"https:\/\/animex.info\/en\/wp-json\/wp\/v2\/pages\/31037\/revisions\/31296"}],"wp:attachment":[{"href":"https:\/\/animex.info\/en\/wp-json\/wp\/v2\/media?parent=31037"}],"curies":[{"name":"wp","href":"https:\/\/api.w.org\/{rel}","templated":true}]}}