{"id":31002,"date":"2025-02-09T19:36:09","date_gmt":"2025-02-09T19:36:09","guid":{"rendered":"https:\/\/animex.info\/?page_id=31002"},"modified":"2025-03-10T16:15:20","modified_gmt":"2025-03-10T21:15:20","slug":"administration-de-medicaments","status":"publish","type":"page","link":"https:\/\/animex.info\/en\/administration-de-medicaments\/","title":{"rendered":"Medication administration"},"content":{"rendered":"<div data-elementor-type=\"wp-page\" data-elementor-id=\"31002\" class=\"elementor elementor-31002\">\n\t\t\t\t\t\t<section class=\"elementor-section elementor-top-section elementor-element elementor-element-16913e9 elementor-section-content-bottom elementor-section-boxed elementor-section-height-default elementor-section-height-default\" data-id=\"16913e9\" data-element_type=\"section\" data-settings=\"{&quot;background_background&quot;:&quot;classic&quot;}\">\n\t\t\t\t\t\t\t<div class=\"elementor-background-overlay\"><\/div>\n\t\t\t\t\t\t\t<div class=\"elementor-container elementor-column-gap-custom\">\n\t\t\t\t\t<div class=\"elementor-column elementor-col-100 elementor-top-column elementor-element elementor-element-4dce781 elementor-invisible\" data-id=\"4dce781\" data-element_type=\"column\" data-settings=\"{&quot;animation&quot;:&quot;fadeIn&quot;}\">\n\t\t\t<div class=\"elementor-widget-wrap elementor-element-populated\">\n\t\t\t\t\t\t<div class=\"elementor-element elementor-element-cc77d15 elementor-widget elementor-widget-text-editor\" data-id=\"cc77d15\" data-element_type=\"widget\" data-widget_type=\"text-editor.default\">\n\t\t\t\t<div class=\"elementor-widget-container\">\n\t\t\t\t\t\t\t\t\t<p><b>Medication administration\u00a0<\/b><\/p>\t\t\t\t\t\t\t\t<\/div>\n\t\t\t\t<\/div>\n\t\t\t\t<div class=\"elementor-element elementor-element-eaa282a elementor-widget elementor-widget-text-editor\" data-id=\"eaa282a\" data-element_type=\"widget\" data-widget_type=\"text-editor.default\">\n\t\t\t\t<div class=\"elementor-widget-container\">\n\t\t\t\t\t\t\t\t\t<p><span style=\"font-weight: 400;\">The at-home medication administration service for pets involves calling a professional to come to your home and administer a prescribed treatment to your companion. This service is especially useful for animals requiring regular care or for owners who have difficulty administering medications themselves. Here is a detailed explanation and the associated benefits:\u00a0<\/span><\/p>\t\t\t\t\t\t\t\t<\/div>\n\t\t\t\t<\/div>\n\t\t\t\t\t<\/div>\n\t\t<\/div>\n\t\t\t\t\t<\/div>\n\t\t<\/section>\n\t\t\t\t<section class=\"elementor-section elementor-top-section elementor-element elementor-element-8983bf2 elementor-section-boxed elementor-section-height-default elementor-section-height-default\" data-id=\"8983bf2\" data-element_type=\"section\" data-settings=\"{&quot;background_background&quot;:&quot;classic&quot;}\">\n\t\t\t\t\t\t\t<div class=\"elementor-background-overlay\"><\/div>\n\t\t\t\t\t\t\t<div class=\"elementor-container elementor-column-gap-default\">\n\t\t\t\t\t<div class=\"elementor-column elementor-col-100 elementor-top-column elementor-element elementor-element-207d481\" data-id=\"207d481\" data-element_type=\"column\" data-settings=\"{&quot;background_background&quot;:&quot;classic&quot;}\">\n\t\t\t<div class=\"elementor-widget-wrap elementor-element-populated\">\n\t\t\t\t\t\t<section class=\"elementor-section elementor-inner-section elementor-element elementor-element-bba63a2 elementor-section-full_width elementor-section-height-default elementor-section-height-default\" data-id=\"bba63a2\" data-element_type=\"section\">\n\t\t\t\t\t\t<div class=\"elementor-container elementor-column-gap-default\">\n\t\t\t\t\t<div class=\"elementor-column elementor-col-50 elementor-inner-column elementor-element elementor-element-42583bb elementor-invisible\" data-id=\"42583bb\" data-element_type=\"column\" data-settings=\"{&quot;animation&quot;:&quot;fadeIn&quot;}\">\n\t\t\t<div class=\"elementor-widget-wrap elementor-element-populated\">\n\t\t\t\t\t\t<div class=\"elementor-element elementor-element-9291f13 elementor-widget__width-initial elementor-widget elementor-widget-text-editor\" data-id=\"9291f13\" data-element_type=\"widget\" data-widget_type=\"text-editor.default\">\n\t\t\t\t<div class=\"elementor-widget-container\">\n\t\t\t\t\t\t\t\t\t<p><strong>1. Appointment scheduling:<br \/><\/strong>You contact us to schedule an intervention. This may include a one-time administration or follow-up over several days, depending on the animal's needs. <br \/><strong>2. Analysis of the animal's needs:<\/strong><br \/>The professional evaluates the veterinary prescription to understand the specific requirements, such as the type of medication, dosage, frequency, and method of administration (oral, injectable, topical, etc.). <br \/><strong>3. Home preparation:<\/strong> <br \/>Upon arrival, the professional creates a calm and suitable environment for the animal. They ensure that all necessary equipment (syringes, tablets, topical solutions, etc.) is ready. <br \/><strong>4. Medication administration:<\/strong> <br \/>The professional administers the treatment following the appropriate methods, such as:<\/p><p class=\"translation-block\">\u2013 Oral medications: Tablets, capsules, or liquids given directly or hidden in food. <br>\u2013 Injections: Antibiotics, insulin, or other injectable treatments. <br>\u2013 Topical medications: Application of ointments, creams, or anti-parasitic products. <br>\u2013 Specialized care: Subcutaneous infusions or post-surgical care.<\/p><p><strong>5. Monitoring and advice:<\/strong> <br \/>After administration, the professional monitors the animal for any immediate adverse reactions and provides instructions on the care to be given between visits. <\/p>\t\t\t\t\t\t\t\t<\/div>\n\t\t\t\t<\/div>\n\t\t\t\t<div class=\"elementor-element elementor-element-9fb9a86 elementor-widget elementor-widget-image\" data-id=\"9fb9a86\" data-element_type=\"widget\" data-widget_type=\"image.default\">\n\t\t\t\t<div class=\"elementor-widget-container\">\n\t\t\t\t\t\t\t\t\t\t\t\t\t\t\t<img fetchpriority=\"high\" decoding=\"async\" width=\"1199\" height=\"1599\" src=\"https:\/\/animex.info\/wp-content\/uploads\/2025\/02\/Medoc2.jpg\" class=\"attachment-large size-large wp-image-31018\" alt=\"\" srcset=\"https:\/\/animex.info\/wp-content\/uploads\/2025\/02\/Medoc2.jpg 1500w, https:\/\/animex.info\/wp-content\/uploads\/2025\/02\/Medoc2-225x300.jpg 225w, https:\/\/animex.info\/wp-content\/uploads\/2025\/02\/Medoc2-768x1024.jpg 768w, https:\/\/animex.info\/wp-content\/uploads\/2025\/02\/Medoc2-1152x1536.jpg 1152w\" sizes=\"(max-width: 1199px) 100vw, 1199px\" \/>\t\t\t\t\t\t\t\t\t\t\t\t\t\t\t<\/div>\n\t\t\t\t<\/div>\n\t\t\t\t\t<\/div>\n\t\t<\/div>\n\t\t\t\t<div class=\"elementor-column elementor-col-50 elementor-inner-column elementor-element elementor-element-915a026 elementor-invisible\" data-id=\"915a026\" data-element_type=\"column\" data-settings=\"{&quot;background_background&quot;:&quot;classic&quot;,&quot;animation&quot;:&quot;fadeIn&quot;,&quot;animation_delay&quot;:200}\">\n\t\t\t<div class=\"elementor-widget-wrap elementor-element-populated\">\n\t\t\t\t\t\t<div class=\"elementor-element elementor-element-35094c7 elementor-widget elementor-widget-image\" data-id=\"35094c7\" data-element_type=\"widget\" data-widget_type=\"image.default\">\n\t\t\t\t<div class=\"elementor-widget-container\">\n\t\t\t\t\t\t\t\t\t\t\t\t\t\t\t<img decoding=\"async\" width=\"1199\" height=\"1599\" src=\"https:\/\/animex.info\/wp-content\/uploads\/2025\/02\/Medoc1.jpg\" class=\"attachment-large size-large wp-image-31017\" alt=\"\" srcset=\"https:\/\/animex.info\/wp-content\/uploads\/2025\/02\/Medoc1.jpg 1500w, https:\/\/animex.info\/wp-content\/uploads\/2025\/02\/Medoc1-225x300.jpg 225w, https:\/\/animex.info\/wp-content\/uploads\/2025\/02\/Medoc1-768x1024.jpg 768w, https:\/\/animex.info\/wp-content\/uploads\/2025\/02\/Medoc1-1152x1536.jpg 1152w\" sizes=\"(max-width: 1199px) 100vw, 1199px\" \/>\t\t\t\t\t\t\t\t\t\t\t\t\t\t\t<\/div>\n\t\t\t\t<\/div>\n\t\t\t\t<div class=\"elementor-element elementor-element-2f000cb elementor-widget elementor-widget-text-editor\" data-id=\"2f000cb\" data-element_type=\"widget\" data-widget_type=\"text-editor.default\">\n\t\t\t\t<div class=\"elementor-widget-container\">\n\t\t\t\t\t\t\t\t\t<p><b>Benefits\u00a0\u00a0<\/b><\/p><ol><li><b>Reduction of stress for the animal:\u00a0<\/b><\/li><\/ol><p><span style=\"font-weight: 400;\">Trips to the veterinary clinic can be stressful for many animals. Being treated in a familiar environment reduces anxiety.\u00a0<\/span><\/p><ol start=\"2\"><li><b>Assurance of correct administration:\u00a0<\/b><\/li><\/ol><p><span style=\"font-weight: 400;\">Some treatments, such as injections or medications that are difficult to administer, require specific skills. A professional ensures precise and error-free administration.\u00a0<\/span><\/p><ol start=\"3\"><li><b>Time-saving for the owner:\u00a0<\/b><\/li><\/ol><p><span style=\"font-weight: 400;\">You don't have to travel, which is especially helpful if you have a busy schedule or live far from veterinary services.\u00a0<\/span><\/p><ol start=\"4\"><li><b>Personalized approach:\u00a0<\/b><\/li><\/ol><p><span style=\"font-weight: 400;\">The professional tailors their approach to your pet's temperament and needs, ensuring minimal discomfort and making the experience as positive as possible. <\/span><\/p><p><span style=\"font-weight: 400;\">5. <\/span><b>Management of complex treatments:\u00a0<\/b><\/p><p><span style=\"font-weight: 400;\">For care requiring special expertise (infusions, post-operative treatments), the at-home service offers a practical and secure alternative.<\/span><\/p><ol start=\"6\"><li><b>Educational support for owners:\u00a0<\/b><\/li><\/ol><p><span style=\"font-weight: 400;\">You can learn from the professional how to administer certain medications yourself in the future, receiving practical advice and demonstrations. <\/span><\/p><p><span style=\"font-weight: 400;\">7. <\/span><b>Comfort for sick or elderly animals:\u00a0<\/b><\/p><p><span style=\"font-weight: 400;\">Animals with mobility issues, chronic pain, or fragile health receive tailored care without the stress of traveling.\u00a0<\/span><\/p><ol start=\"8\"><li><b>Continuity of care:\u00a0<\/b><\/li><\/ol><p><span style=\"font-weight: 400;\">At-home follow-up ensures that treatment schedules and frequencies are maintained, which is crucial for chronic conditions like diabetes or kidney failure. <\/span><\/p>\t\t\t\t\t\t\t\t<\/div>\n\t\t\t\t<\/div>\n\t\t\t\t<div class=\"elementor-element elementor-element-1079912 elementor-widget__width-initial elementor-absolute elementor-widget elementor-widget-image\" data-id=\"1079912\" data-element_type=\"widget\" data-settings=\"{&quot;_position&quot;:&quot;absolute&quot;}\" data-widget_type=\"image.default\">\n\t\t\t\t<div class=\"elementor-widget-container\">\n\t\t\t\t\t\t\t\t\t\t\t\t\t\t\t<img decoding=\"async\" width=\"271\" height=\"271\" src=\"https:\/\/animex.info\/wp-content\/uploads\/2024\/03\/53gb.png\" class=\"attachment-large size-large wp-image-29917\" alt=\"\" srcset=\"https:\/\/animex.info\/wp-content\/uploads\/2024\/03\/53gb.png 271w, https:\/\/animex.info\/wp-content\/uploads\/2024\/03\/53gb-150x150.png 150w\" sizes=\"(max-width: 271px) 100vw, 271px\" \/>\t\t\t\t\t\t\t\t\t\t\t\t\t\t\t<\/div>\n\t\t\t\t<\/div>\n\t\t\t\t\t<\/div>\n\t\t<\/div>\n\t\t\t\t\t<\/div>\n\t\t<\/section>\n\t\t\t\t<div class=\"elementor-element elementor-element-409e6f1 elementor-widget elementor-widget-text-editor\" data-id=\"409e6f1\" data-element_type=\"widget\" data-widget_type=\"text-editor.default\">\n\t\t\t\t<div class=\"elementor-widget-container\">\n\t\t\t\t\t\t\t\t\t<p><span style=\"font-weight: 400;\">This service is ideal for owners who want to ensure quality care for their pets while providing comfort and peace of mind. It also helps strengthen your companion's overall health and well-being.<\/span><\/p>\t\t\t\t\t\t\t\t<\/div>\n\t\t\t\t<\/div>\n\t\t\t\t\t<\/div>\n\t\t<\/div>\n\t\t\t\t\t<\/div>\n\t\t<\/section>\n\t\t\t\t<section class=\"elementor-section elementor-top-section elementor-element elementor-element-a495dfc elementor-section-boxed elementor-section-height-default elementor-section-height-default\" data-id=\"a495dfc\" data-element_type=\"section\" data-settings=\"{&quot;background_background&quot;:&quot;classic&quot;}\">\n\t\t\t\t\t\t\t<div class=\"elementor-background-overlay\"><\/div>\n\t\t\t\t\t\t\t<div class=\"elementor-container elementor-column-gap-default\">\n\t\t\t\t\t<div class=\"elementor-column elementor-col-100 elementor-top-column elementor-element elementor-element-d867232\" data-id=\"d867232\" data-element_type=\"column\" data-settings=\"{&quot;background_background&quot;:&quot;classic&quot;}\">\n\t\t\t<div class=\"elementor-widget-wrap elementor-element-populated\">\n\t\t\t\t\t<div class=\"elementor-background-overlay\"><\/div>\n\t\t\t\t\t\t<section class=\"elementor-section elementor-inner-section elementor-element elementor-element-72b0d63 elementor-section-boxed elementor-section-height-default elementor-section-height-default\" data-id=\"72b0d63\" data-element_type=\"section\">\n\t\t\t\t\t\t<div class=\"elementor-container elementor-column-gap-default\">\n\t\t\t\t\t<div class=\"elementor-column elementor-col-100 elementor-inner-column elementor-element elementor-element-a308282\" data-id=\"a308282\" data-element_type=\"column\">\n\t\t\t<div class=\"elementor-widget-wrap elementor-element-populated\">\n\t\t\t\t\t\t<div class=\"elementor-element elementor-element-a46452e elementor-widget-mobile__width-inherit elementor-widget elementor-widget-text-editor\" data-id=\"a46452e\" data-element_type=\"widget\" data-widget_type=\"text-editor.default\">\n\t\t\t\t<div class=\"elementor-widget-container\">\n\t\t\t\t\t\t\t\t\t<p>You don't want just anyone taking care of your loved ones?<\/p>\t\t\t\t\t\t\t\t<\/div>\n\t\t\t\t<\/div>\n\t\t\t\t<div class=\"elementor-element elementor-element-13d677b elementor-widget elementor-widget-text-editor\" data-id=\"13d677b\" data-element_type=\"widget\" data-widget_type=\"text-editor.default\">\n\t\t\t\t<div class=\"elementor-widget-container\">\n\t\t\t\t\t\t\t\t\t<p><span style=\"font-weight: 400;\">We are dedicated and reliable technicians and veterinary assistants! <\/span><\/p>\t\t\t\t\t\t\t\t<\/div>\n\t\t\t\t<\/div>\n\t\t\t\t\t<\/div>\n\t\t<\/div>\n\t\t\t\t\t<\/div>\n\t\t<\/section>\n\t\t\t\t\t<\/div>\n\t\t<\/div>\n\t\t\t\t\t<\/div>\n\t\t<\/section>\n\t\t\t\t<\/div>","protected":false},"excerpt":{"rendered":"<p>Administration de m\u00e9dicaments\u00a0 Le service d&rsquo;administration de m\u00e9dicaments \u00e0 domicile pour les animaux consiste \u00e0 faire appel \u00e0\u00a0 un professionnel qui se rend chez vous pour administrer un traitement prescrit \u00e0 votre\u00a0 compagnon. Ce service est particuli\u00e8rement utile pour les animaux n\u00e9cessitant des soins\u00a0 r\u00e9guliers ou pour les propri\u00e9taires ayant des difficult\u00e9s \u00e0 administrer eux-m\u00eames [&hellip;]<\/p>","protected":false},"author":1,"featured_media":0,"parent":0,"menu_order":0,"comment_status":"closed","ping_status":"closed","template":"page-templates\/template-full-width-page-without-header-title.php","meta":{"footnotes":""},"class_list":["post-31002","page","type-page","status-publish","hentry"],"yoast_head":"<!-- This site is optimized with the Yoast SEO plugin v24.3 - https:\/\/yoast.com\/wordpress\/plugins\/seo\/ -->\n<title>Administration de m\u00e9dicaments | Garde s\u00e9curis\u00e9e - Animex<\/title>\n<meta name=\"description\" content=\"Confiez vos animaux \u00e0 Animex pour l&#039;administration de m\u00e9dicaments par des techniciennes qualifi\u00e9es. Nous adorons les animaux.\" \/>\n<meta name=\"robots\" content=\"index, follow, max-snippet:-1, max-image-preview:large, max-video-preview:-1\" \/>\n<link rel=\"canonical\" href=\"https:\/\/animex.info\/en\/administration-de-medicaments\/\" \/>\n<meta property=\"og:locale\" content=\"en_US\" \/>\n<meta property=\"og:type\" content=\"article\" \/>\n<meta property=\"og:title\" content=\"Administration de m\u00e9dicaments | Garde s\u00e9curis\u00e9e - Animex\" \/>\n<meta property=\"og:description\" content=\"Confiez vos animaux \u00e0 Animex pour l&#039;administration de m\u00e9dicaments par des techniciennes qualifi\u00e9es. Nous adorons les animaux.\" \/>\n<meta property=\"og:url\" content=\"https:\/\/animex.info\/en\/administration-de-medicaments\/\" \/>\n<meta property=\"og:site_name\" content=\"Animex\" \/>\n<meta property=\"article:modified_time\" content=\"2025-03-10T21:15:20+00:00\" \/>\n<meta property=\"og:image\" content=\"https:\/\/animex.info\/wp-content\/uploads\/2025\/02\/Medoc2.jpg\" \/>\n<meta name=\"twitter:card\" content=\"summary_large_image\" \/>\n<script type=\"application\/ld+json\" class=\"yoast-schema-graph\">{\"@context\":\"https:\/\/schema.org\",\"@graph\":[{\"@type\":\"WebPage\",\"@id\":\"https:\/\/animex.info\/administration-de-medicaments\/\",\"url\":\"https:\/\/animex.info\/administration-de-medicaments\/\",\"name\":\"Administration de m\u00e9dicaments | Garde s\u00e9curis\u00e9e - Animex\",\"isPartOf\":{\"@id\":\"https:\/\/animex.info\/#website\"},\"primaryImageOfPage\":{\"@id\":\"https:\/\/animex.info\/administration-de-medicaments\/#primaryimage\"},\"image\":{\"@id\":\"https:\/\/animex.info\/administration-de-medicaments\/#primaryimage\"},\"thumbnailUrl\":\"https:\/\/animex.info\/wp-content\/uploads\/2025\/02\/Medoc2.jpg\",\"datePublished\":\"2025-02-09T19:36:09+00:00\",\"dateModified\":\"2025-03-10T21:15:20+00:00\",\"description\":\"Confiez vos animaux \u00e0 Animex pour l'administration de m\u00e9dicaments par des techniciennes qualifi\u00e9es. Nous adorons les animaux.\",\"breadcrumb\":{\"@id\":\"https:\/\/animex.info\/administration-de-medicaments\/#breadcrumb\"},\"inLanguage\":\"en-CA\",\"potentialAction\":[{\"@type\":\"ReadAction\",\"target\":[\"https:\/\/animex.info\/administration-de-medicaments\/\"]}]},{\"@type\":\"ImageObject\",\"inLanguage\":\"en-CA\",\"@id\":\"https:\/\/animex.info\/administration-de-medicaments\/#primaryimage\",\"url\":\"https:\/\/animex.info\/wp-content\/uploads\/2025\/02\/Medoc2.jpg\",\"contentUrl\":\"https:\/\/animex.info\/wp-content\/uploads\/2025\/02\/Medoc2.jpg\"},{\"@type\":\"BreadcrumbList\",\"@id\":\"https:\/\/animex.info\/administration-de-medicaments\/#breadcrumb\",\"itemListElement\":[{\"@type\":\"ListItem\",\"position\":1,\"name\":\"Home\",\"item\":\"https:\/\/animex.info\/\"},{\"@type\":\"ListItem\",\"position\":2,\"name\":\"Administration de m\u00e9dicaments\"}]},{\"@type\":\"WebSite\",\"@id\":\"https:\/\/animex.info\/#website\",\"url\":\"https:\/\/animex.info\/\",\"name\":\"Animex\",\"description\":\"\",\"publisher\":{\"@id\":\"https:\/\/animex.info\/#organization\"},\"potentialAction\":[{\"@type\":\"SearchAction\",\"target\":{\"@type\":\"EntryPoint\",\"urlTemplate\":\"https:\/\/animex.info\/?s={search_term_string}\"},\"query-input\":{\"@type\":\"PropertyValueSpecification\",\"valueRequired\":true,\"valueName\":\"search_term_string\"}}],\"inLanguage\":\"en-CA\"},{\"@type\":\"Organization\",\"@id\":\"https:\/\/animex.info\/#organization\",\"name\":\"Animex\",\"url\":\"https:\/\/animex.info\/\",\"logo\":{\"@type\":\"ImageObject\",\"inLanguage\":\"en-CA\",\"@id\":\"https:\/\/animex.info\/#\/schema\/logo\/image\/\",\"url\":\"https:\/\/animex.info\/wp-content\/uploads\/2025\/01\/animex-logo-2025.png\",\"contentUrl\":\"https:\/\/animex.info\/wp-content\/uploads\/2025\/01\/animex-logo-2025.png\",\"width\":11607,\"height\":2512,\"caption\":\"Animex\"},\"image\":{\"@id\":\"https:\/\/animex.info\/#\/schema\/logo\/image\/\"}}]}<\/script>\n<!-- \/ Yoast SEO plugin. -->","yoast_head_json":{"title":"Administration de m\u00e9dicaments | Garde s\u00e9curis\u00e9e - Animex","description":"Confiez vos animaux \u00e0 Animex pour l'administration de m\u00e9dicaments par des techniciennes qualifi\u00e9es. Nous adorons les animaux.","robots":{"index":"index","follow":"follow","max-snippet":"max-snippet:-1","max-image-preview":"max-image-preview:large","max-video-preview":"max-video-preview:-1"},"canonical":"https:\/\/animex.info\/en\/administration-de-medicaments\/","og_locale":"en_US","og_type":"article","og_title":"Administration de m\u00e9dicaments | Garde s\u00e9curis\u00e9e - Animex","og_description":"Confiez vos animaux \u00e0 Animex pour l'administration de m\u00e9dicaments par des techniciennes qualifi\u00e9es. Nous adorons les animaux.","og_url":"https:\/\/animex.info\/en\/administration-de-medicaments\/","og_site_name":"Animex","article_modified_time":"2025-03-10T21:15:20+00:00","og_image":[{"url":"https:\/\/animex.info\/wp-content\/uploads\/2025\/02\/Medoc2.jpg","type":"","width":"","height":""}],"twitter_card":"summary_large_image","schema":{"@context":"https:\/\/schema.org","@graph":[{"@type":"WebPage","@id":"https:\/\/animex.info\/administration-de-medicaments\/","url":"https:\/\/animex.info\/administration-de-medicaments\/","name":"Administration de m\u00e9dicaments | Garde s\u00e9curis\u00e9e - Animex","isPartOf":{"@id":"https:\/\/animex.info\/#website"},"primaryImageOfPage":{"@id":"https:\/\/animex.info\/administration-de-medicaments\/#primaryimage"},"image":{"@id":"https:\/\/animex.info\/administration-de-medicaments\/#primaryimage"},"thumbnailUrl":"https:\/\/animex.info\/wp-content\/uploads\/2025\/02\/Medoc2.jpg","datePublished":"2025-02-09T19:36:09+00:00","dateModified":"2025-03-10T21:15:20+00:00","description":"Confiez vos animaux \u00e0 Animex pour l'administration de m\u00e9dicaments par des techniciennes qualifi\u00e9es. Nous adorons les animaux.","breadcrumb":{"@id":"https:\/\/animex.info\/administration-de-medicaments\/#breadcrumb"},"inLanguage":"en-CA","potentialAction":[{"@type":"ReadAction","target":["https:\/\/animex.info\/administration-de-medicaments\/"]}]},{"@type":"ImageObject","inLanguage":"en-CA","@id":"https:\/\/animex.info\/administration-de-medicaments\/#primaryimage","url":"https:\/\/animex.info\/wp-content\/uploads\/2025\/02\/Medoc2.jpg","contentUrl":"https:\/\/animex.info\/wp-content\/uploads\/2025\/02\/Medoc2.jpg"},{"@type":"BreadcrumbList","@id":"https:\/\/animex.info\/administration-de-medicaments\/#breadcrumb","itemListElement":[{"@type":"ListItem","position":1,"name":"Home","item":"https:\/\/animex.info\/"},{"@type":"ListItem","position":2,"name":"Administration de m\u00e9dicaments"}]},{"@type":"WebSite","@id":"https:\/\/animex.info\/#website","url":"https:\/\/animex.info\/","name":"Animex","description":"","publisher":{"@id":"https:\/\/animex.info\/#organization"},"potentialAction":[{"@type":"SearchAction","target":{"@type":"EntryPoint","urlTemplate":"https:\/\/animex.info\/?s={search_term_string}"},"query-input":{"@type":"PropertyValueSpecification","valueRequired":true,"valueName":"search_term_string"}}],"inLanguage":"en-CA"},{"@type":"Organization","@id":"https:\/\/animex.info\/#organization","name":"Animex","url":"https:\/\/animex.info\/","logo":{"@type":"ImageObject","inLanguage":"en-CA","@id":"https:\/\/animex.info\/#\/schema\/logo\/image\/","url":"https:\/\/animex.info\/wp-content\/uploads\/2025\/01\/animex-logo-2025.png","contentUrl":"https:\/\/animex.info\/wp-content\/uploads\/2025\/01\/animex-logo-2025.png","width":11607,"height":2512,"caption":"Animex"},"image":{"@id":"https:\/\/animex.info\/#\/schema\/logo\/image\/"}}]}},"_links":{"self":[{"href":"https:\/\/animex.info\/en\/wp-json\/wp\/v2\/pages\/31002","targetHints":{"allow":["GET"]}}],"collection":[{"href":"https:\/\/animex.info\/en\/wp-json\/wp\/v2\/pages"}],"about":[{"href":"https:\/\/animex.info\/en\/wp-json\/wp\/v2\/types\/page"}],"author":[{"embeddable":true,"href":"https:\/\/animex.info\/en\/wp-json\/wp\/v2\/users\/1"}],"replies":[{"embeddable":true,"href":"https:\/\/animex.info\/en\/wp-json\/wp\/v2\/comments?post=31002"}],"version-history":[{"count":19,"href":"https:\/\/animex.info\/en\/wp-json\/wp\/v2\/pages\/31002\/revisions"}],"predecessor-version":[{"id":31290,"href":"https:\/\/animex.info\/en\/wp-json\/wp\/v2\/pages\/31002\/revisions\/31290"}],"wp:attachment":[{"href":"https:\/\/animex.info\/en\/wp-json\/wp\/v2\/media?parent=31002"}],"curies":[{"name":"wp","href":"https:\/\/api.w.org\/{rel}","templated":true}]}}