{"id":30601,"date":"2025-01-16T20:56:51","date_gmt":"2025-01-16T20:56:51","guid":{"rendered":"https:\/\/animex.info\/?page_id=30601"},"modified":"2025-01-31T16:00:28","modified_gmt":"2025-01-31T16:00:28","slug":"les-techniciennes-et-aides-techniciennes-en-sante","status":"publish","type":"page","link":"https:\/\/animex.info\/en\/les-techniciennes-et-aides-techniciennes-en-sante\/","title":{"rendered":"Les Techniciennes et Aides-Techniciennes en Sant\u00e9"},"content":{"rendered":"<div data-elementor-type=\"wp-page\" data-elementor-id=\"30601\" class=\"elementor elementor-30601\">\n\t\t\t\t\t\t<section class=\"elementor-section elementor-top-section elementor-element elementor-element-16913e9 elementor-section-content-bottom elementor-section-boxed elementor-section-height-default elementor-section-height-default\" data-id=\"16913e9\" data-element_type=\"section\" data-settings=\"{&quot;background_background&quot;:&quot;classic&quot;}\">\n\t\t\t\t\t\t\t<div class=\"elementor-background-overlay\"><\/div>\n\t\t\t\t\t\t\t<div class=\"elementor-container elementor-column-gap-custom\">\n\t\t\t\t\t<div class=\"elementor-column elementor-col-100 elementor-top-column elementor-element elementor-element-a855298\" data-id=\"a855298\" data-element_type=\"column\">\n\t\t\t<div class=\"elementor-widget-wrap elementor-element-populated\">\n\t\t\t\t\t\t<div class=\"elementor-element elementor-element-69af2c1 elementor-widget elementor-widget-heading\" data-id=\"69af2c1\" data-element_type=\"widget\" data-widget_type=\"heading.default\">\n\t\t\t\t<div class=\"elementor-widget-container\">\n\t\t\t\t\t<h2 class=\"elementor-heading-title elementor-size-default\">Animal Health Technician<\/h2>\t\t\t\t<\/div>\n\t\t\t\t<\/div>\n\t\t\t\t\t<\/div>\n\t\t<\/div>\n\t\t\t\t\t<\/div>\n\t\t<\/section>\n\t\t\t\t<section class=\"elementor-section elementor-top-section elementor-element elementor-element-8983bf2 elementor-section-boxed elementor-section-height-default elementor-section-height-default\" data-id=\"8983bf2\" data-element_type=\"section\" data-settings=\"{&quot;background_background&quot;:&quot;classic&quot;}\">\n\t\t\t\t\t\t\t<div class=\"elementor-background-overlay\"><\/div>\n\t\t\t\t\t\t\t<div class=\"elementor-container elementor-column-gap-default\">\n\t\t\t\t\t<div class=\"elementor-column elementor-col-100 elementor-top-column elementor-element elementor-element-207d481\" data-id=\"207d481\" data-element_type=\"column\" data-settings=\"{&quot;background_background&quot;:&quot;classic&quot;}\">\n\t\t\t<div class=\"elementor-widget-wrap elementor-element-populated\">\n\t\t\t\t\t\t<section class=\"elementor-section elementor-inner-section elementor-element elementor-element-bba63a2 elementor-section-full_width elementor-section-height-default elementor-section-height-default\" data-id=\"bba63a2\" data-element_type=\"section\">\n\t\t\t\t\t\t<div class=\"elementor-container elementor-column-gap-default\">\n\t\t\t\t\t<div class=\"elementor-column elementor-col-50 elementor-inner-column elementor-element elementor-element-42583bb elementor-invisible\" data-id=\"42583bb\" data-element_type=\"column\" data-settings=\"{&quot;animation&quot;:&quot;fadeIn&quot;}\">\n\t\t\t<div class=\"elementor-widget-wrap elementor-element-populated\">\n\t\t\t\t\t\t<div class=\"elementor-element elementor-element-2639509 elementor-widget-mobile__width-inherit elementor-widget elementor-widget-text-editor\" data-id=\"2639509\" data-element_type=\"widget\" data-widget_type=\"text-editor.default\">\n\t\t\t\t<div class=\"elementor-widget-container\">\n\t\t\t\t\t\t\t\t\t<p><b>Professionals dedicated to animal well-being <\/b><\/p>\t\t\t\t\t\t\t\t<\/div>\n\t\t\t\t<\/div>\n\t\t\t\t<div class=\"elementor-element elementor-element-9291f13 elementor-widget__width-initial elementor-widget elementor-widget-text-editor\" data-id=\"9291f13\" data-element_type=\"widget\" data-widget_type=\"text-editor.default\">\n\t\t\t\t<div class=\"elementor-widget-container\">\n\t\t\t\t\t\t\t\t\t<p>The main mission of our Animal Health Technicians (AHT) at home is to provide professional and personalized care directly in the comfort of pet owners' homes.<\/p><p>Their intervention helps reduce animal stress by avoiding transportation and the clinical environment while ensuring high-quality care through their expertise and autonomy.<\/p><p>They also support pet owners by providing practical advice on preventive care, hygiene, and medical follow-up, ensuring continuity of care and optimal well-being for each animal.<\/p>\t\t\t\t\t\t\t\t<\/div>\n\t\t\t\t<\/div>\n\t\t\t\t<div class=\"elementor-element elementor-element-9fb9a86 elementor-widget elementor-widget-image\" data-id=\"9fb9a86\" data-element_type=\"widget\" data-widget_type=\"image.default\">\n\t\t\t\t<div class=\"elementor-widget-container\">\n\t\t\t\t\t\t\t\t\t\t\t\t\t\t\t<img fetchpriority=\"high\" decoding=\"async\" width=\"1199\" height=\"894\" src=\"https:\/\/animex.info\/wp-content\/uploads\/2025\/01\/Tech2.jpg\" class=\"attachment-large size-large wp-image-30894\" alt=\"\" srcset=\"https:\/\/animex.info\/wp-content\/uploads\/2025\/01\/Tech2.jpg 1845w, https:\/\/animex.info\/wp-content\/uploads\/2025\/01\/Tech2-300x224.jpg 300w, https:\/\/animex.info\/wp-content\/uploads\/2025\/01\/Tech2-768x573.jpg 768w, https:\/\/animex.info\/wp-content\/uploads\/2025\/01\/Tech2-1536x1146.jpg 1536w\" sizes=\"(max-width: 1199px) 100vw, 1199px\" \/>\t\t\t\t\t\t\t\t\t\t\t\t\t\t\t<\/div>\n\t\t\t\t<\/div>\n\t\t\t\t\t<\/div>\n\t\t<\/div>\n\t\t\t\t<div class=\"elementor-column elementor-col-50 elementor-inner-column elementor-element elementor-element-915a026 elementor-invisible\" data-id=\"915a026\" data-element_type=\"column\" data-settings=\"{&quot;background_background&quot;:&quot;classic&quot;,&quot;animation&quot;:&quot;fadeIn&quot;,&quot;animation_delay&quot;:200}\">\n\t\t\t<div class=\"elementor-widget-wrap elementor-element-populated\">\n\t\t\t\t\t\t<div class=\"elementor-element elementor-element-35094c7 elementor-widget elementor-widget-image\" data-id=\"35094c7\" data-element_type=\"widget\" data-widget_type=\"image.default\">\n\t\t\t\t<div class=\"elementor-widget-container\">\n\t\t\t\t\t\t\t\t\t\t\t\t\t\t\t<img decoding=\"async\" width=\"812\" height=\"1010\" src=\"https:\/\/animex.info\/wp-content\/uploads\/2025\/01\/Tech1-e1738337484848.jpg\" class=\"attachment-large size-large wp-image-30893\" alt=\"\" srcset=\"https:\/\/animex.info\/wp-content\/uploads\/2025\/01\/Tech1-e1738337484848.jpg 812w, https:\/\/animex.info\/wp-content\/uploads\/2025\/01\/Tech1-e1738337484848-241x300.jpg 241w, https:\/\/animex.info\/wp-content\/uploads\/2025\/01\/Tech1-e1738337484848-768x955.jpg 768w\" sizes=\"(max-width: 812px) 100vw, 812px\" \/>\t\t\t\t\t\t\t\t\t\t\t\t\t\t\t<\/div>\n\t\t\t\t<\/div>\n\t\t\t\t<div class=\"elementor-element elementor-element-2f000cb elementor-widget elementor-widget-text-editor\" data-id=\"2f000cb\" data-element_type=\"widget\" data-widget_type=\"text-editor.default\">\n\t\t\t\t<div class=\"elementor-widget-container\">\n\t\t\t\t\t\t\t\t\t<p><b>Services offered during home visits <\/b><\/p><p><strong>1. Basic and preventive care:<\/strong><br \/>\u2013 Administration of injections or treatments prescribed by the veterinarian<br \/>\u2013 Performing hygiene care (nail trimming, ear cleaning)<br \/>sutures, etc.)<br \/><strong>2. Health Status Monitoring:<\/strong><br \/>\u2013 Post-operative or chronic disease monitoring<br \/>\u2013 Monitoring of clinical signs to report any changes to the veterinarian.<br \/><strong>3. Sampling and Testing:<\/strong><br \/>\u2013 Collection of samples (blood, urine, stool) for subsequent analysis.<br \/>in the laboratory.<br \/>\u2013 Measurement of health parameters such as blood pressure, weight, temperature,<br \/>heart rate, etc.<br \/><strong>4. Personalized Support:<\/strong><br \/>\u2013 Advice on nutrition, training, and preventive care tailored to your pet.<br \/>\u2013 Support for families with elderly pets or those requiring palliative care.<\/p>\t\t\t\t\t\t\t\t<\/div>\n\t\t\t\t<\/div>\n\t\t\t\t<div class=\"elementor-element elementor-element-1079912 elementor-widget__width-initial elementor-absolute elementor-widget elementor-widget-image\" data-id=\"1079912\" data-element_type=\"widget\" data-settings=\"{&quot;_position&quot;:&quot;absolute&quot;}\" data-widget_type=\"image.default\">\n\t\t\t\t<div class=\"elementor-widget-container\">\n\t\t\t\t\t\t\t\t\t\t\t\t\t\t\t<img decoding=\"async\" width=\"271\" height=\"271\" src=\"https:\/\/animex.info\/wp-content\/uploads\/2024\/03\/53gb.png\" class=\"attachment-large size-large wp-image-29917\" alt=\"\" srcset=\"https:\/\/animex.info\/wp-content\/uploads\/2024\/03\/53gb.png 271w, https:\/\/animex.info\/wp-content\/uploads\/2024\/03\/53gb-150x150.png 150w\" sizes=\"(max-width: 271px) 100vw, 271px\" \/>\t\t\t\t\t\t\t\t\t\t\t\t\t\t\t<\/div>\n\t\t\t\t<\/div>\n\t\t\t\t\t<\/div>\n\t\t<\/div>\n\t\t\t\t\t<\/div>\n\t\t<\/section>\n\t\t\t\t\t<\/div>\n\t\t<\/div>\n\t\t\t\t\t<\/div>\n\t\t<\/section>\n\t\t\t\t<section class=\"elementor-section elementor-top-section elementor-element elementor-element-e0a7e69 elementor-section-boxed elementor-section-height-default elementor-section-height-default\" data-id=\"e0a7e69\" data-element_type=\"section\" data-settings=\"{&quot;background_background&quot;:&quot;classic&quot;}\">\n\t\t\t\t\t\t<div class=\"elementor-container elementor-column-gap-default\">\n\t\t\t\t\t<div class=\"elementor-column elementor-col-50 elementor-top-column elementor-element elementor-element-8717dd0\" data-id=\"8717dd0\" data-element_type=\"column\">\n\t\t\t<div class=\"elementor-widget-wrap elementor-element-populated\">\n\t\t\t\t\t\t<div class=\"elementor-element elementor-element-905776b elementor-widget elementor-widget-text-editor\" data-id=\"905776b\" data-element_type=\"widget\" data-widget_type=\"text-editor.default\">\n\t\t\t\t<div class=\"elementor-widget-container\">\n\t\t\t\t\t\t\t\t\t<h3>Skills<\/h3><p>Our Animal Health Technicians (TSA) who provide home services have skills tailored to this specific context:<\/p><p><br \/><strong>\u2022 Independence:<\/strong> Ability to work independently while following protocols established by veterinarians.<br \/><strong>\u2022 Adaptability:<\/strong> Gestion des soins dans des environnements vari\u00e9s, en s\u2019assurant que<br \/>l\u2019animal reste calme et confortable<br \/><strong>\u2022 Communication:<\/strong> Clear explanation of care and practical advice for owners<br \/><strong>\u2022 Observation :<\/strong> Rapid detection of any signs requiring additional veterinary intervention<\/p>\t\t\t\t\t\t\t\t<\/div>\n\t\t\t\t<\/div>\n\t\t\t\t\t<\/div>\n\t\t<\/div>\n\t\t\t\t<div class=\"elementor-column elementor-col-50 elementor-top-column elementor-element elementor-element-38c98d2\" data-id=\"38c98d2\" data-element_type=\"column\">\n\t\t\t<div class=\"elementor-widget-wrap elementor-element-populated\">\n\t\t\t\t\t\t<div class=\"elementor-element elementor-element-51af5fe elementor-widget__width-initial elementor-widget elementor-widget-image\" data-id=\"51af5fe\" data-element_type=\"widget\" data-widget_type=\"image.default\">\n\t\t\t\t<div class=\"elementor-widget-container\">\n\t\t\t\t\t\t\t\t\t\t\t\t\t\t\t<img loading=\"lazy\" decoding=\"async\" width=\"924\" height=\"1413\" src=\"https:\/\/animex.info\/wp-content\/uploads\/2025\/01\/Tech3.jpg\" class=\"attachment-large size-large wp-image-30895\" alt=\"\" srcset=\"https:\/\/animex.info\/wp-content\/uploads\/2025\/01\/Tech3.jpg 924w, https:\/\/animex.info\/wp-content\/uploads\/2025\/01\/Tech3-196x300.jpg 196w, https:\/\/animex.info\/wp-content\/uploads\/2025\/01\/Tech3-768x1174.jpg 768w\" sizes=\"(max-width: 924px) 100vw, 924px\" \/>\t\t\t\t\t\t\t\t\t\t\t\t\t\t\t<\/div>\n\t\t\t\t<\/div>\n\t\t\t\t\t<\/div>\n\t\t<\/div>\n\t\t\t\t\t<\/div>\n\t\t<\/section>\n\t\t\t\t<section class=\"elementor-section elementor-top-section elementor-element elementor-element-2511deb elementor-section-boxed elementor-section-height-default elementor-section-height-default\" data-id=\"2511deb\" data-element_type=\"section\" data-settings=\"{&quot;background_background&quot;:&quot;classic&quot;}\">\n\t\t\t\t\t\t<div class=\"elementor-container elementor-column-gap-default\">\n\t\t\t\t\t<div class=\"elementor-column elementor-col-100 elementor-top-column elementor-element elementor-element-1c62bf5\" data-id=\"1c62bf5\" data-element_type=\"column\">\n\t\t\t<div class=\"elementor-widget-wrap elementor-element-populated\">\n\t\t\t\t\t\t<div class=\"elementor-element elementor-element-62b1efa elementor-widget elementor-widget-text-editor\" data-id=\"62b1efa\" data-element_type=\"widget\" data-widget_type=\"text-editor.default\">\n\t\t\t\t<div class=\"elementor-widget-container\">\n\t\t\t\t\t\t\t\t\t<h3>Advantages of home visits<\/h3><p><strong>1.Comfort for the animal:<\/strong><br \/>\u2013 Avoid stress related to transportation and the clinic environment<br \/>\u2013 Allow care in a familiar and calming environment<br \/><strong>2. Convenience for the owners:<\/strong><br \/>\u2013 Save time by avoiding travel<br \/>\u2013 Receiving professional care directly at home<br \/><strong>3. Personalized follow-up:<\/strong><br \/>\u2013 Special attention given to the animal in its daily environment<br \/>\u2013 The possibility for the AHT to assess living conditions and provide tailored advice<\/p><h3>Our commitment<\/h3><p>We understand the importance of making care accessible and convenient for our clients and<br \/>their companions. Our animal health technicians dedicated to home visits are<br \/>trained to provide professional expertise while ensuring the well-being of each animal.<br \/>and peace of mind for the owners.<\/p><p><br \/>By trusting them, you benefit from a local, efficient, and caring service that<br \/>places your needs and those of your animal at the heart of our priorities.<\/p>\t\t\t\t\t\t\t\t<\/div>\n\t\t\t\t<\/div>\n\t\t\t\t\t<\/div>\n\t\t<\/div>\n\t\t\t\t\t<\/div>\n\t\t<\/section>\n\t\t\t\t<\/div>","protected":false},"excerpt":{"rendered":"<p>Technicienne en sant\u00e9 animale Des professionnelles au service du bien-\u00eatre animal La mission principale de nos techniciennes en sant\u00e9 animale (TSA) \u00e0 domicile est d\u2019offrir des soins professionnels et personnalis\u00e9s directement dans le confort du foyer des propri\u00e9taires. Leur intervention permet de r\u00e9duire le stress des animaux en \u00e9vitant le transport et l\u2019environnement clinique, tout [&hellip;]<\/p>","protected":false},"author":1,"featured_media":0,"parent":0,"menu_order":0,"comment_status":"closed","ping_status":"closed","template":"page-templates\/template-full-width-page-without-header-title.php","meta":{"footnotes":""},"class_list":["post-30601","page","type-page","status-publish","hentry"],"yoast_head":"<!-- This site is optimized with the Yoast SEO plugin v24.3 - https:\/\/yoast.com\/wordpress\/plugins\/seo\/ -->\n<title>Techniciennes en Sant\u00e9 Animale Animex Expertise et bienveillance<\/title>\n<meta name=\"description\" content=\"Les techniciens et aides-techniciens d\u2019Animex offrent des soins professionnels et personnalis\u00e9s pour vos animaux.\" \/>\n<meta name=\"robots\" content=\"index, follow, max-snippet:-1, max-image-preview:large, max-video-preview:-1\" \/>\n<link rel=\"canonical\" href=\"https:\/\/animex.info\/en\/les-techniciennes-et-aides-techniciennes-en-sante\/\" \/>\n<meta property=\"og:locale\" content=\"en_US\" \/>\n<meta property=\"og:type\" content=\"article\" \/>\n<meta property=\"og:title\" content=\"Techniciennes en Sant\u00e9 Animale Animex Expertise et bienveillance\" \/>\n<meta property=\"og:description\" content=\"Les techniciens et aides-techniciens d\u2019Animex offrent des soins professionnels et personnalis\u00e9s pour vos animaux.\" \/>\n<meta property=\"og:url\" content=\"https:\/\/animex.info\/en\/les-techniciennes-et-aides-techniciennes-en-sante\/\" \/>\n<meta property=\"og:site_name\" content=\"Animex\" \/>\n<meta property=\"article:modified_time\" content=\"2025-01-31T16:00:28+00:00\" \/>\n<meta property=\"og:image\" content=\"https:\/\/animex.info\/wp-content\/uploads\/2025\/01\/Tech2.jpg\" \/>\n\t<meta property=\"og:image:width\" content=\"1845\" \/>\n\t<meta property=\"og:image:height\" content=\"1376\" \/>\n\t<meta property=\"og:image:type\" content=\"image\/jpeg\" \/>\n<meta name=\"twitter:card\" content=\"summary_large_image\" \/>\n<meta name=\"twitter:label1\" content=\"Est. reading time\" \/>\n\t<meta name=\"twitter:data1\" content=\"3 minutes\" \/>\n<script type=\"application\/ld+json\" class=\"yoast-schema-graph\">{\"@context\":\"https:\/\/schema.org\",\"@graph\":[{\"@type\":\"WebPage\",\"@id\":\"https:\/\/animex.info\/les-techniciennes-et-aides-techniciennes-en-sante\/\",\"url\":\"https:\/\/animex.info\/les-techniciennes-et-aides-techniciennes-en-sante\/\",\"name\":\"Techniciennes en Sant\u00e9 Animale Animex Expertise et bienveillance\",\"isPartOf\":{\"@id\":\"https:\/\/animex.info\/#website\"},\"primaryImageOfPage\":{\"@id\":\"https:\/\/animex.info\/les-techniciennes-et-aides-techniciennes-en-sante\/#primaryimage\"},\"image\":{\"@id\":\"https:\/\/animex.info\/les-techniciennes-et-aides-techniciennes-en-sante\/#primaryimage\"},\"thumbnailUrl\":\"https:\/\/animex.info\/wp-content\/uploads\/2025\/01\/Tech2.jpg\",\"datePublished\":\"2025-01-16T20:56:51+00:00\",\"dateModified\":\"2025-01-31T16:00:28+00:00\",\"description\":\"Les techniciens et aides-techniciens d\u2019Animex offrent des soins professionnels et personnalis\u00e9s pour vos animaux.\",\"breadcrumb\":{\"@id\":\"https:\/\/animex.info\/les-techniciennes-et-aides-techniciennes-en-sante\/#breadcrumb\"},\"inLanguage\":\"en-CA\",\"potentialAction\":[{\"@type\":\"ReadAction\",\"target\":[\"https:\/\/animex.info\/les-techniciennes-et-aides-techniciennes-en-sante\/\"]}]},{\"@type\":\"ImageObject\",\"inLanguage\":\"en-CA\",\"@id\":\"https:\/\/animex.info\/les-techniciennes-et-aides-techniciennes-en-sante\/#primaryimage\",\"url\":\"https:\/\/animex.info\/wp-content\/uploads\/2025\/01\/Tech2.jpg\",\"contentUrl\":\"https:\/\/animex.info\/wp-content\/uploads\/2025\/01\/Tech2.jpg\"},{\"@type\":\"BreadcrumbList\",\"@id\":\"https:\/\/animex.info\/les-techniciennes-et-aides-techniciennes-en-sante\/#breadcrumb\",\"itemListElement\":[{\"@type\":\"ListItem\",\"position\":1,\"name\":\"Home\",\"item\":\"https:\/\/animex.info\/\"},{\"@type\":\"ListItem\",\"position\":2,\"name\":\"Les Techniciennes et Aides-Techniciennes en Sant\u00e9\"}]},{\"@type\":\"WebSite\",\"@id\":\"https:\/\/animex.info\/#website\",\"url\":\"https:\/\/animex.info\/\",\"name\":\"Animex\",\"description\":\"\",\"publisher\":{\"@id\":\"https:\/\/animex.info\/#organization\"},\"potentialAction\":[{\"@type\":\"SearchAction\",\"target\":{\"@type\":\"EntryPoint\",\"urlTemplate\":\"https:\/\/animex.info\/?s={search_term_string}\"},\"query-input\":{\"@type\":\"PropertyValueSpecification\",\"valueRequired\":true,\"valueName\":\"search_term_string\"}}],\"inLanguage\":\"en-CA\"},{\"@type\":\"Organization\",\"@id\":\"https:\/\/animex.info\/#organization\",\"name\":\"Animex\",\"url\":\"https:\/\/animex.info\/\",\"logo\":{\"@type\":\"ImageObject\",\"inLanguage\":\"en-CA\",\"@id\":\"https:\/\/animex.info\/#\/schema\/logo\/image\/\",\"url\":\"https:\/\/animex.info\/wp-content\/uploads\/2025\/01\/animex-logo-2025.png\",\"contentUrl\":\"https:\/\/animex.info\/wp-content\/uploads\/2025\/01\/animex-logo-2025.png\",\"width\":11607,\"height\":2512,\"caption\":\"Animex\"},\"image\":{\"@id\":\"https:\/\/animex.info\/#\/schema\/logo\/image\/\"}}]}<\/script>\n<!-- \/ Yoast SEO plugin. -->","yoast_head_json":{"title":"Techniciennes en Sant\u00e9 Animale Animex Expertise et bienveillance","description":"Les techniciens et aides-techniciens d\u2019Animex offrent des soins professionnels et personnalis\u00e9s pour vos animaux.","robots":{"index":"index","follow":"follow","max-snippet":"max-snippet:-1","max-image-preview":"max-image-preview:large","max-video-preview":"max-video-preview:-1"},"canonical":"https:\/\/animex.info\/en\/les-techniciennes-et-aides-techniciennes-en-sante\/","og_locale":"en_US","og_type":"article","og_title":"Techniciennes en Sant\u00e9 Animale Animex Expertise et bienveillance","og_description":"Les techniciens et aides-techniciens d\u2019Animex offrent des soins professionnels et personnalis\u00e9s pour vos animaux.","og_url":"https:\/\/animex.info\/en\/les-techniciennes-et-aides-techniciennes-en-sante\/","og_site_name":"Animex","article_modified_time":"2025-01-31T16:00:28+00:00","og_image":[{"width":1845,"height":1376,"url":"https:\/\/animex.info\/wp-content\/uploads\/2025\/01\/Tech2.jpg","type":"image\/jpeg"}],"twitter_card":"summary_large_image","twitter_misc":{"Est. reading time":"3 minutes"},"schema":{"@context":"https:\/\/schema.org","@graph":[{"@type":"WebPage","@id":"https:\/\/animex.info\/les-techniciennes-et-aides-techniciennes-en-sante\/","url":"https:\/\/animex.info\/les-techniciennes-et-aides-techniciennes-en-sante\/","name":"Techniciennes en Sant\u00e9 Animale Animex Expertise et bienveillance","isPartOf":{"@id":"https:\/\/animex.info\/#website"},"primaryImageOfPage":{"@id":"https:\/\/animex.info\/les-techniciennes-et-aides-techniciennes-en-sante\/#primaryimage"},"image":{"@id":"https:\/\/animex.info\/les-techniciennes-et-aides-techniciennes-en-sante\/#primaryimage"},"thumbnailUrl":"https:\/\/animex.info\/wp-content\/uploads\/2025\/01\/Tech2.jpg","datePublished":"2025-01-16T20:56:51+00:00","dateModified":"2025-01-31T16:00:28+00:00","description":"Les techniciens et aides-techniciens d\u2019Animex offrent des soins professionnels et personnalis\u00e9s pour vos animaux.","breadcrumb":{"@id":"https:\/\/animex.info\/les-techniciennes-et-aides-techniciennes-en-sante\/#breadcrumb"},"inLanguage":"en-CA","potentialAction":[{"@type":"ReadAction","target":["https:\/\/animex.info\/les-techniciennes-et-aides-techniciennes-en-sante\/"]}]},{"@type":"ImageObject","inLanguage":"en-CA","@id":"https:\/\/animex.info\/les-techniciennes-et-aides-techniciennes-en-sante\/#primaryimage","url":"https:\/\/animex.info\/wp-content\/uploads\/2025\/01\/Tech2.jpg","contentUrl":"https:\/\/animex.info\/wp-content\/uploads\/2025\/01\/Tech2.jpg"},{"@type":"BreadcrumbList","@id":"https:\/\/animex.info\/les-techniciennes-et-aides-techniciennes-en-sante\/#breadcrumb","itemListElement":[{"@type":"ListItem","position":1,"name":"Home","item":"https:\/\/animex.info\/"},{"@type":"ListItem","position":2,"name":"Les Techniciennes et Aides-Techniciennes en Sant\u00e9"}]},{"@type":"WebSite","@id":"https:\/\/animex.info\/#website","url":"https:\/\/animex.info\/","name":"Animex","description":"","publisher":{"@id":"https:\/\/animex.info\/#organization"},"potentialAction":[{"@type":"SearchAction","target":{"@type":"EntryPoint","urlTemplate":"https:\/\/animex.info\/?s={search_term_string}"},"query-input":{"@type":"PropertyValueSpecification","valueRequired":true,"valueName":"search_term_string"}}],"inLanguage":"en-CA"},{"@type":"Organization","@id":"https:\/\/animex.info\/#organization","name":"Animex","url":"https:\/\/animex.info\/","logo":{"@type":"ImageObject","inLanguage":"en-CA","@id":"https:\/\/animex.info\/#\/schema\/logo\/image\/","url":"https:\/\/animex.info\/wp-content\/uploads\/2025\/01\/animex-logo-2025.png","contentUrl":"https:\/\/animex.info\/wp-content\/uploads\/2025\/01\/animex-logo-2025.png","width":11607,"height":2512,"caption":"Animex"},"image":{"@id":"https:\/\/animex.info\/#\/schema\/logo\/image\/"}}]}},"_links":{"self":[{"href":"https:\/\/animex.info\/en\/wp-json\/wp\/v2\/pages\/30601","targetHints":{"allow":["GET"]}}],"collection":[{"href":"https:\/\/animex.info\/en\/wp-json\/wp\/v2\/pages"}],"about":[{"href":"https:\/\/animex.info\/en\/wp-json\/wp\/v2\/types\/page"}],"author":[{"embeddable":true,"href":"https:\/\/animex.info\/en\/wp-json\/wp\/v2\/users\/1"}],"replies":[{"embeddable":true,"href":"https:\/\/animex.info\/en\/wp-json\/wp\/v2\/comments?post=30601"}],"version-history":[{"count":13,"href":"https:\/\/animex.info\/en\/wp-json\/wp\/v2\/pages\/30601\/revisions"}],"predecessor-version":[{"id":30902,"href":"https:\/\/animex.info\/en\/wp-json\/wp\/v2\/pages\/30601\/revisions\/30902"}],"wp:attachment":[{"href":"https:\/\/animex.info\/en\/wp-json\/wp\/v2\/media?parent=30601"}],"curies":[{"name":"wp","href":"https:\/\/api.w.org\/{rel}","templated":true}]}}