{"id":30574,"date":"2025-01-16T04:40:47","date_gmt":"2025-01-16T04:40:47","guid":{"rendered":"https:\/\/animex.info\/?page_id=30574"},"modified":"2025-02-25T03:58:12","modified_gmt":"2025-02-25T03:58:12","slug":"nos-services-aux-cliniques","status":"publish","type":"page","link":"https:\/\/animex.info\/en\/nos-services-aux-cliniques\/","title":{"rendered":"Nos Services aux cliniques"},"content":{"rendered":"<div data-elementor-type=\"wp-page\" data-elementor-id=\"30574\" class=\"elementor elementor-30574\">\n\t\t\t\t\t\t<section class=\"elementor-section elementor-top-section elementor-element elementor-element-b52d1bc elementor-section-content-bottom elementor-section-boxed elementor-section-height-default elementor-section-height-default\" data-id=\"b52d1bc\" data-element_type=\"section\" data-settings=\"{&quot;background_background&quot;:&quot;classic&quot;}\">\n\t\t\t\t\t\t\t<div class=\"elementor-background-overlay\"><\/div>\n\t\t\t\t\t\t\t<div class=\"elementor-container elementor-column-gap-custom\">\n\t\t\t\t\t<div class=\"elementor-column elementor-col-100 elementor-top-column elementor-element elementor-element-415e6ef elementor-invisible\" data-id=\"415e6ef\" data-element_type=\"column\" data-settings=\"{&quot;animation&quot;:&quot;fadeIn&quot;}\">\n\t\t\t<div class=\"elementor-widget-wrap elementor-element-populated\">\n\t\t\t\t\t\t<section class=\"elementor-section elementor-inner-section elementor-element elementor-element-c2a9d6a elementor-section-boxed elementor-section-height-default elementor-section-height-default\" data-id=\"c2a9d6a\" data-element_type=\"section\">\n\t\t\t\t\t\t<div class=\"elementor-container elementor-column-gap-default\">\n\t\t\t\t\t<div class=\"elementor-column elementor-col-100 elementor-inner-column elementor-element elementor-element-7c3a2ee\" data-id=\"7c3a2ee\" data-element_type=\"column\">\n\t\t\t<div class=\"elementor-widget-wrap elementor-element-populated\">\n\t\t\t\t\t\t<div class=\"elementor-element elementor-element-370dce4 elementor-widget-mobile__width-inherit elementor-widget elementor-widget-text-editor\" data-id=\"370dce4\" data-element_type=\"widget\" data-widget_type=\"text-editor.default\">\n\t\t\t\t<div class=\"elementor-widget-container\">\n\t\t\t\t\t\t\t\t\t<h2 class=\"elementor-heading-title elementor-size-default\"><strong>Services for Clinics<\/strong><\/h2>\t\t\t\t\t\t\t\t<\/div>\n\t\t\t\t<\/div>\n\t\t\t\t<div class=\"elementor-element elementor-element-d1df3e1 elementor-widget elementor-widget-image\" data-id=\"d1df3e1\" data-element_type=\"widget\" data-widget_type=\"image.default\">\n\t\t\t\t<div class=\"elementor-widget-container\">\n\t\t\t\t\t\t\t\t\t\t\t\t\t\t\t<img fetchpriority=\"high\" decoding=\"async\" width=\"261\" height=\"300\" src=\"https:\/\/animex.info\/wp-content\/uploads\/2025\/02\/Clinique-haut-261x300.jpg\" class=\"attachment-medium size-medium wp-image-31196\" alt=\"\" srcset=\"https:\/\/animex.info\/wp-content\/uploads\/2025\/02\/Clinique-haut-261x300.jpg 261w, https:\/\/animex.info\/wp-content\/uploads\/2025\/02\/Clinique-haut-1737x2000.jpg 1737w, https:\/\/animex.info\/wp-content\/uploads\/2025\/02\/Clinique-haut-768x884.jpg 768w, https:\/\/animex.info\/wp-content\/uploads\/2025\/02\/Clinique-haut-1334x1536.jpg 1334w, https:\/\/animex.info\/wp-content\/uploads\/2025\/02\/Clinique-haut-1779x2048.jpg 1779w\" sizes=\"(max-width: 261px) 100vw, 261px\" \/>\t\t\t\t\t\t\t\t\t\t\t\t\t\t\t<\/div>\n\t\t\t\t<\/div>\n\t\t\t\t<div class=\"elementor-element elementor-element-fe618f4 elementor-widget elementor-widget-text-editor\" data-id=\"fe618f4\" data-element_type=\"widget\" data-widget_type=\"text-editor.default\">\n\t\t\t\t<div class=\"elementor-widget-container\">\n\t\t\t\t\t\t\t\t\t<h2><b>Professional Care Directly at Home\u00a0<\/b><\/h2><p><span style=\"font-weight: 400;\">Our animal health technicians provide specialized in-home services to perform delegated tasks, reducing the need for clinic visits for pet owners. This practical and efficient solution meets the needs of veterinary clinics while enhancing the experience for both animals and their owners.\u00a0<\/span><\/p><p><span style=\"font-weight: 400;\">This approach stands out for its many benefits, making it a particularly advantageous solution:\u00a0<\/span><\/p><ul><li class=\"translation-block\">Reduced Workload for clinic teams, allowing for better priorities and complex cases management.<\/li><li class=\"translation-block\">Reduced Stress for Animals, especially for cats and anxious pets, who are often sensitive to transportation and the clinical environment.<\/li><li class=\"translation-block\">Increased Owner Satisfaction, with a convenient and personalized service delivered directly at home.<\/li><li class=\"translation-block\">Optimization of Clinic Resources, freeing up veterinarians and technicians for procedures requiring their expertise.<\/li><li class=\"translation-block\">Improved Treatment Compliance, as owners find it easier to follow recommendations with in-home visits.<\/li><li class=\"translation-block\">An Approach Tailored for Senior or Palliative Care Animals, providing them with care in a calming environment.<\/li><\/ul><p class=\"translation-block\">-Increased Flexibility for Clinics, allowing them to rely on reliable external support to meet varying needs.<\/p>\t\t\t\t\t\t\t\t<\/div>\n\t\t\t\t<\/div>\n\t\t\t\t\t<\/div>\n\t\t<\/div>\n\t\t\t\t\t<\/div>\n\t\t<\/section>\n\t\t\t\t\t<\/div>\n\t\t<\/div>\n\t\t\t\t\t<\/div>\n\t\t<\/section>\n\t\t\t\t<section class=\"elementor-section elementor-top-section elementor-element elementor-element-09db2e7 elementor-section-boxed elementor-section-height-default elementor-section-height-default\" data-id=\"09db2e7\" data-element_type=\"section\" data-settings=\"{&quot;background_background&quot;:&quot;classic&quot;}\">\n\t\t\t\t\t\t<div class=\"elementor-container elementor-column-gap-default\">\n\t\t\t\t\t<div class=\"elementor-column elementor-col-100 elementor-top-column elementor-element elementor-element-a93dbc8\" data-id=\"a93dbc8\" data-element_type=\"column\">\n\t\t\t<div class=\"elementor-widget-wrap elementor-element-populated\">\n\t\t\t\t\t\t<div class=\"elementor-element elementor-element-57c37ce elementor-widget elementor-widget-image\" data-id=\"57c37ce\" data-element_type=\"widget\" data-widget_type=\"image.default\">\n\t\t\t\t<div class=\"elementor-widget-container\">\n\t\t\t\t\t\t\t\t\t\t\t\t\t\t\t<img decoding=\"async\" width=\"768\" height=\"944\" src=\"https:\/\/animex.info\/wp-content\/uploads\/2025\/02\/Clinique-bas-768x944.png\" class=\"attachment-medium_large size-medium_large wp-image-31198\" alt=\"\" srcset=\"https:\/\/animex.info\/wp-content\/uploads\/2025\/02\/Clinique-bas-768x944.png 768w, https:\/\/animex.info\/wp-content\/uploads\/2025\/02\/Clinique-bas-244x300.png 244w, https:\/\/animex.info\/wp-content\/uploads\/2025\/02\/Clinique-bas.png 828w\" sizes=\"(max-width: 768px) 100vw, 768px\" \/>\t\t\t\t\t\t\t\t\t\t\t\t\t\t\t<\/div>\n\t\t\t\t<\/div>\n\t\t\t\t<div class=\"elementor-element elementor-element-e6b1428 elementor-widget elementor-widget-text-editor\" data-id=\"e6b1428\" data-element_type=\"widget\" data-widget_type=\"text-editor.default\">\n\t\t\t\t<div class=\"elementor-widget-container\">\n\t\t\t\t\t\t\t\t\t<h3><b>Our delegated task services include:\u00a0<\/b><\/h3><ul><li class=\"translation-block\">Blood Pressure Monitoring for accurate follow-up<\/li><li class=\"translation-block\">Blood Sampling for analysis<\/li><li class=\"translation-block\">Various Injections (Solensia, Librela, Cerenia, etc.)<\/li><li class=\"translation-block\">Application and Removal of Bandages, with tailored care for each case<\/li><li class=\"translation-block\">Urine Culture by Compression, performed with expertise<\/li><li class=\"translation-block\">Removal of Sutures or Staples, ensuring optimal post-surgical follow-up<\/li><li class=\"translation-block\">Post-Operative Follow-Up, including health parameter assessment and care recommendations for ongoing treatment.<\/li><\/ul>\t\t\t\t\t\t\t\t<\/div>\n\t\t\t\t<\/div>\n\t\t\t\t\t<\/div>\n\t\t<\/div>\n\t\t\t\t\t<\/div>\n\t\t<\/section>\n\t\t\t\t<section class=\"elementor-section elementor-top-section elementor-element elementor-element-4a08321 elementor-section-boxed elementor-section-height-default elementor-section-height-default\" data-id=\"4a08321\" data-element_type=\"section\" data-settings=\"{&quot;background_background&quot;:&quot;classic&quot;}\">\n\t\t\t\t\t\t<div class=\"elementor-container elementor-column-gap-default\">\n\t\t\t\t\t<div class=\"elementor-column elementor-col-100 elementor-top-column elementor-element elementor-element-61e54a7\" data-id=\"61e54a7\" data-element_type=\"column\">\n\t\t\t<div class=\"elementor-widget-wrap elementor-element-populated\">\n\t\t\t\t\t\t<div class=\"elementor-element elementor-element-7684569 elementor-arrows-position-inside elementor-pagination-position-outside elementor-widget elementor-widget-image-carousel\" data-id=\"7684569\" data-element_type=\"widget\" data-settings=\"{&quot;navigation&quot;:&quot;both&quot;,&quot;autoplay&quot;:&quot;yes&quot;,&quot;pause_on_hover&quot;:&quot;yes&quot;,&quot;pause_on_interaction&quot;:&quot;yes&quot;,&quot;autoplay_speed&quot;:5000,&quot;infinite&quot;:&quot;yes&quot;,&quot;speed&quot;:500}\" data-widget_type=\"image-carousel.default\">\n\t\t\t\t<div class=\"elementor-widget-container\">\n\t\t\t\t\t\t\t<div class=\"elementor-image-carousel-wrapper swiper\" role=\"region\" aria-roledescription=\"carousel\" aria-label=\"Image Carousel\" dir=\"ltr\">\n\t\t\t<div class=\"elementor-image-carousel swiper-wrapper\" aria-live=\"off\">\n\t\t\t\t\t\t\t\t<div class=\"swiper-slide\" role=\"group\" aria-roledescription=\"slide\" aria-label=\"1 of 3\"><figure class=\"swiper-slide-inner\"><img decoding=\"async\" class=\"swiper-slide-image\" src=\"https:\/\/animex.info\/wp-content\/uploads\/2025\/02\/Clinique-taches3-266x300.jpg\" alt=\"Clinique (t\u00e2ches3)\" \/><\/figure><\/div><div class=\"swiper-slide\" role=\"group\" aria-roledescription=\"slide\" aria-label=\"2 of 3\"><figure class=\"swiper-slide-inner\"><img decoding=\"async\" class=\"swiper-slide-image\" src=\"https:\/\/animex.info\/wp-content\/uploads\/2025\/02\/Clinique-tache2-300x150.png\" alt=\"Clinique (t\u00e2che2)\" \/><\/figure><\/div><div class=\"swiper-slide\" role=\"group\" aria-roledescription=\"slide\" aria-label=\"3 of 3\"><figure class=\"swiper-slide-inner\"><img decoding=\"async\" class=\"swiper-slide-image\" src=\"https:\/\/animex.info\/wp-content\/uploads\/2025\/02\/Clinique-taches1-1-242x300.jpg\" alt=\"Clinique (t\u00e2ches1)\" \/><\/figure><\/div>\t\t\t<\/div>\n\t\t\t\t\t\t\t\t\t\t\t\t<div class=\"elementor-swiper-button elementor-swiper-button-prev\" role=\"button\" tabindex=\"0\">\n\t\t\t\t\t\t<i aria-hidden=\"true\" class=\"eicon-chevron-left\"><\/i>\t\t\t\t\t<\/div>\n\t\t\t\t\t<div class=\"elementor-swiper-button elementor-swiper-button-next\" role=\"button\" tabindex=\"0\">\n\t\t\t\t\t\t<i aria-hidden=\"true\" class=\"eicon-chevron-right\"><\/i>\t\t\t\t\t<\/div>\n\t\t\t\t\n\t\t\t\t\t\t\t\t\t<div class=\"swiper-pagination\"><\/div>\n\t\t\t\t\t\t\t\t\t<\/div>\n\t\t\t\t\t\t<\/div>\n\t\t\t\t<\/div>\n\t\t\t\t<div class=\"elementor-element elementor-element-66dbe4a elementor-align-center elementor-widget elementor-widget-button\" data-id=\"66dbe4a\" data-element_type=\"widget\" data-widget_type=\"button.default\">\n\t\t\t\t<div class=\"elementor-widget-container\">\n\t\t\t\t\t\t\t\t\t<div class=\"elementor-button-wrapper\">\n\t\t\t\t\t<a class=\"elementor-button elementor-button-link elementor-size-sm\" href=\"https:\/\/animex.info\/wp-content\/uploads\/2025\/01\/Requisition.pdf\">\n\t\t\t\t\t\t<span class=\"elementor-button-content-wrapper\">\n\t\t\t\t\t\t\t\t\t<span class=\"elementor-button-text\">Download the requisition here<\/span>\n\t\t\t\t\t<\/span>\n\t\t\t\t\t<\/a>\n\t\t\t\t<\/div>\n\t\t\t\t\t\t\t\t<\/div>\n\t\t\t\t<\/div>\n\t\t\t\t\t<\/div>\n\t\t<\/div>\n\t\t\t\t\t<\/div>\n\t\t<\/section>\n\t\t\t\t<section class=\"elementor-section elementor-top-section elementor-element elementor-element-a0c9c8f elementor-section-boxed elementor-section-height-default elementor-section-height-default\" data-id=\"a0c9c8f\" data-element_type=\"section\" data-settings=\"{&quot;background_background&quot;:&quot;classic&quot;}\">\n\t\t\t\t\t\t<div class=\"elementor-container elementor-column-gap-default\">\n\t\t\t\t\t<div class=\"elementor-column elementor-col-100 elementor-top-column elementor-element elementor-element-f58d21f\" data-id=\"f58d21f\" data-element_type=\"column\">\n\t\t\t<div class=\"elementor-widget-wrap elementor-element-populated\">\n\t\t\t\t\t\t<div class=\"elementor-element elementor-element-4eb0061 elementor-widget elementor-widget-image\" data-id=\"4eb0061\" data-element_type=\"widget\" data-widget_type=\"image.default\">\n\t\t\t\t<div class=\"elementor-widget-container\">\n\t\t\t\t\t\t\t\t\t\t\t\t\t\t\t<img decoding=\"async\" width=\"820\" height=\"971\" src=\"https:\/\/animex.info\/wp-content\/uploads\/2025\/02\/Clinique-transfert.jpg\" class=\"attachment-large size-large wp-image-31199\" alt=\"\" srcset=\"https:\/\/animex.info\/wp-content\/uploads\/2025\/02\/Clinique-transfert.jpg 820w, https:\/\/animex.info\/wp-content\/uploads\/2025\/02\/Clinique-transfert-253x300.jpg 253w, https:\/\/animex.info\/wp-content\/uploads\/2025\/02\/Clinique-transfert-768x909.jpg 768w\" sizes=\"(max-width: 820px) 100vw, 820px\" \/>\t\t\t\t\t\t\t\t\t\t\t\t\t\t\t<\/div>\n\t\t\t\t<\/div>\n\t\t\t\t<div class=\"elementor-element elementor-element-5688797 elementor-widget elementor-widget-text-editor\" data-id=\"5688797\" data-element_type=\"widget\" data-widget_type=\"text-editor.default\">\n\t\t\t\t<div class=\"elementor-widget-container\">\n\t\t\t\t\t\t\t\t\t<h2><b>Transfer\u00a0<\/b><\/h2><p><span style=\"font-weight: 400;\">We offer an animal transfer service between clinics and veterinary emergency centers, carried out by a certified animal health technician.\u00a0<\/span><\/p><p><span style=\"font-weight: 400;\">Our transfer options include:\u00a0<\/span><\/p><ul><li class=\"translation-block\">Basic Transfers: For stable animals requiring safe transportation.<\/li><li class=\"translation-block\">Transfers with Oxygen: For patients requiring continuous respiratory support.<\/li><li class=\"translation-block\">Transfers Under Anesthesia: For cases requiring sedation or controlled anesthesia.<\/li><\/ul><p><span style=\"font-weight: 400;\">Each transfer is supervised by a qualified professional, ensuring attentive and secure care throughout the journey.\u00a0<\/span><\/p><p><span style=\"font-weight: 400;\">Contact us to arrange a transfer or for more information. <\/span><\/p>\t\t\t\t\t\t\t\t<\/div>\n\t\t\t\t<\/div>\n\t\t\t\t\t<\/div>\n\t\t<\/div>\n\t\t\t\t\t<\/div>\n\t\t<\/section>\n\t\t\t\t<section class=\"elementor-section elementor-top-section elementor-element elementor-element-f9a856c elementor-section-boxed elementor-section-height-default elementor-section-height-default\" data-id=\"f9a856c\" data-element_type=\"section\" data-settings=\"{&quot;background_background&quot;:&quot;classic&quot;}\">\n\t\t\t\t\t\t<div class=\"elementor-container elementor-column-gap-default\">\n\t\t\t\t\t<div class=\"elementor-column elementor-col-100 elementor-top-column elementor-element elementor-element-79f19a9\" data-id=\"79f19a9\" data-element_type=\"column\">\n\t\t\t<div class=\"elementor-widget-wrap elementor-element-populated\">\n\t\t\t\t\t\t<div class=\"elementor-element elementor-element-abe6905 elementor-widget elementor-widget-text-editor\" data-id=\"abe6905\" data-element_type=\"widget\" data-widget_type=\"text-editor.default\">\n\t\t\t\t<div class=\"elementor-widget-container\">\n\t\t\t\t\t\t\t\t\t<h2><b>Why Choose Our Professional In-Home Services?\u00a0<\/b><\/h2><p><span style=\"font-weight: 400;\">Thanks to our expertise and attentive care, we ensure high-quality interventions carried out in a reassuring and familiar environment for your patients. This approach:\u00a0<\/span><\/p><ul><li class=\"translation-block\">Strengthens the Trust Between Your Clinic and Clients, by providing them with a convenient and compassionate solution.<\/li><li class=\"translation-block\">Helps Build Client Loyalty, as pet owners appreciate the convenience and comfort of this service.<\/li><li class=\"translation-block\">Meets the Growing Demand for Personalized Care, in a sector increasingly focused on the overall well-being of animals.<\/li><\/ul><p><span style=\"font-weight: 400;\">To lighten your workload while providing a more pleasant experience for animals and their families, trust our animal health technicians for professional in-home services.<\/span><\/p>\t\t\t\t\t\t\t\t<\/div>\n\t\t\t\t<\/div>\n\t\t\t\t\t<\/div>\n\t\t<\/div>\n\t\t\t\t\t<\/div>\n\t\t<\/section>\n\t\t\t\t<\/div>","protected":false},"excerpt":{"rendered":"<p>Services aux cliniques Des soins professionnels directement \u00e0 domicile\u00a0 Nos techniciennes en sant\u00e9 animale offrent des services sp\u00e9cialis\u00e9s \u00e0 domicile pour\u00a0 accomplir des t\u00e2ches d\u00e9l\u00e9gu\u00e9es, r\u00e9duisant ainsi la n\u00e9cessit\u00e9 de d\u00e9placements en\u00a0 clinique pour les propri\u00e9taires d\u2019animaux. Cette solution pratique et efficace r\u00e9pond aux\u00a0 besoins des cliniques v\u00e9t\u00e9rinaires tout en am\u00e9liorant l\u2019exp\u00e9rience des animaux et [&hellip;]<\/p>","protected":false},"author":1,"featured_media":0,"parent":0,"menu_order":0,"comment_status":"closed","ping_status":"closed","template":"page-templates\/template-full-width-page-without-header-title-second.php","meta":{"footnotes":""},"class_list":["post-30574","page","type-page","status-publish","hentry"],"yoast_head":"<!-- This site is optimized with the Yoast SEO plugin v24.3 - https:\/\/yoast.com\/wordpress\/plugins\/seo\/ -->\n<title>Nos Services - Soins \u00e0 domicile pour animaux par Animex<\/title>\n<meta name=\"description\" content=\"Des services pour vos animaux dans le confort de votre foyer : coupe de griffes, administration de m\u00e9dicaments, injections et plus.\" \/>\n<meta name=\"robots\" content=\"index, follow, max-snippet:-1, max-image-preview:large, max-video-preview:-1\" \/>\n<link rel=\"canonical\" href=\"https:\/\/animex.info\/en\/nos-services-aux-cliniques\/\" \/>\n<meta property=\"og:locale\" content=\"en_US\" \/>\n<meta property=\"og:type\" content=\"article\" \/>\n<meta property=\"og:title\" content=\"Nos Services - Soins \u00e0 domicile pour animaux par Animex\" \/>\n<meta property=\"og:description\" content=\"Des services pour vos animaux dans le confort de votre foyer : coupe de griffes, administration de m\u00e9dicaments, injections et plus.\" \/>\n<meta property=\"og:url\" content=\"https:\/\/animex.info\/en\/nos-services-aux-cliniques\/\" \/>\n<meta property=\"og:site_name\" content=\"Animex\" \/>\n<meta property=\"article:modified_time\" content=\"2025-02-25T03:58:12+00:00\" \/>\n<meta name=\"twitter:card\" content=\"summary_large_image\" \/>\n<meta name=\"twitter:label1\" content=\"Est. reading time\" \/>\n\t<meta name=\"twitter:data1\" content=\"5 minutes\" \/>\n<script type=\"application\/ld+json\" class=\"yoast-schema-graph\">{\"@context\":\"https:\/\/schema.org\",\"@graph\":[{\"@type\":\"WebPage\",\"@id\":\"https:\/\/animex.info\/nos-services-aux-cliniques\/\",\"url\":\"https:\/\/animex.info\/nos-services-aux-cliniques\/\",\"name\":\"Nos Services - Soins \u00e0 domicile pour animaux par Animex\",\"isPartOf\":{\"@id\":\"https:\/\/animex.info\/#website\"},\"primaryImageOfPage\":{\"@id\":\"https:\/\/animex.info\/nos-services-aux-cliniques\/#primaryimage\"},\"image\":{\"@id\":\"https:\/\/animex.info\/nos-services-aux-cliniques\/#primaryimage\"},\"thumbnailUrl\":\"https:\/\/animex.info\/wp-content\/uploads\/2025\/02\/Clinique-haut-261x300.jpg\",\"datePublished\":\"2025-01-16T04:40:47+00:00\",\"dateModified\":\"2025-02-25T03:58:12+00:00\",\"description\":\"Des services pour vos animaux dans le confort de votre foyer : coupe de griffes, administration de m\u00e9dicaments, injections et plus.\",\"breadcrumb\":{\"@id\":\"https:\/\/animex.info\/nos-services-aux-cliniques\/#breadcrumb\"},\"inLanguage\":\"en-CA\",\"potentialAction\":[{\"@type\":\"ReadAction\",\"target\":[\"https:\/\/animex.info\/nos-services-aux-cliniques\/\"]}]},{\"@type\":\"ImageObject\",\"inLanguage\":\"en-CA\",\"@id\":\"https:\/\/animex.info\/nos-services-aux-cliniques\/#primaryimage\",\"url\":\"https:\/\/animex.info\/wp-content\/uploads\/2025\/02\/Clinique-haut-261x300.jpg\",\"contentUrl\":\"https:\/\/animex.info\/wp-content\/uploads\/2025\/02\/Clinique-haut-261x300.jpg\"},{\"@type\":\"BreadcrumbList\",\"@id\":\"https:\/\/animex.info\/nos-services-aux-cliniques\/#breadcrumb\",\"itemListElement\":[{\"@type\":\"ListItem\",\"position\":1,\"name\":\"Home\",\"item\":\"https:\/\/animex.info\/\"},{\"@type\":\"ListItem\",\"position\":2,\"name\":\"Nos Services aux cliniques\"}]},{\"@type\":\"WebSite\",\"@id\":\"https:\/\/animex.info\/#website\",\"url\":\"https:\/\/animex.info\/\",\"name\":\"Animex\",\"description\":\"\",\"publisher\":{\"@id\":\"https:\/\/animex.info\/#organization\"},\"potentialAction\":[{\"@type\":\"SearchAction\",\"target\":{\"@type\":\"EntryPoint\",\"urlTemplate\":\"https:\/\/animex.info\/?s={search_term_string}\"},\"query-input\":{\"@type\":\"PropertyValueSpecification\",\"valueRequired\":true,\"valueName\":\"search_term_string\"}}],\"inLanguage\":\"en-CA\"},{\"@type\":\"Organization\",\"@id\":\"https:\/\/animex.info\/#organization\",\"name\":\"Animex\",\"url\":\"https:\/\/animex.info\/\",\"logo\":{\"@type\":\"ImageObject\",\"inLanguage\":\"en-CA\",\"@id\":\"https:\/\/animex.info\/#\/schema\/logo\/image\/\",\"url\":\"https:\/\/animex.info\/wp-content\/uploads\/2025\/01\/animex-logo-2025.png\",\"contentUrl\":\"https:\/\/animex.info\/wp-content\/uploads\/2025\/01\/animex-logo-2025.png\",\"width\":11607,\"height\":2512,\"caption\":\"Animex\"},\"image\":{\"@id\":\"https:\/\/animex.info\/#\/schema\/logo\/image\/\"}}]}<\/script>\n<!-- \/ Yoast SEO plugin. -->","yoast_head_json":{"title":"Nos Services - Soins \u00e0 domicile pour animaux par Animex","description":"Des services pour vos animaux dans le confort de votre foyer : coupe de griffes, administration de m\u00e9dicaments, injections et plus.","robots":{"index":"index","follow":"follow","max-snippet":"max-snippet:-1","max-image-preview":"max-image-preview:large","max-video-preview":"max-video-preview:-1"},"canonical":"https:\/\/animex.info\/en\/nos-services-aux-cliniques\/","og_locale":"en_US","og_type":"article","og_title":"Nos Services - Soins \u00e0 domicile pour animaux par Animex","og_description":"Des services pour vos animaux dans le confort de votre foyer : coupe de griffes, administration de m\u00e9dicaments, injections et plus.","og_url":"https:\/\/animex.info\/en\/nos-services-aux-cliniques\/","og_site_name":"Animex","article_modified_time":"2025-02-25T03:58:12+00:00","twitter_card":"summary_large_image","twitter_misc":{"Est. reading time":"5 minutes"},"schema":{"@context":"https:\/\/schema.org","@graph":[{"@type":"WebPage","@id":"https:\/\/animex.info\/nos-services-aux-cliniques\/","url":"https:\/\/animex.info\/nos-services-aux-cliniques\/","name":"Nos Services - Soins \u00e0 domicile pour animaux par Animex","isPartOf":{"@id":"https:\/\/animex.info\/#website"},"primaryImageOfPage":{"@id":"https:\/\/animex.info\/nos-services-aux-cliniques\/#primaryimage"},"image":{"@id":"https:\/\/animex.info\/nos-services-aux-cliniques\/#primaryimage"},"thumbnailUrl":"https:\/\/animex.info\/wp-content\/uploads\/2025\/02\/Clinique-haut-261x300.jpg","datePublished":"2025-01-16T04:40:47+00:00","dateModified":"2025-02-25T03:58:12+00:00","description":"Des services pour vos animaux dans le confort de votre foyer : coupe de griffes, administration de m\u00e9dicaments, injections et plus.","breadcrumb":{"@id":"https:\/\/animex.info\/nos-services-aux-cliniques\/#breadcrumb"},"inLanguage":"en-CA","potentialAction":[{"@type":"ReadAction","target":["https:\/\/animex.info\/nos-services-aux-cliniques\/"]}]},{"@type":"ImageObject","inLanguage":"en-CA","@id":"https:\/\/animex.info\/nos-services-aux-cliniques\/#primaryimage","url":"https:\/\/animex.info\/wp-content\/uploads\/2025\/02\/Clinique-haut-261x300.jpg","contentUrl":"https:\/\/animex.info\/wp-content\/uploads\/2025\/02\/Clinique-haut-261x300.jpg"},{"@type":"BreadcrumbList","@id":"https:\/\/animex.info\/nos-services-aux-cliniques\/#breadcrumb","itemListElement":[{"@type":"ListItem","position":1,"name":"Home","item":"https:\/\/animex.info\/"},{"@type":"ListItem","position":2,"name":"Nos Services aux cliniques"}]},{"@type":"WebSite","@id":"https:\/\/animex.info\/#website","url":"https:\/\/animex.info\/","name":"Animex","description":"","publisher":{"@id":"https:\/\/animex.info\/#organization"},"potentialAction":[{"@type":"SearchAction","target":{"@type":"EntryPoint","urlTemplate":"https:\/\/animex.info\/?s={search_term_string}"},"query-input":{"@type":"PropertyValueSpecification","valueRequired":true,"valueName":"search_term_string"}}],"inLanguage":"en-CA"},{"@type":"Organization","@id":"https:\/\/animex.info\/#organization","name":"Animex","url":"https:\/\/animex.info\/","logo":{"@type":"ImageObject","inLanguage":"en-CA","@id":"https:\/\/animex.info\/#\/schema\/logo\/image\/","url":"https:\/\/animex.info\/wp-content\/uploads\/2025\/01\/animex-logo-2025.png","contentUrl":"https:\/\/animex.info\/wp-content\/uploads\/2025\/01\/animex-logo-2025.png","width":11607,"height":2512,"caption":"Animex"},"image":{"@id":"https:\/\/animex.info\/#\/schema\/logo\/image\/"}}]}},"_links":{"self":[{"href":"https:\/\/animex.info\/en\/wp-json\/wp\/v2\/pages\/30574","targetHints":{"allow":["GET"]}}],"collection":[{"href":"https:\/\/animex.info\/en\/wp-json\/wp\/v2\/pages"}],"about":[{"href":"https:\/\/animex.info\/en\/wp-json\/wp\/v2\/types\/page"}],"author":[{"embeddable":true,"href":"https:\/\/animex.info\/en\/wp-json\/wp\/v2\/users\/1"}],"replies":[{"embeddable":true,"href":"https:\/\/animex.info\/en\/wp-json\/wp\/v2\/comments?post=30574"}],"version-history":[{"count":40,"href":"https:\/\/animex.info\/en\/wp-json\/wp\/v2\/pages\/30574\/revisions"}],"predecessor-version":[{"id":31209,"href":"https:\/\/animex.info\/en\/wp-json\/wp\/v2\/pages\/30574\/revisions\/31209"}],"wp:attachment":[{"href":"https:\/\/animex.info\/en\/wp-json\/wp\/v2\/media?parent=30574"}],"curies":[{"name":"wp","href":"https:\/\/api.w.org\/{rel}","templated":true}]}}