{"id":30079,"date":"2024-03-15T20:26:58","date_gmt":"2024-03-15T20:26:58","guid":{"rendered":"http:\/\/animex.info\/?page_id=30079"},"modified":"2025-01-19T03:07:42","modified_gmt":"2025-01-19T03:07:42","slug":"nos-partenaires","status":"publish","type":"page","link":"https:\/\/animex.info\/en\/nos-partenaires\/","title":{"rendered":"Nos Partenaires"},"content":{"rendered":"<div data-elementor-type=\"wp-page\" data-elementor-id=\"30079\" class=\"elementor elementor-30079\">\n\t\t\t\t\t\t<section class=\"elementor-section elementor-top-section elementor-element elementor-element-b52d1bc elementor-section-content-bottom elementor-section-boxed elementor-section-height-default elementor-section-height-default\" data-id=\"b52d1bc\" data-element_type=\"section\" data-settings=\"{&quot;background_background&quot;:&quot;classic&quot;}\">\n\t\t\t\t\t\t\t<div class=\"elementor-background-overlay\"><\/div>\n\t\t\t\t\t\t\t<div class=\"elementor-container elementor-column-gap-custom\">\n\t\t\t\t\t<div class=\"elementor-column elementor-col-100 elementor-top-column elementor-element elementor-element-415e6ef elementor-invisible\" data-id=\"415e6ef\" data-element_type=\"column\" data-settings=\"{&quot;animation&quot;:&quot;fadeIn&quot;}\">\n\t\t\t<div class=\"elementor-widget-wrap elementor-element-populated\">\n\t\t\t\t\t\t<section class=\"elementor-section elementor-inner-section elementor-element elementor-element-d9c4fe5 elementor-section-boxed elementor-section-height-default elementor-section-height-default\" data-id=\"d9c4fe5\" data-element_type=\"section\">\n\t\t\t\t\t\t<div class=\"elementor-container elementor-column-gap-default\">\n\t\t\t\t\t<div class=\"elementor-column elementor-col-100 elementor-inner-column elementor-element elementor-element-244cf97\" data-id=\"244cf97\" data-element_type=\"column\">\n\t\t\t<div class=\"elementor-widget-wrap elementor-element-populated\">\n\t\t\t\t\t\t<div class=\"elementor-element elementor-element-11a749d elementor-widget elementor-widget-text-editor\" data-id=\"11a749d\" data-element_type=\"widget\" data-widget_type=\"text-editor.default\">\n\t\t\t\t<div class=\"elementor-widget-container\">\n\t\t\t\t\t\t\t\t\t<p>Nos partenaires<\/p>\t\t\t\t\t\t\t\t<\/div>\n\t\t\t\t<\/div>\n\t\t\t\t<div class=\"elementor-element elementor-element-67cffe9 elementor-widget elementor-widget-text-editor\" data-id=\"67cffe9\" data-element_type=\"widget\" data-widget_type=\"text-editor.default\">\n\t\t\t\t<div class=\"elementor-widget-container\">\n\t\t\t\t\t\t\t\t\t<p>Chez Animex, nous croyons en la force de la collaboration pour offrir des services exceptionnels \u00e0 vos animaux. Gr\u00e2ce \u00e0 nos pr\u00e9cieux partenaires locaux, situ\u00e9s sur l&rsquo;\u00cele des S\u0153urs et \u00e0 Verdun, nous pouvons r\u00e9pondre aux besoins vari\u00e9s de votre compagnon avec expertise et d\u00e9vouement. Cliniques v\u00e9t\u00e9rinaires, boutiques sp\u00e9cialis\u00e9es, et professionnels du bien-\u00eatre animal s\u2019unissent \u00e0 nous pour garantir des soins complets et de qualit\u00e9. Ensemble, nous prenons soin de vos animaux, tout pr\u00e8s de chez vous.<\/p>\t\t\t\t\t\t\t\t<\/div>\n\t\t\t\t<\/div>\n\t\t\t\t\t<\/div>\n\t\t<\/div>\n\t\t\t\t\t<\/div>\n\t\t<\/section>\n\t\t\t\t<section class=\"elementor-section elementor-inner-section elementor-element elementor-element-fd5ebef elementor-section-full_width elementor-section-height-default elementor-section-height-default elementor-invisible\" data-id=\"fd5ebef\" data-element_type=\"section\" data-settings=\"{&quot;animation&quot;:&quot;fadeIn&quot;}\">\n\t\t\t\t\t\t<div class=\"elementor-container elementor-column-gap-default\">\n\t\t\t\t\t<div class=\"elementor-column elementor-col-100 elementor-inner-column elementor-element elementor-element-ef4cba1\" data-id=\"ef4cba1\" data-element_type=\"column\">\n\t\t\t<div class=\"elementor-widget-wrap elementor-element-populated\">\n\t\t\t\t\t\t<div class=\"elementor-element elementor-element-0595504 elementor-widget elementor-widget-image\" data-id=\"0595504\" data-element_type=\"widget\" data-widget_type=\"image.default\">\n\t\t\t\t<div class=\"elementor-widget-container\">\n\t\t\t\t\t\t\t\t\t\t\t\t\t\t\t<img fetchpriority=\"high\" decoding=\"async\" width=\"1024\" height=\"334\" src=\"https:\/\/animex.info\/wp-content\/uploads\/2024\/03\/53jy5-1024x334.png\" class=\"attachment-large size-large wp-image-30058\" alt=\"\" srcset=\"https:\/\/animex.info\/wp-content\/uploads\/2024\/03\/53jy5-1024x334.png 1024w, https:\/\/animex.info\/wp-content\/uploads\/2024\/03\/53jy5-300x98.png 300w, https:\/\/animex.info\/wp-content\/uploads\/2024\/03\/53jy5-768x251.png 768w, https:\/\/animex.info\/wp-content\/uploads\/2024\/03\/53jy5-1536x502.png 1536w, https:\/\/animex.info\/wp-content\/uploads\/2024\/03\/53jy5.png 1920w\" sizes=\"(max-width: 1024px) 100vw, 1024px\" \/>\t\t\t\t\t\t\t\t\t\t\t\t\t\t\t<\/div>\n\t\t\t\t<\/div>\n\t\t\t\t\t<\/div>\n\t\t<\/div>\n\t\t\t\t\t<\/div>\n\t\t<\/section>\n\t\t\t\t\t<\/div>\n\t\t<\/div>\n\t\t\t\t\t<\/div>\n\t\t<\/section>\n\t\t\t\t<section class=\"elementor-section elementor-top-section elementor-element elementor-element-a495dfc elementor-section-boxed elementor-section-height-default elementor-section-height-default\" data-id=\"a495dfc\" data-element_type=\"section\" data-settings=\"{&quot;background_background&quot;:&quot;classic&quot;}\">\n\t\t\t\t\t\t\t<div class=\"elementor-background-overlay\"><\/div>\n\t\t\t\t\t\t\t<div class=\"elementor-container elementor-column-gap-default\">\n\t\t\t\t\t<div class=\"elementor-column elementor-col-100 elementor-top-column elementor-element elementor-element-d867232\" data-id=\"d867232\" data-element_type=\"column\" data-settings=\"{&quot;background_background&quot;:&quot;classic&quot;}\">\n\t\t\t<div class=\"elementor-widget-wrap elementor-element-populated\">\n\t\t\t\t\t<div class=\"elementor-background-overlay\"><\/div>\n\t\t\t\t\t\t<section class=\"elementor-section elementor-inner-section elementor-element elementor-element-72b0d63 elementor-section-boxed elementor-section-height-default elementor-section-height-default\" data-id=\"72b0d63\" data-element_type=\"section\">\n\t\t\t\t\t\t<div class=\"elementor-container elementor-column-gap-default\">\n\t\t\t\t\t<div class=\"elementor-column elementor-col-100 elementor-inner-column elementor-element elementor-element-a308282\" data-id=\"a308282\" data-element_type=\"column\">\n\t\t\t<div class=\"elementor-widget-wrap\">\n\t\t\t\t\t\t\t<\/div>\n\t\t<\/div>\n\t\t\t\t\t<\/div>\n\t\t<\/section>\n\t\t\t\t\t<\/div>\n\t\t<\/div>\n\t\t\t\t\t<\/div>\n\t\t<\/section>\n\t\t\t\t<\/div>","protected":false},"excerpt":{"rendered":"<p>Nos partenaires Chez Animex, nous croyons en la force de la collaboration pour offrir des services exceptionnels \u00e0 vos animaux. Gr\u00e2ce \u00e0 nos pr\u00e9cieux partenaires locaux, situ\u00e9s sur l&rsquo;\u00cele des S\u0153urs et \u00e0 Verdun, nous pouvons r\u00e9pondre aux besoins vari\u00e9s de votre compagnon avec expertise et d\u00e9vouement. Cliniques v\u00e9t\u00e9rinaires, boutiques sp\u00e9cialis\u00e9es, et professionnels du bien-\u00eatre [&hellip;]<\/p>","protected":false},"author":1,"featured_media":0,"parent":0,"menu_order":0,"comment_status":"closed","ping_status":"closed","template":"page-templates\/template-full-width-page-without-header-title.php","meta":{"footnotes":""},"class_list":["post-30079","page","type-page","status-publish","hentry"],"yoast_head":"<!-- This site is optimized with the Yoast SEO plugin v24.3 - https:\/\/yoast.com\/wordpress\/plugins\/seo\/ -->\n<title>Nos Partenaires - Animex<\/title>\n<meta name=\"robots\" content=\"index, follow, max-snippet:-1, max-image-preview:large, max-video-preview:-1\" \/>\n<link rel=\"canonical\" href=\"https:\/\/animex.info\/en\/nos-partenaires\/\" \/>\n<meta property=\"og:locale\" content=\"en_US\" \/>\n<meta property=\"og:type\" content=\"article\" \/>\n<meta property=\"og:title\" content=\"Nos Partenaires - Animex\" \/>\n<meta property=\"og:description\" content=\"Nos partenaires Chez Animex, nous croyons en la force de la collaboration pour offrir des services exceptionnels \u00e0 vos animaux. Gr\u00e2ce \u00e0 nos pr\u00e9cieux partenaires locaux, situ\u00e9s sur l&rsquo;\u00cele des S\u0153urs et \u00e0 Verdun, nous pouvons r\u00e9pondre aux besoins vari\u00e9s de votre compagnon avec expertise et d\u00e9vouement. Cliniques v\u00e9t\u00e9rinaires, boutiques sp\u00e9cialis\u00e9es, et professionnels du bien-\u00eatre [&hellip;]\" \/>\n<meta property=\"og:url\" content=\"https:\/\/animex.info\/en\/nos-partenaires\/\" \/>\n<meta property=\"og:site_name\" content=\"Animex\" \/>\n<meta property=\"article:modified_time\" content=\"2025-01-19T03:07:42+00:00\" \/>\n<meta property=\"og:image\" content=\"https:\/\/animex.info\/wp-content\/uploads\/2024\/03\/53jy5-1024x334.png\" \/>\n<meta name=\"twitter:card\" content=\"summary_large_image\" \/>\n<script type=\"application\/ld+json\" class=\"yoast-schema-graph\">{\"@context\":\"https:\/\/schema.org\",\"@graph\":[{\"@type\":\"WebPage\",\"@id\":\"https:\/\/animex.info\/nos-partenaires\/\",\"url\":\"https:\/\/animex.info\/nos-partenaires\/\",\"name\":\"Nos Partenaires - Animex\",\"isPartOf\":{\"@id\":\"https:\/\/animex.info\/#website\"},\"primaryImageOfPage\":{\"@id\":\"https:\/\/animex.info\/nos-partenaires\/#primaryimage\"},\"image\":{\"@id\":\"https:\/\/animex.info\/nos-partenaires\/#primaryimage\"},\"thumbnailUrl\":\"https:\/\/animex.info\/wp-content\/uploads\/2024\/03\/53jy5-1024x334.png\",\"datePublished\":\"2024-03-15T20:26:58+00:00\",\"dateModified\":\"2025-01-19T03:07:42+00:00\",\"breadcrumb\":{\"@id\":\"https:\/\/animex.info\/nos-partenaires\/#breadcrumb\"},\"inLanguage\":\"en-CA\",\"potentialAction\":[{\"@type\":\"ReadAction\",\"target\":[\"https:\/\/animex.info\/nos-partenaires\/\"]}]},{\"@type\":\"ImageObject\",\"inLanguage\":\"en-CA\",\"@id\":\"https:\/\/animex.info\/nos-partenaires\/#primaryimage\",\"url\":\"https:\/\/animex.info\/wp-content\/uploads\/2024\/03\/53jy5-1024x334.png\",\"contentUrl\":\"https:\/\/animex.info\/wp-content\/uploads\/2024\/03\/53jy5-1024x334.png\"},{\"@type\":\"BreadcrumbList\",\"@id\":\"https:\/\/animex.info\/nos-partenaires\/#breadcrumb\",\"itemListElement\":[{\"@type\":\"ListItem\",\"position\":1,\"name\":\"Home\",\"item\":\"https:\/\/animex.info\/\"},{\"@type\":\"ListItem\",\"position\":2,\"name\":\"Nos Partenaires\"}]},{\"@type\":\"WebSite\",\"@id\":\"https:\/\/animex.info\/#website\",\"url\":\"https:\/\/animex.info\/\",\"name\":\"Animex\",\"description\":\"\",\"publisher\":{\"@id\":\"https:\/\/animex.info\/#organization\"},\"potentialAction\":[{\"@type\":\"SearchAction\",\"target\":{\"@type\":\"EntryPoint\",\"urlTemplate\":\"https:\/\/animex.info\/?s={search_term_string}\"},\"query-input\":{\"@type\":\"PropertyValueSpecification\",\"valueRequired\":true,\"valueName\":\"search_term_string\"}}],\"inLanguage\":\"en-CA\"},{\"@type\":\"Organization\",\"@id\":\"https:\/\/animex.info\/#organization\",\"name\":\"Animex\",\"url\":\"https:\/\/animex.info\/\",\"logo\":{\"@type\":\"ImageObject\",\"inLanguage\":\"en-CA\",\"@id\":\"https:\/\/animex.info\/#\/schema\/logo\/image\/\",\"url\":\"https:\/\/animex.info\/wp-content\/uploads\/2025\/01\/animex-logo-2025.png\",\"contentUrl\":\"https:\/\/animex.info\/wp-content\/uploads\/2025\/01\/animex-logo-2025.png\",\"width\":11607,\"height\":2512,\"caption\":\"Animex\"},\"image\":{\"@id\":\"https:\/\/animex.info\/#\/schema\/logo\/image\/\"}}]}<\/script>\n<!-- \/ Yoast SEO plugin. -->","yoast_head_json":{"title":"Nos Partenaires - Animex","robots":{"index":"index","follow":"follow","max-snippet":"max-snippet:-1","max-image-preview":"max-image-preview:large","max-video-preview":"max-video-preview:-1"},"canonical":"https:\/\/animex.info\/en\/nos-partenaires\/","og_locale":"en_US","og_type":"article","og_title":"Nos Partenaires - Animex","og_description":"Nos partenaires Chez Animex, nous croyons en la force de la collaboration pour offrir des services exceptionnels \u00e0 vos animaux. Gr\u00e2ce \u00e0 nos pr\u00e9cieux partenaires locaux, situ\u00e9s sur l&rsquo;\u00cele des S\u0153urs et \u00e0 Verdun, nous pouvons r\u00e9pondre aux besoins vari\u00e9s de votre compagnon avec expertise et d\u00e9vouement. Cliniques v\u00e9t\u00e9rinaires, boutiques sp\u00e9cialis\u00e9es, et professionnels du bien-\u00eatre [&hellip;]","og_url":"https:\/\/animex.info\/en\/nos-partenaires\/","og_site_name":"Animex","article_modified_time":"2025-01-19T03:07:42+00:00","og_image":[{"url":"https:\/\/animex.info\/wp-content\/uploads\/2024\/03\/53jy5-1024x334.png","type":"","width":"","height":""}],"twitter_card":"summary_large_image","schema":{"@context":"https:\/\/schema.org","@graph":[{"@type":"WebPage","@id":"https:\/\/animex.info\/nos-partenaires\/","url":"https:\/\/animex.info\/nos-partenaires\/","name":"Nos Partenaires - Animex","isPartOf":{"@id":"https:\/\/animex.info\/#website"},"primaryImageOfPage":{"@id":"https:\/\/animex.info\/nos-partenaires\/#primaryimage"},"image":{"@id":"https:\/\/animex.info\/nos-partenaires\/#primaryimage"},"thumbnailUrl":"https:\/\/animex.info\/wp-content\/uploads\/2024\/03\/53jy5-1024x334.png","datePublished":"2024-03-15T20:26:58+00:00","dateModified":"2025-01-19T03:07:42+00:00","breadcrumb":{"@id":"https:\/\/animex.info\/nos-partenaires\/#breadcrumb"},"inLanguage":"en-CA","potentialAction":[{"@type":"ReadAction","target":["https:\/\/animex.info\/nos-partenaires\/"]}]},{"@type":"ImageObject","inLanguage":"en-CA","@id":"https:\/\/animex.info\/nos-partenaires\/#primaryimage","url":"https:\/\/animex.info\/wp-content\/uploads\/2024\/03\/53jy5-1024x334.png","contentUrl":"https:\/\/animex.info\/wp-content\/uploads\/2024\/03\/53jy5-1024x334.png"},{"@type":"BreadcrumbList","@id":"https:\/\/animex.info\/nos-partenaires\/#breadcrumb","itemListElement":[{"@type":"ListItem","position":1,"name":"Home","item":"https:\/\/animex.info\/"},{"@type":"ListItem","position":2,"name":"Nos Partenaires"}]},{"@type":"WebSite","@id":"https:\/\/animex.info\/#website","url":"https:\/\/animex.info\/","name":"Animex","description":"","publisher":{"@id":"https:\/\/animex.info\/#organization"},"potentialAction":[{"@type":"SearchAction","target":{"@type":"EntryPoint","urlTemplate":"https:\/\/animex.info\/?s={search_term_string}"},"query-input":{"@type":"PropertyValueSpecification","valueRequired":true,"valueName":"search_term_string"}}],"inLanguage":"en-CA"},{"@type":"Organization","@id":"https:\/\/animex.info\/#organization","name":"Animex","url":"https:\/\/animex.info\/","logo":{"@type":"ImageObject","inLanguage":"en-CA","@id":"https:\/\/animex.info\/#\/schema\/logo\/image\/","url":"https:\/\/animex.info\/wp-content\/uploads\/2025\/01\/animex-logo-2025.png","contentUrl":"https:\/\/animex.info\/wp-content\/uploads\/2025\/01\/animex-logo-2025.png","width":11607,"height":2512,"caption":"Animex"},"image":{"@id":"https:\/\/animex.info\/#\/schema\/logo\/image\/"}}]}},"_links":{"self":[{"href":"https:\/\/animex.info\/en\/wp-json\/wp\/v2\/pages\/30079","targetHints":{"allow":["GET"]}}],"collection":[{"href":"https:\/\/animex.info\/en\/wp-json\/wp\/v2\/pages"}],"about":[{"href":"https:\/\/animex.info\/en\/wp-json\/wp\/v2\/types\/page"}],"author":[{"embeddable":true,"href":"https:\/\/animex.info\/en\/wp-json\/wp\/v2\/users\/1"}],"replies":[{"embeddable":true,"href":"https:\/\/animex.info\/en\/wp-json\/wp\/v2\/comments?post=30079"}],"version-history":[{"count":10,"href":"https:\/\/animex.info\/en\/wp-json\/wp\/v2\/pages\/30079\/revisions"}],"predecessor-version":[{"id":30746,"href":"https:\/\/animex.info\/en\/wp-json\/wp\/v2\/pages\/30079\/revisions\/30746"}],"wp:attachment":[{"href":"https:\/\/animex.info\/en\/wp-json\/wp\/v2\/media?parent=30079"}],"curies":[{"name":"wp","href":"https:\/\/api.w.org\/{rel}","templated":true}]}}