{"id":27385,"date":"2023-01-18T18:44:46","date_gmt":"2023-01-18T18:44:46","guid":{"rendered":"https:\/\/avato.peerduck.com\/?page_id=27385"},"modified":"2025-07-24T06:52:58","modified_gmt":"2025-07-24T11:52:58","slug":"a-propos-et-notre-equipe","status":"publish","type":"page","link":"https:\/\/animex.info\/en\/a-propos-et-notre-equipe\/","title":{"rendered":"\u00c0 Propos et notre \u00e9quipe"},"content":{"rendered":"<div data-elementor-type=\"wp-page\" data-elementor-id=\"27385\" class=\"elementor elementor-27385\">\n\t\t\t\t\t\t<section class=\"elementor-section elementor-top-section elementor-element elementor-element-1d9a8c3 elementor-section-content-bottom elementor-section-boxed elementor-section-height-default elementor-section-height-default\" data-id=\"1d9a8c3\" data-element_type=\"section\" data-settings=\"{&quot;background_background&quot;:&quot;classic&quot;}\">\n\t\t\t\t\t\t\t<div class=\"elementor-background-overlay\"><\/div>\n\t\t\t\t\t\t\t<div class=\"elementor-container elementor-column-gap-custom\">\n\t\t\t\t\t<div class=\"elementor-column elementor-col-100 elementor-top-column elementor-element elementor-element-ae218dc elementor-invisible\" data-id=\"ae218dc\" data-element_type=\"column\" data-settings=\"{&quot;animation&quot;:&quot;fadeIn&quot;}\">\n\t\t\t<div class=\"elementor-widget-wrap elementor-element-populated\">\n\t\t\t\t\t\t<section class=\"elementor-section elementor-inner-section elementor-element elementor-element-096f517 elementor-section-boxed elementor-section-height-default elementor-section-height-default\" data-id=\"096f517\" data-element_type=\"section\">\n\t\t\t\t\t\t<div class=\"elementor-container elementor-column-gap-default\">\n\t\t\t\t\t<div class=\"elementor-column elementor-col-100 elementor-inner-column elementor-element elementor-element-3a9cbb3\" data-id=\"3a9cbb3\" data-element_type=\"column\">\n\t\t\t<div class=\"elementor-widget-wrap elementor-element-populated\">\n\t\t\t\t\t\t<div class=\"elementor-element elementor-element-dd60947 elementor-widget-mobile__width-inherit elementor-widget elementor-widget-text-editor\" data-id=\"dd60947\" data-element_type=\"widget\" data-widget_type=\"text-editor.default\">\n\t\t\t\t<div class=\"elementor-widget-container\">\n\t\t\t\t\t\t\t\t\t<p>Our team of passionate individuals <\/p>\t\t\t\t\t\t\t\t<\/div>\n\t\t\t\t<\/div>\n\t\t\t\t<div class=\"elementor-element elementor-element-c941579 elementor-widget elementor-widget-text-editor\" data-id=\"c941579\" data-element_type=\"widget\" data-widget_type=\"text-editor.default\">\n\t\t\t\t<div class=\"elementor-widget-container\">\n\t\t\t\t\t\t\t\t\t<p>At Animex, our employees are our greatest asset. They are passionate about their work and contribute every day to the success of our mission. Discover the profiles of the women who, through their expertise and dedication, drive our company forward.<\/p>\t\t\t\t\t\t\t\t<\/div>\n\t\t\t\t<\/div>\n\t\t\t\t\t<\/div>\n\t\t<\/div>\n\t\t\t\t\t<\/div>\n\t\t<\/section>\n\t\t\t\t\t<\/div>\n\t\t<\/div>\n\t\t\t\t\t<\/div>\n\t\t<\/section>\n\t\t\t\t<section class=\"elementor-section elementor-top-section elementor-element elementor-element-0100f32 elementor-section-boxed elementor-section-height-default elementor-section-height-default\" data-id=\"0100f32\" data-element_type=\"section\" data-settings=\"{&quot;background_background&quot;:&quot;classic&quot;}\">\n\t\t\t\t\t\t\t<div class=\"elementor-background-overlay\"><\/div>\n\t\t\t\t\t\t\t<div class=\"elementor-container elementor-column-gap-default\">\n\t\t\t\t\t<div class=\"elementor-column elementor-col-100 elementor-top-column elementor-element elementor-element-716ce85\" data-id=\"716ce85\" data-element_type=\"column\">\n\t\t\t<div class=\"elementor-widget-wrap elementor-element-populated\">\n\t\t\t\t\t\t<section class=\"elementor-section elementor-inner-section elementor-element elementor-element-ac4a027 elementor-section-full_width elementor-section-height-default elementor-section-height-default elementor-invisible\" data-id=\"ac4a027\" data-element_type=\"section\" data-settings=\"{&quot;animation&quot;:&quot;fadeIn&quot;}\">\n\t\t\t\t\t\t<div class=\"elementor-container elementor-column-gap-no\">\n\t\t\t\t\t<div class=\"elementor-column elementor-col-33 elementor-inner-column elementor-element elementor-element-1b21b25 elementor-invisible\" data-id=\"1b21b25\" data-element_type=\"column\" data-settings=\"{&quot;background_background&quot;:&quot;classic&quot;,&quot;animation&quot;:&quot;fadeIn&quot;}\">\n\t\t\t<div class=\"elementor-widget-wrap elementor-element-populated\">\n\t\t\t\t\t\t<div class=\"elementor-element elementor-element-29c8eaf elementor-widget elementor-widget-image\" data-id=\"29c8eaf\" data-element_type=\"widget\" data-widget_type=\"image.default\">\n\t\t\t\t<div class=\"elementor-widget-container\">\n\t\t\t\t\t\t\t\t\t\t\t\t\t\t\t<img fetchpriority=\"high\" decoding=\"async\" width=\"768\" height=\"1024\" src=\"https:\/\/animex.info\/wp-content\/uploads\/2025\/01\/Andree-Ricky.jpeg\" class=\"attachment-large size-large wp-image-30365\" alt=\"\" srcset=\"https:\/\/animex.info\/wp-content\/uploads\/2025\/01\/Andree-Ricky.jpeg 768w, https:\/\/animex.info\/wp-content\/uploads\/2025\/01\/Andree-Ricky-225x300.jpeg 225w\" sizes=\"(max-width: 768px) 100vw, 768px\" \/>\t\t\t\t\t\t\t\t\t\t\t\t\t\t\t<\/div>\n\t\t\t\t<\/div>\n\t\t\t\t<div class=\"elementor-element elementor-element-43cdc6e elementor-widget elementor-widget-heading\" data-id=\"43cdc6e\" data-element_type=\"widget\" data-widget_type=\"heading.default\">\n\t\t\t\t<div class=\"elementor-widget-container\">\n\t\t\t\t\t<h2 class=\"elementor-heading-title elementor-size-default\">Co-owner<\/h2>\t\t\t\t<\/div>\n\t\t\t\t<\/div>\n\t\t\t\t<div class=\"elementor-element elementor-element-504dba7 elementor-widget__width-inherit elementor-widget elementor-widget-heading\" data-id=\"504dba7\" data-element_type=\"widget\" data-widget_type=\"heading.default\">\n\t\t\t\t<div class=\"elementor-widget-container\">\n\t\t\t\t\t<h2 class=\"elementor-heading-title elementor-size-default\">Andr\u00e9e<\/h2>\t\t\t\t<\/div>\n\t\t\t\t<\/div>\n\t\t\t\t<div class=\"elementor-element elementor-element-9ad458b elementor-widget elementor-widget-text-editor\" data-id=\"9ad458b\" data-element_type=\"widget\" data-widget_type=\"text-editor.default\">\n\t\t\t\t<div class=\"elementor-widget-container\">\n\t\t\t\t\t\t\t\t\t<p>The co-owner is fully invested in every project she undertakes. Her passion for her work is evident and reflected in the energy and enthusiasm she shares with the entire team. A veterinary technician for over 15 years, she possesses remarkable expertise, particularly with dogs, and excels in managing aggressive or fearful animals. Her compassionate approach and know-how make her a valuable asset to the company and a true role model for her colleagues. Andr\u00e9e has a dog, a cat, and a bird: Lincoln, Nalah, and Zazz.<\/p>\t\t\t\t\t\t\t\t<\/div>\n\t\t\t\t<\/div>\n\t\t\t\t\t<\/div>\n\t\t<\/div>\n\t\t\t\t<div class=\"elementor-column elementor-col-33 elementor-inner-column elementor-element elementor-element-6a59b6f elementor-invisible\" data-id=\"6a59b6f\" data-element_type=\"column\" data-settings=\"{&quot;animation&quot;:&quot;fadeIn&quot;}\">\n\t\t\t<div class=\"elementor-widget-wrap elementor-element-populated\">\n\t\t\t\t\t\t<div class=\"elementor-element elementor-element-0aa6626 elementor-widget elementor-widget-image\" data-id=\"0aa6626\" data-element_type=\"widget\" data-widget_type=\"image.default\">\n\t\t\t\t<div class=\"elementor-widget-container\">\n\t\t\t\t\t\t\t\t\t\t\t\t\t\t\t<img decoding=\"async\" width=\"819\" height=\"1024\" src=\"https:\/\/animex.info\/wp-content\/uploads\/2025\/01\/Dom-819x1024.jpg\" class=\"attachment-large size-large wp-image-30585\" alt=\"\" srcset=\"https:\/\/animex.info\/wp-content\/uploads\/2025\/01\/Dom-819x1024.jpg 819w, https:\/\/animex.info\/wp-content\/uploads\/2025\/01\/Dom-240x300.jpg 240w, https:\/\/animex.info\/wp-content\/uploads\/2025\/01\/Dom-768x960.jpg 768w, https:\/\/animex.info\/wp-content\/uploads\/2025\/01\/Dom.jpg 1200w\" sizes=\"(max-width: 819px) 100vw, 819px\" \/>\t\t\t\t\t\t\t\t\t\t\t\t\t\t\t<\/div>\n\t\t\t\t<\/div>\n\t\t\t\t<div class=\"elementor-element elementor-element-e373630 elementor-widget elementor-widget-heading\" data-id=\"e373630\" data-element_type=\"widget\" data-widget_type=\"heading.default\">\n\t\t\t\t<div class=\"elementor-widget-container\">\n\t\t\t\t\t<h2 class=\"elementor-heading-title elementor-size-default\">Employee<\/h2>\t\t\t\t<\/div>\n\t\t\t\t<\/div>\n\t\t\t\t<div class=\"elementor-element elementor-element-8ff2c0c elementor-widget__width-inherit elementor-widget elementor-widget-heading\" data-id=\"8ff2c0c\" data-element_type=\"widget\" data-widget_type=\"heading.default\">\n\t\t\t\t<div class=\"elementor-widget-container\">\n\t\t\t\t\t<h2 class=\"elementor-heading-title elementor-size-default\">Dominique<\/h2>\t\t\t\t<\/div>\n\t\t\t\t<\/div>\n\t\t\t\t<div class=\"elementor-element elementor-element-8fcf53a elementor-widget elementor-widget-text-editor\" data-id=\"8fcf53a\" data-element_type=\"widget\" data-widget_type=\"text-editor.default\">\n\t\t\t\t<div class=\"elementor-widget-container\">\n\t\t\t\t\t\t\t\t\t<p>She began her journey as a volunteer at an animal shelter before joining Animex in 2020, where she works tirelessly to simplify the lives of pet owners and their companions. Driven by deep respect for animals and their owners, she demonstrates attentive listening and great empathy, ensuring a positive and personalized experience at every step. Passionate about cats, she has a special talent for understanding their needs and building a trusting relationship while respecting their boundaries and emotions. Her compassionate approach and dedication make her a valuable pillar of our team. Dominique has 3 cats: Aby, Charlot, and Mouxy.<\/p>\t\t\t\t\t\t\t\t<\/div>\n\t\t\t\t<\/div>\n\t\t\t\t\t<\/div>\n\t\t<\/div>\n\t\t\t\t<div class=\"elementor-column elementor-col-33 elementor-inner-column elementor-element elementor-element-b753cb8 elementor-invisible\" data-id=\"b753cb8\" data-element_type=\"column\" data-settings=\"{&quot;background_background&quot;:&quot;classic&quot;,&quot;animation&quot;:&quot;fadeIn&quot;}\">\n\t\t\t<div class=\"elementor-widget-wrap elementor-element-populated\">\n\t\t\t\t\t\t<div class=\"elementor-element elementor-element-9737d9e elementor-widget elementor-widget-image\" data-id=\"9737d9e\" data-element_type=\"widget\" data-widget_type=\"image.default\">\n\t\t\t\t<div class=\"elementor-widget-container\">\n\t\t\t\t\t\t\t\t\t\t\t\t\t\t\t<img decoding=\"async\" width=\"1199\" height=\"1599\" src=\"https:\/\/animex.info\/wp-content\/uploads\/2025\/01\/Agathe.jpg\" class=\"attachment-large size-large wp-image-30810\" alt=\"\" srcset=\"https:\/\/animex.info\/wp-content\/uploads\/2025\/01\/Agathe.jpg 1290w, https:\/\/animex.info\/wp-content\/uploads\/2025\/01\/Agathe-225x300.jpg 225w, https:\/\/animex.info\/wp-content\/uploads\/2025\/01\/Agathe-768x1024.jpg 768w, https:\/\/animex.info\/wp-content\/uploads\/2025\/01\/Agathe-1152x1536.jpg 1152w\" sizes=\"(max-width: 1199px) 100vw, 1199px\" \/>\t\t\t\t\t\t\t\t\t\t\t\t\t\t\t<\/div>\n\t\t\t\t<\/div>\n\t\t\t\t<div class=\"elementor-element elementor-element-8546cd4 elementor-widget elementor-widget-heading\" data-id=\"8546cd4\" data-element_type=\"widget\" data-widget_type=\"heading.default\">\n\t\t\t\t<div class=\"elementor-widget-container\">\n\t\t\t\t\t<h2 class=\"elementor-heading-title elementor-size-default\">Employee\n<\/h2>\t\t\t\t<\/div>\n\t\t\t\t<\/div>\n\t\t\t\t<div class=\"elementor-element elementor-element-21d8c46 elementor-widget__width-inherit elementor-widget elementor-widget-heading\" data-id=\"21d8c46\" data-element_type=\"widget\" data-widget_type=\"heading.default\">\n\t\t\t\t<div class=\"elementor-widget-container\">\n\t\t\t\t\t<h2 class=\"elementor-heading-title elementor-size-default\">Agathe<\/h2>\t\t\t\t<\/div>\n\t\t\t\t<\/div>\n\t\t\t\t<div class=\"elementor-element elementor-element-a833262 elementor-widget elementor-widget-text-editor\" data-id=\"a833262\" data-element_type=\"widget\" data-widget_type=\"text-editor.default\">\n\t\t\t\t<div class=\"elementor-widget-container\">\n\t\t\t\t\t\t\t\t\t<p>From a young age, she has always had a true passion for animals, and this affinity naturally transformed into expertise. Whether it's containing an animal or lifting a large dog, she is always ready to meet every need with skill and calmness. Always available and determined, she doesn\u2019t hesitate to dedicate the necessary time to ensure the well-being of the animals, never counting the hours when it comes to helping them. Agathe has 1 dog: Mira.\u00a0<\/p>\t\t\t\t\t\t\t\t<\/div>\n\t\t\t\t<\/div>\n\t\t\t\t\t<\/div>\n\t\t<\/div>\n\t\t\t\t\t<\/div>\n\t\t<\/section>\n\t\t\t\t\t<\/div>\n\t\t<\/div>\n\t\t\t\t\t<\/div>\n\t\t<\/section>\n\t\t\t\t<\/div>","protected":false},"excerpt":{"rendered":"<p>Notre \u00e9quipe de passionn\u00e9es Chez Animex, nos employ\u00e9es sont notre plus grande richesse. Elles sont passionn\u00e9es par\u00a0 leur travail et contribuent chaque jour \u00e0 la r\u00e9ussite de notre mission. D\u00e9couvrez les profils\u00a0 des femmes qui, par leur expertise et leur engagement, font avancer notre entreprise. copropri\u00e9taire Andr\u00e9e La copropri\u00e9taire s&rsquo;investit pleinement dans chaque projet qu&rsquo;elle [&hellip;]<\/p>","protected":false},"author":1,"featured_media":0,"parent":0,"menu_order":0,"comment_status":"closed","ping_status":"closed","template":"page-templates\/template-full-width-page-without-header-title-second.php","meta":{"footnotes":""},"class_list":["post-27385","page","type-page","status-publish","hentry"],"yoast_head":"<!-- This site is optimized with the Yoast SEO plugin v24.3 - https:\/\/yoast.com\/wordpress\/plugins\/seo\/ -->\n<title>\u00c0 Propos d\u2019Animex - un \u00e9quipe passionn\u00e9e pour le bien-\u00eatre animal<\/title>\n<meta name=\"description\" content=\"D\u00e9couvrez l\u2019\u00e9quipe d\u2019Animex, des professionnelles d\u00e9vou\u00e9es au bien-\u00eatre des animaux. Expertise, passion et soins personnalis\u00e9s.\" \/>\n<meta name=\"robots\" content=\"index, follow, max-snippet:-1, max-image-preview:large, max-video-preview:-1\" \/>\n<link rel=\"canonical\" href=\"https:\/\/animex.info\/en\/a-propos-et-notre-equipe\/\" \/>\n<meta property=\"og:locale\" content=\"en_US\" \/>\n<meta property=\"og:type\" content=\"article\" \/>\n<meta property=\"og:title\" content=\"\u00c0 Propos d\u2019Animex - un \u00e9quipe passionn\u00e9e pour le bien-\u00eatre animal\" \/>\n<meta property=\"og:description\" content=\"D\u00e9couvrez l\u2019\u00e9quipe d\u2019Animex, des professionnelles d\u00e9vou\u00e9es au bien-\u00eatre des animaux. Expertise, passion et soins personnalis\u00e9s.\" \/>\n<meta property=\"og:url\" content=\"https:\/\/animex.info\/en\/a-propos-et-notre-equipe\/\" \/>\n<meta property=\"og:site_name\" content=\"Animex\" \/>\n<meta property=\"article:modified_time\" content=\"2025-07-24T11:52:58+00:00\" \/>\n<meta property=\"og:image\" content=\"https:\/\/animex.info\/wp-content\/uploads\/2025\/01\/Andree-Ricky.jpeg\" \/>\n\t<meta property=\"og:image:width\" content=\"768\" \/>\n\t<meta property=\"og:image:height\" content=\"1024\" \/>\n\t<meta property=\"og:image:type\" content=\"image\/jpeg\" \/>\n<meta name=\"twitter:card\" content=\"summary_large_image\" \/>\n<meta name=\"twitter:label1\" content=\"Est. reading time\" \/>\n\t<meta name=\"twitter:data1\" content=\"3 minutes\" \/>\n<script type=\"application\/ld+json\" class=\"yoast-schema-graph\">{\"@context\":\"https:\/\/schema.org\",\"@graph\":[{\"@type\":\"WebPage\",\"@id\":\"https:\/\/animex.info\/a-propos-et-notre-equipe\/\",\"url\":\"https:\/\/animex.info\/a-propos-et-notre-equipe\/\",\"name\":\"\u00c0 Propos d\u2019Animex - un \u00e9quipe passionn\u00e9e pour le bien-\u00eatre animal\",\"isPartOf\":{\"@id\":\"https:\/\/animex.info\/#website\"},\"primaryImageOfPage\":{\"@id\":\"https:\/\/animex.info\/a-propos-et-notre-equipe\/#primaryimage\"},\"image\":{\"@id\":\"https:\/\/animex.info\/a-propos-et-notre-equipe\/#primaryimage\"},\"thumbnailUrl\":\"https:\/\/animex.info\/wp-content\/uploads\/2025\/01\/Andree-Ricky.jpeg\",\"datePublished\":\"2023-01-18T18:44:46+00:00\",\"dateModified\":\"2025-07-24T11:52:58+00:00\",\"description\":\"D\u00e9couvrez l\u2019\u00e9quipe d\u2019Animex, des professionnelles d\u00e9vou\u00e9es au bien-\u00eatre des animaux. Expertise, passion et soins personnalis\u00e9s.\",\"breadcrumb\":{\"@id\":\"https:\/\/animex.info\/a-propos-et-notre-equipe\/#breadcrumb\"},\"inLanguage\":\"en-CA\",\"potentialAction\":[{\"@type\":\"ReadAction\",\"target\":[\"https:\/\/animex.info\/a-propos-et-notre-equipe\/\"]}]},{\"@type\":\"ImageObject\",\"inLanguage\":\"en-CA\",\"@id\":\"https:\/\/animex.info\/a-propos-et-notre-equipe\/#primaryimage\",\"url\":\"https:\/\/animex.info\/wp-content\/uploads\/2025\/01\/Andree-Ricky.jpeg\",\"contentUrl\":\"https:\/\/animex.info\/wp-content\/uploads\/2025\/01\/Andree-Ricky.jpeg\"},{\"@type\":\"BreadcrumbList\",\"@id\":\"https:\/\/animex.info\/a-propos-et-notre-equipe\/#breadcrumb\",\"itemListElement\":[{\"@type\":\"ListItem\",\"position\":1,\"name\":\"Home\",\"item\":\"https:\/\/animex.info\/\"},{\"@type\":\"ListItem\",\"position\":2,\"name\":\"\u00c0 Propos et notre \u00e9quipe\"}]},{\"@type\":\"WebSite\",\"@id\":\"https:\/\/animex.info\/#website\",\"url\":\"https:\/\/animex.info\/\",\"name\":\"Animex\",\"description\":\"\",\"publisher\":{\"@id\":\"https:\/\/animex.info\/#organization\"},\"potentialAction\":[{\"@type\":\"SearchAction\",\"target\":{\"@type\":\"EntryPoint\",\"urlTemplate\":\"https:\/\/animex.info\/?s={search_term_string}\"},\"query-input\":{\"@type\":\"PropertyValueSpecification\",\"valueRequired\":true,\"valueName\":\"search_term_string\"}}],\"inLanguage\":\"en-CA\"},{\"@type\":\"Organization\",\"@id\":\"https:\/\/animex.info\/#organization\",\"name\":\"Animex\",\"url\":\"https:\/\/animex.info\/\",\"logo\":{\"@type\":\"ImageObject\",\"inLanguage\":\"en-CA\",\"@id\":\"https:\/\/animex.info\/#\/schema\/logo\/image\/\",\"url\":\"https:\/\/animex.info\/wp-content\/uploads\/2025\/01\/animex-logo-2025.png\",\"contentUrl\":\"https:\/\/animex.info\/wp-content\/uploads\/2025\/01\/animex-logo-2025.png\",\"width\":11607,\"height\":2512,\"caption\":\"Animex\"},\"image\":{\"@id\":\"https:\/\/animex.info\/#\/schema\/logo\/image\/\"}}]}<\/script>\n<!-- \/ Yoast SEO plugin. -->","yoast_head_json":{"title":"\u00c0 Propos d\u2019Animex - un \u00e9quipe passionn\u00e9e pour le bien-\u00eatre animal","description":"D\u00e9couvrez l\u2019\u00e9quipe d\u2019Animex, des professionnelles d\u00e9vou\u00e9es au bien-\u00eatre des animaux. Expertise, passion et soins personnalis\u00e9s.","robots":{"index":"index","follow":"follow","max-snippet":"max-snippet:-1","max-image-preview":"max-image-preview:large","max-video-preview":"max-video-preview:-1"},"canonical":"https:\/\/animex.info\/en\/a-propos-et-notre-equipe\/","og_locale":"en_US","og_type":"article","og_title":"\u00c0 Propos d\u2019Animex - un \u00e9quipe passionn\u00e9e pour le bien-\u00eatre animal","og_description":"D\u00e9couvrez l\u2019\u00e9quipe d\u2019Animex, des professionnelles d\u00e9vou\u00e9es au bien-\u00eatre des animaux. Expertise, passion et soins personnalis\u00e9s.","og_url":"https:\/\/animex.info\/en\/a-propos-et-notre-equipe\/","og_site_name":"Animex","article_modified_time":"2025-07-24T11:52:58+00:00","og_image":[{"width":768,"height":1024,"url":"https:\/\/animex.info\/wp-content\/uploads\/2025\/01\/Andree-Ricky.jpeg","type":"image\/jpeg"}],"twitter_card":"summary_large_image","twitter_misc":{"Est. reading time":"3 minutes"},"schema":{"@context":"https:\/\/schema.org","@graph":[{"@type":"WebPage","@id":"https:\/\/animex.info\/a-propos-et-notre-equipe\/","url":"https:\/\/animex.info\/a-propos-et-notre-equipe\/","name":"\u00c0 Propos d\u2019Animex - un \u00e9quipe passionn\u00e9e pour le bien-\u00eatre animal","isPartOf":{"@id":"https:\/\/animex.info\/#website"},"primaryImageOfPage":{"@id":"https:\/\/animex.info\/a-propos-et-notre-equipe\/#primaryimage"},"image":{"@id":"https:\/\/animex.info\/a-propos-et-notre-equipe\/#primaryimage"},"thumbnailUrl":"https:\/\/animex.info\/wp-content\/uploads\/2025\/01\/Andree-Ricky.jpeg","datePublished":"2023-01-18T18:44:46+00:00","dateModified":"2025-07-24T11:52:58+00:00","description":"D\u00e9couvrez l\u2019\u00e9quipe d\u2019Animex, des professionnelles d\u00e9vou\u00e9es au bien-\u00eatre des animaux. Expertise, passion et soins personnalis\u00e9s.","breadcrumb":{"@id":"https:\/\/animex.info\/a-propos-et-notre-equipe\/#breadcrumb"},"inLanguage":"en-CA","potentialAction":[{"@type":"ReadAction","target":["https:\/\/animex.info\/a-propos-et-notre-equipe\/"]}]},{"@type":"ImageObject","inLanguage":"en-CA","@id":"https:\/\/animex.info\/a-propos-et-notre-equipe\/#primaryimage","url":"https:\/\/animex.info\/wp-content\/uploads\/2025\/01\/Andree-Ricky.jpeg","contentUrl":"https:\/\/animex.info\/wp-content\/uploads\/2025\/01\/Andree-Ricky.jpeg"},{"@type":"BreadcrumbList","@id":"https:\/\/animex.info\/a-propos-et-notre-equipe\/#breadcrumb","itemListElement":[{"@type":"ListItem","position":1,"name":"Home","item":"https:\/\/animex.info\/"},{"@type":"ListItem","position":2,"name":"\u00c0 Propos et notre \u00e9quipe"}]},{"@type":"WebSite","@id":"https:\/\/animex.info\/#website","url":"https:\/\/animex.info\/","name":"Animex","description":"","publisher":{"@id":"https:\/\/animex.info\/#organization"},"potentialAction":[{"@type":"SearchAction","target":{"@type":"EntryPoint","urlTemplate":"https:\/\/animex.info\/?s={search_term_string}"},"query-input":{"@type":"PropertyValueSpecification","valueRequired":true,"valueName":"search_term_string"}}],"inLanguage":"en-CA"},{"@type":"Organization","@id":"https:\/\/animex.info\/#organization","name":"Animex","url":"https:\/\/animex.info\/","logo":{"@type":"ImageObject","inLanguage":"en-CA","@id":"https:\/\/animex.info\/#\/schema\/logo\/image\/","url":"https:\/\/animex.info\/wp-content\/uploads\/2025\/01\/animex-logo-2025.png","contentUrl":"https:\/\/animex.info\/wp-content\/uploads\/2025\/01\/animex-logo-2025.png","width":11607,"height":2512,"caption":"Animex"},"image":{"@id":"https:\/\/animex.info\/#\/schema\/logo\/image\/"}}]}},"_links":{"self":[{"href":"https:\/\/animex.info\/en\/wp-json\/wp\/v2\/pages\/27385","targetHints":{"allow":["GET"]}}],"collection":[{"href":"https:\/\/animex.info\/en\/wp-json\/wp\/v2\/pages"}],"about":[{"href":"https:\/\/animex.info\/en\/wp-json\/wp\/v2\/types\/page"}],"author":[{"embeddable":true,"href":"https:\/\/animex.info\/en\/wp-json\/wp\/v2\/users\/1"}],"replies":[{"embeddable":true,"href":"https:\/\/animex.info\/en\/wp-json\/wp\/v2\/comments?post=27385"}],"version-history":[{"count":37,"href":"https:\/\/animex.info\/en\/wp-json\/wp\/v2\/pages\/27385\/revisions"}],"predecessor-version":[{"id":31347,"href":"https:\/\/animex.info\/en\/wp-json\/wp\/v2\/pages\/27385\/revisions\/31347"}],"wp:attachment":[{"href":"https:\/\/animex.info\/en\/wp-json\/wp\/v2\/media?parent=27385"}],"curies":[{"name":"wp","href":"https:\/\/api.w.org\/{rel}","templated":true}]}}